{"id":3455,"date":"2022-04-01T18:46:42","date_gmt":"2022-04-01T18:46:42","guid":{"rendered":"https:\/\/florabatava.com\/angebote\/entdecken-sie-die-region-vecht\/"},"modified":"2022-05-04T08:25:57","modified_gmt":"2022-05-04T08:25:57","slug":"entdecken-sie-die-region-vecht","status":"publish","type":"page","link":"https:\/\/florabatava.com\/de\/angebote\/entdecken-sie-die-region-vecht\/","title":{"rendered":"Entdecken Sie die Region Vecht"},"content":{"rendered":"\t\t<div data-elementor-type=\"wp-page\" data-elementor-id=\"3455\" class=\"elementor elementor-3455 elementor-1663\" data-elementor-post-type=\"page\">\n\t\t\t\t\t\t<section data-particle_enable=\"false\" data-particle-mobile-disabled=\"false\" class=\"elementor-section elementor-top-section elementor-element elementor-element-49d3c94 elementor-section-height-min-height elementor-section-items-top hero-image elementor-section-boxed elementor-section-height-default\" data-id=\"49d3c94\" data-element_type=\"section\" data-settings=\"{&quot;background_background&quot;:&quot;classic&quot;}\">\n\t\t\t\t\t\t\t<div class=\"elementor-background-overlay\"><\/div>\n\t\t\t\t\t\t\t<div class=\"elementor-container elementor-column-gap-default\">\n\t\t\t\t\t<div class=\"elementor-column elementor-col-100 elementor-top-column elementor-element elementor-element-c3ab5f1\" data-id=\"c3ab5f1\" data-element_type=\"column\">\n\t\t\t<div class=\"elementor-widget-wrap elementor-element-populated\">\n\t\t\t\t\t\t<div class=\"elementor-element elementor-element-aa295d1 elementor-widget elementor-widget-spacer\" data-id=\"aa295d1\" data-element_type=\"widget\" data-widget_type=\"spacer.default\">\n\t\t\t\t<div class=\"elementor-widget-container\">\n\t\t\t\t\t\t\t<div class=\"elementor-spacer\">\n\t\t\t<div class=\"elementor-spacer-inner\"><\/div>\n\t\t<\/div>\n\t\t\t\t\t\t<\/div>\n\t\t\t\t<\/div>\n\t\t\t\t\t<\/div>\n\t\t<\/div>\n\t\t\t\t\t<\/div>\n\t\t<\/section>\n\t\t\t\t<section data-particle_enable=\"false\" data-particle-mobile-disabled=\"false\" class=\"elementor-section elementor-top-section elementor-element elementor-element-d920345 intro-text-middle  elementor-section-full_width elementor-section-height-default elementor-section-height-default\" data-id=\"d920345\" data-element_type=\"section\">\n\t\t\t\t\t\t<div class=\"elementor-container elementor-column-gap-default\">\n\t\t\t\t\t<div class=\"elementor-column elementor-col-100 elementor-top-column elementor-element elementor-element-dac1729\" data-id=\"dac1729\" data-element_type=\"column\">\n\t\t\t<div class=\"elementor-widget-wrap elementor-element-populated\">\n\t\t\t\t\t\t<div class=\"elementor-element elementor-element-2da8a94 elementor-widget elementor-widget-heading\" data-id=\"2da8a94\" data-element_type=\"widget\" data-widget_type=\"heading.default\">\n\t\t\t\t<div class=\"elementor-widget-container\">\n\t\t\t\t\t<h1 class=\"elementor-heading-title elementor-size-default\">ENTDECKEN SIE DIE VECHTREGION<\/h1>\t\t\t\t<\/div>\n\t\t\t\t<\/div>\n\t\t\t\t<div class=\"elementor-element elementor-element-75f1734 elementor-widget elementor-widget-heading\" data-id=\"75f1734\" data-element_type=\"widget\" data-widget_type=\"heading.default\">\n\t\t\t\t<div class=\"elementor-widget-container\">\n\t\t\t\t\t<h3 class=\"elementor-heading-title elementor-size-default\">Angebot<\/h3>\t\t\t\t<\/div>\n\t\t\t\t<\/div>\n\t\t\t\t<div class=\"elementor-element elementor-element-41dc481 elementor-widget elementor-widget-text-editor\" data-id=\"41dc481\" data-element_type=\"widget\" data-widget_type=\"text-editor.default\">\n\t\t\t\t<div class=\"elementor-widget-container\">\n\t\t\t\t\t\t\t\t\t<p>Die Region Vecht hat viel zu bieten. Mit diesem Paket (4 N\u00e4chte zum Preis von 3) haben Sie Zeit, die Region Vecht wirklich kennenzulernen. Besichtigen Sie die Landg\u00fcter, Schl\u00f6sser, Burgen und M\u00fchlen mit dem Fahrrad, zu Fu\u00df oder mit dem Schiff. Weitere Aktivit\u00e4ten in der Region finden Sie auf unserer Aktivit\u00e4ten-Seite. (Diese Pauschale ist mit Anreise Sonntag und Montag buchbar).<\/p>\n<p>ab 499,-<\/p>\n\t\t\t\t\t\t\t\t<\/div>\n\t\t\t\t<\/div>\n\t\t\t\t<div class=\"elementor-element elementor-element-720c9e07 elementor-align-center beige-btn ohm-bw-submit ohm-mews-ontdek-de-vechtstreek elementor-widget elementor-widget-button\" data-id=\"720c9e07\" data-element_type=\"widget\" data-widget_type=\"button.default\">\n\t\t\t\t<div class=\"elementor-widget-container\">\n\t\t\t\t\t\t\t\t\t<div class=\"elementor-button-wrapper\">\n\t\t\t\t\t<a class=\"elementor-button elementor-button-link elementor-size-sm\" href=\"#\">\n\t\t\t\t\t\t<span class=\"elementor-button-content-wrapper\">\n\t\t\t\t\t\t\t\t\t<span class=\"elementor-button-text\">BUCHEN SIE JETZT<\/span>\n\t\t\t\t\t<\/span>\n\t\t\t\t\t<\/a>\n\t\t\t\t<\/div>\n\t\t\t\t\t\t\t\t<\/div>\n\t\t\t\t<\/div>\n\t\t\t\t\t<\/div>\n\t\t<\/div>\n\t\t\t\t\t<\/div>\n\t\t<\/section>\n\t\t\t\t<section data-particle_enable=\"false\" data-particle-mobile-disabled=\"false\" class=\"elementor-section elementor-top-section elementor-element elementor-element-3cf726c text-left-img-right-out ohm-section-standard-padding elementor-section-boxed elementor-section-height-default elementor-section-height-default\" data-id=\"3cf726c\" data-element_type=\"section\" data-settings=\"{&quot;background_background&quot;:&quot;classic&quot;}\">\n\t\t\t\t\t\t<div class=\"elementor-container elementor-column-gap-default\">\n\t\t\t\t\t<div class=\"elementor-column elementor-col-100 elementor-top-column elementor-element elementor-element-26e1dc3 ohm-background-img-left\" data-id=\"26e1dc3\" data-element_type=\"column\" data-settings=\"{&quot;background_background&quot;:&quot;classic&quot;}\">\n\t\t\t<div class=\"elementor-widget-wrap elementor-element-populated\">\n\t\t\t\t\t\t<section data-particle_enable=\"false\" data-particle-mobile-disabled=\"false\" class=\"elementor-section elementor-inner-section elementor-element elementor-element-e34e41f text-left-img-right-in elementor-reverse-tablet elementor-reverse-mobile elementor-section-boxed elementor-section-height-default elementor-section-height-default\" data-id=\"e34e41f\" data-element_type=\"section\">\n\t\t\t\t\t\t<div class=\"elementor-container elementor-column-gap-default\">\n\t\t\t\t\t<div class=\"elementor-column elementor-col-50 elementor-inner-column elementor-element elementor-element-2c7b8fc text-left\" data-id=\"2c7b8fc\" data-element_type=\"column\" data-settings=\"{&quot;background_background&quot;:&quot;classic&quot;}\">\n\t\t\t<div class=\"elementor-widget-wrap elementor-element-populated\">\n\t\t\t\t\t\t<div class=\"elementor-element elementor-element-00f0d33 elementor-widget elementor-widget-heading\" data-id=\"00f0d33\" data-element_type=\"widget\" data-widget_type=\"heading.default\">\n\t\t\t\t<div class=\"elementor-widget-container\">\n\t\t\t\t\t<h4 class=\"elementor-heading-title elementor-size-default\"> EINSCHLIESSLICH<\/h4>\t\t\t\t<\/div>\n\t\t\t\t<\/div>\n\t\t\t\t<div class=\"elementor-element elementor-element-af5b7e9 elementor-widget elementor-widget-text-editor\" data-id=\"af5b7e9\" data-element_type=\"widget\" data-widget_type=\"text-editor.default\">\n\t\t\t\t<div class=\"elementor-widget-container\">\n\t\t\t\t\t\t\t\t\t<p>-Vier N\u00e4chte zum Preis von drei N\u00e4chten<\/p>\n<p>&#8211; Vier Fr\u00fchst\u00fccke f\u00fcr 2 Personen<\/p>\n\t\t\t\t\t\t\t\t<\/div>\n\t\t\t\t<\/div>\n\t\t\t\t\t<\/div>\n\t\t<\/div>\n\t\t\t\t<div class=\"elementor-column elementor-col-50 elementor-inner-column elementor-element elementor-element-7de1eb7 img-right\" data-id=\"7de1eb7\" data-element_type=\"column\">\n\t\t\t<div class=\"elementor-widget-wrap elementor-element-populated\">\n\t\t\t\t\t\t<div class=\"elementor-element elementor-element-b537485 elementor-pagination-position-inside elementor-arrows-position-inside elementor-widget elementor-widget-image-carousel\" data-id=\"b537485\" data-element_type=\"widget\" data-settings=\"{&quot;slides_to_show&quot;:&quot;1&quot;,&quot;autoplay&quot;:&quot;no&quot;,&quot;navigation&quot;:&quot;both&quot;,&quot;infinite&quot;:&quot;yes&quot;,&quot;effect&quot;:&quot;slide&quot;,&quot;speed&quot;:500}\" data-widget_type=\"image-carousel.default\">\n\t\t\t\t<div class=\"elementor-widget-container\">\n\t\t\t\t\t\t\t<div class=\"elementor-image-carousel-wrapper swiper\" role=\"region\" aria-roledescription=\"carousel\" aria-label=\"Bild Karussell\" dir=\"ltr\">\n\t\t\t<div class=\"elementor-image-carousel swiper-wrapper\" aria-live=\"polite\">\n\t\t\t\t\t\t\t\t<div class=\"swiper-slide\" role=\"group\" aria-roledescription=\"slide\" aria-label=\"1 von 6\"><a data-elementor-open-lightbox=\"yes\" data-elementor-lightbox-slideshow=\"b537485\" data-elementor-lightbox-title=\"Loosdrechtse Plassen - Hotel Flora Batava\" data-e-action-hash=\"#elementor-action%3Aaction%3Dlightbox%26settings%3DeyJpZCI6MTk3OCwidXJsIjoiaHR0cHM6XC9cL2Zsb3JhYmF0YXZhLmNvbVwvd3AtY29udGVudFwvdXBsb2Fkc1wvMjAyMFwvMTFcL0xvb3NkcmVjaHRzZS1wbGFzc2VuLS1zY2FsZWQuanBnIiwic2xpZGVzaG93IjoiYjUzNzQ4NSJ9\" href=\"https:\/\/florabatava.com\/wp-content\/uploads\/2020\/11\/Loosdrechtse-plassen--scaled.jpg\"><figure class=\"swiper-slide-inner\"><img decoding=\"async\" class=\"swiper-slide-image\" src=\"https:\/\/florabatava.com\/wp-content\/uploads\/2020\/11\/Loosdrechtse-plassen--886x620.jpg\" alt=\"created by dji camera\" \/><\/figure><\/a><\/div><div class=\"swiper-slide\" role=\"group\" aria-roledescription=\"slide\" aria-label=\"2 von 6\"><a data-elementor-open-lightbox=\"yes\" data-elementor-lightbox-slideshow=\"b537485\" data-elementor-lightbox-title=\"Buitenplaats - Hotel Flora Batava\" data-e-action-hash=\"#elementor-action%3Aaction%3Dlightbox%26settings%3DeyJpZCI6MTk2MSwidXJsIjoiaHR0cHM6XC9cL2Zsb3JhYmF0YXZhLmNvbVwvd3AtY29udGVudFwvdXBsb2Fkc1wvMjAyMFwvMTFcL0J1aXRlbnBsYWF0cy0tc2NhbGVkLmpwZyIsInNsaWRlc2hvdyI6ImI1Mzc0ODUifQ%3D%3D\" href=\"https:\/\/florabatava.com\/wp-content\/uploads\/2020\/11\/Buitenplaats--scaled.jpg\"><figure class=\"swiper-slide-inner\"><img decoding=\"async\" class=\"swiper-slide-image\" src=\"https:\/\/florabatava.com\/wp-content\/uploads\/2020\/11\/Buitenplaats--886x620.jpg\" alt=\"Buitenplaats - Hotel Flora Batava\" \/><\/figure><\/a><\/div><div class=\"swiper-slide\" role=\"group\" aria-roledescription=\"slide\" aria-label=\"3 von 6\"><a data-elementor-open-lightbox=\"yes\" data-elementor-lightbox-slideshow=\"b537485\" data-elementor-lightbox-title=\"Molen Vreeland - Hotel Flora Batava\" data-e-action-hash=\"#elementor-action%3Aaction%3Dlightbox%26settings%3DeyJpZCI6MTk1NCwidXJsIjoiaHR0cHM6XC9cL2Zsb3JhYmF0YXZhLmNvbVwvd3AtY29udGVudFwvdXBsb2Fkc1wvMjAyMFwvMTFcL01vbGVuLVZyZWVsYW5kLTEtMS1zY2FsZWQuanBnIiwic2xpZGVzaG93IjoiYjUzNzQ4NSJ9\" href=\"https:\/\/florabatava.com\/wp-content\/uploads\/2020\/11\/Molen-Vreeland-1-1-scaled.jpg\"><figure class=\"swiper-slide-inner\"><img decoding=\"async\" class=\"swiper-slide-image\" src=\"https:\/\/florabatava.com\/wp-content\/uploads\/2020\/11\/Molen-Vreeland-1-1-886x620.jpg\" alt=\"Molen Vreeland - Hotel Flora Batava\" \/><\/figure><\/a><\/div><div class=\"swiper-slide\" role=\"group\" aria-roledescription=\"slide\" aria-label=\"4 von 6\"><a data-elementor-open-lightbox=\"yes\" data-elementor-lightbox-slideshow=\"b537485\" data-elementor-lightbox-title=\"Brug loenersloot - Hotel Flora Batava\" data-e-action-hash=\"#elementor-action%3Aaction%3Dlightbox%26settings%3DeyJpZCI6MzU2MCwidXJsIjoiaHR0cHM6XC9cL2Zsb3JhYmF0YXZhLmNvbVwvd3AtY29udGVudFwvdXBsb2Fkc1wvMjAyMFwvMTFcL0JydWctbG9lbmVyc2xvb3Qtc2NhbGVkLmpwZyIsInNsaWRlc2hvdyI6ImI1Mzc0ODUifQ%3D%3D\" href=\"https:\/\/florabatava.com\/wp-content\/uploads\/2020\/11\/Brug-loenersloot-scaled.jpg\"><figure class=\"swiper-slide-inner\"><img decoding=\"async\" class=\"swiper-slide-image\" src=\"https:\/\/florabatava.com\/wp-content\/uploads\/2020\/11\/Brug-loenersloot-886x620.jpg\" alt=\"Brug loenersloot - Hotel Flora Batava\" \/><\/figure><\/a><\/div><div class=\"swiper-slide\" role=\"group\" aria-roledescription=\"slide\" aria-label=\"5 von 6\"><a data-elementor-open-lightbox=\"yes\" data-elementor-lightbox-slideshow=\"b537485\" data-elementor-lightbox-title=\"kasteel zuilen vierkant - Hotel Flora Batava\" data-e-action-hash=\"#elementor-action%3Aaction%3Dlightbox%26settings%3DeyJpZCI6MTkzMywidXJsIjoiaHR0cHM6XC9cL2Zsb3JhYmF0YXZhLmNvbVwvd3AtY29udGVudFwvdXBsb2Fkc1wvMjAyMFwvMTFcL2thc3RlZWwtenVpbGVuLXZpZXJrYW50LmpwZyIsInNsaWRlc2hvdyI6ImI1Mzc0ODUifQ%3D%3D\" href=\"https:\/\/florabatava.com\/wp-content\/uploads\/2020\/11\/kasteel-zuilen-vierkant.jpg\"><figure class=\"swiper-slide-inner\"><img decoding=\"async\" class=\"swiper-slide-image\" src=\"https:\/\/florabatava.com\/wp-content\/uploads\/2020\/11\/kasteel-zuilen-vierkant-886x620.jpg\" alt=\"kasteel zuilen vierkant - Hotel Flora Batava\" \/><\/figure><\/a><\/div><div class=\"swiper-slide\" role=\"group\" aria-roledescription=\"slide\" aria-label=\"6 von 6\"><a data-elementor-open-lightbox=\"yes\" data-elementor-lightbox-slideshow=\"b537485\" data-elementor-lightbox-title=\"Fort Nieuwersluis - Hotel Flora Batava\" data-e-action-hash=\"#elementor-action%3Aaction%3Dlightbox%26settings%3DeyJpZCI6MTk3NiwidXJsIjoiaHR0cHM6XC9cL2Zsb3JhYmF0YXZhLmNvbVwvd3AtY29udGVudFwvdXBsb2Fkc1wvMjAyMFwvMTFcL2ZvcnQtbmlldXdlcnNsdWlzLTEtMS5qcGciLCJzbGlkZXNob3ciOiJiNTM3NDg1In0%3D\" href=\"https:\/\/florabatava.com\/wp-content\/uploads\/2020\/11\/fort-nieuwersluis-1-1.jpg\"><figure class=\"swiper-slide-inner\"><img decoding=\"async\" class=\"swiper-slide-image\" src=\"https:\/\/florabatava.com\/wp-content\/uploads\/2020\/11\/fort-nieuwersluis-1-1-886x620.jpg\" alt=\"Fort Nieuwersluis - Hotel Flora Batava\" \/><\/figure><\/a><\/div>\t\t\t<\/div>\n\t\t\t\t\t\t\t\t\t\t\t\t<div class=\"elementor-swiper-button elementor-swiper-button-prev\" role=\"button\" tabindex=\"0\">\n\t\t\t\t\t\t<i aria-hidden=\"true\" class=\"eicon-chevron-left\"><\/i>\t\t\t\t\t<\/div>\n\t\t\t\t\t<div class=\"elementor-swiper-button elementor-swiper-button-next\" role=\"button\" tabindex=\"0\">\n\t\t\t\t\t\t<i aria-hidden=\"true\" class=\"eicon-chevron-right\"><\/i>\t\t\t\t\t<\/div>\n\t\t\t\t\n\t\t\t\t\t\t\t\t\t<div class=\"swiper-pagination\"><\/div>\n\t\t\t\t\t\t\t\t\t<\/div>\n\t\t\t\t\t\t<\/div>\n\t\t\t\t<\/div>\n\t\t\t\t\t<\/div>\n\t\t<\/div>\n\t\t\t\t\t<\/div>\n\t\t<\/section>\n\t\t\t\t\t<\/div>\n\t\t<\/div>\n\t\t\t\t\t<\/div>\n\t\t<\/section>\n\t\t\t\t<section data-particle_enable=\"false\" data-particle-mobile-disabled=\"false\" class=\"elementor-section elementor-top-section elementor-element elementor-element-08fa50f elementor-section-boxed elementor-section-height-default elementor-section-height-default\" data-id=\"08fa50f\" data-element_type=\"section\">\n\t\t\t\t\t\t<div class=\"elementor-container elementor-column-gap-default\">\n\t\t\t\t\t<div class=\"elementor-column elementor-col-100 elementor-top-column elementor-element elementor-element-6cda580\" data-id=\"6cda580\" data-element_type=\"column\">\n\t\t\t<div class=\"elementor-widget-wrap elementor-element-populated\">\n\t\t\t\t\t\t<div class=\"elementor-element elementor-element-2e53644 elementor-widget elementor-widget-spacer\" data-id=\"2e53644\" data-element_type=\"widget\" data-widget_type=\"spacer.default\">\n\t\t\t\t<div class=\"elementor-widget-container\">\n\t\t\t\t\t\t\t<div class=\"elementor-spacer\">\n\t\t\t<div class=\"elementor-spacer-inner\"><\/div>\n\t\t<\/div>\n\t\t\t\t\t\t<\/div>\n\t\t\t\t<\/div>\n\t\t\t\t\t<\/div>\n\t\t<\/div>\n\t\t\t\t\t<\/div>\n\t\t<\/section>\n\t\t\t\t<section data-particle_enable=\"false\" data-particle-mobile-disabled=\"false\" class=\"elementor-section elementor-top-section elementor-element elementor-element-c028fda elementor-section-boxed elementor-section-height-default elementor-section-height-default\" data-id=\"c028fda\" data-element_type=\"section\">\n\t\t\t\t\t\t<div class=\"elementor-container elementor-column-gap-default\">\n\t\t\t\t\t<div class=\"elementor-column elementor-col-100 elementor-top-column elementor-element elementor-element-593fe0a\" data-id=\"593fe0a\" data-element_type=\"column\">\n\t\t\t<div class=\"elementor-widget-wrap elementor-element-populated\">\n\t\t\t\t\t\t<div class=\"elementor-element elementor-element-f23250c elementor-widget elementor-widget-spacer\" data-id=\"f23250c\" data-element_type=\"widget\" data-widget_type=\"spacer.default\">\n\t\t\t\t<div class=\"elementor-widget-container\">\n\t\t\t\t\t\t\t<div class=\"elementor-spacer\">\n\t\t\t<div class=\"elementor-spacer-inner\"><\/div>\n\t\t<\/div>\n\t\t\t\t\t\t<\/div>\n\t\t\t\t<\/div>\n\t\t\t\t\t<\/div>\n\t\t<\/div>\n\t\t\t\t\t<\/div>\n\t\t<\/section>\n\t\t\t\t<\/div>\n\t\t","protected":false},"excerpt":{"rendered":"<p>ENTDECKEN SIE DIE VECHTREGION Angebot Die Region Vecht hat viel zu bieten. Mit diesem Paket (4 N\u00e4chte zum Preis von 3) haben Sie Zeit, die Region Vecht wirklich kennenzulernen. Besichtigen Sie die Landg\u00fcter, Schl\u00f6sser, Burgen und M\u00fchlen mit dem Fahrrad, zu Fu\u00df oder mit dem Schiff. Weitere Aktivit\u00e4ten in der Region finden Sie auf unserer [&hellip;]<\/p>\n","protected":false},"author":29,"featured_media":0,"parent":3421,"menu_order":0,"comment_status":"closed","ping_status":"closed","template":"","meta":{"_acf_changed":false,"footnotes":""},"class_list":["post-3455","page","type-page","status-publish","hentry"],"acf":[],"yoast_head":"<!-- This site is optimized with the Yoast SEO plugin v26.8 - https:\/\/yoast.com\/product\/yoast-seo-wordpress\/ -->\n<title>Ontdek de Vechtstreek Arrangement - Flora Batava Nieuwersluis Breukelen<\/title>\n<meta name=\"description\" content=\"Ontdek de Vechtstreek met dit Arrangement en Ervaar al het moois van Nieuwersluis. Boek nu Vier Overnachtingen en ontvang de Vierde Nacht Gratis.\" \/>\n<meta name=\"robots\" content=\"index, follow, max-snippet:-1, max-image-preview:large, max-video-preview:-1\" \/>\n<link rel=\"canonical\" href=\"https:\/\/florabatava.com\/de\/angebote\/entdecken-sie-die-region-vecht\/\" \/>\n<meta property=\"og:locale\" content=\"de_DE\" \/>\n<meta property=\"og:type\" content=\"article\" \/>\n<meta property=\"og:title\" content=\"Ontdek de Vechtstreek Arrangement - Flora Batava Nieuwersluis Breukelen\" \/>\n<meta property=\"og:description\" content=\"Ontdek de Vechtstreek met dit Arrangement en Ervaar al het moois van Nieuwersluis. Boek nu Vier Overnachtingen en ontvang de Vierde Nacht Gratis.\" \/>\n<meta property=\"og:url\" content=\"https:\/\/florabatava.com\/de\/angebote\/entdecken-sie-die-region-vecht\/\" \/>\n<meta property=\"og:site_name\" content=\"Flora Batava\" \/>\n<meta property=\"article:modified_time\" content=\"2022-05-04T08:25:57+00:00\" \/>\n<meta property=\"og:image\" content=\"https:\/\/florabatava.com\/wp-content\/uploads\/2020\/11\/Loosdrechtse-plassen--886x620.jpg\" \/>\n<meta name=\"twitter:card\" content=\"summary_large_image\" \/>\n<script type=\"application\/ld+json\" class=\"yoast-schema-graph\">{\"@context\":\"https:\/\/schema.org\",\"@graph\":[{\"@type\":\"WebPage\",\"@id\":\"https:\/\/florabatava.com\/de\/angebote\/entdecken-sie-die-region-vecht\/\",\"url\":\"https:\/\/florabatava.com\/de\/angebote\/entdecken-sie-die-region-vecht\/\",\"name\":\"Ontdek de Vechtstreek Arrangement - Flora Batava Nieuwersluis Breukelen\",\"isPartOf\":{\"@id\":\"https:\/\/florabatava.com\/de\/#website\"},\"primaryImageOfPage\":{\"@id\":\"https:\/\/florabatava.com\/de\/angebote\/entdecken-sie-die-region-vecht\/#primaryimage\"},\"image\":{\"@id\":\"https:\/\/florabatava.com\/de\/angebote\/entdecken-sie-die-region-vecht\/#primaryimage\"},\"thumbnailUrl\":\"https:\/\/florabatava.com\/wp-content\/uploads\/2020\/11\/Loosdrechtse-plassen--886x620.jpg\",\"datePublished\":\"2022-04-01T18:46:42+00:00\",\"dateModified\":\"2022-05-04T08:25:57+00:00\",\"description\":\"Ontdek de Vechtstreek met dit Arrangement en Ervaar al het moois van Nieuwersluis. Boek nu Vier Overnachtingen en ontvang de Vierde Nacht Gratis.\",\"breadcrumb\":{\"@id\":\"https:\/\/florabatava.com\/de\/angebote\/entdecken-sie-die-region-vecht\/#breadcrumb\"},\"inLanguage\":\"de-DE\",\"potentialAction\":[{\"@type\":\"ReadAction\",\"target\":[\"https:\/\/florabatava.com\/de\/angebote\/entdecken-sie-die-region-vecht\/\"]}]},{\"@type\":\"ImageObject\",\"inLanguage\":\"de-DE\",\"@id\":\"https:\/\/florabatava.com\/de\/angebote\/entdecken-sie-die-region-vecht\/#primaryimage\",\"url\":\"https:\/\/florabatava.com\/wp-content\/uploads\/2020\/11\/Loosdrechtse-plassen--886x620.jpg\",\"contentUrl\":\"https:\/\/florabatava.com\/wp-content\/uploads\/2020\/11\/Loosdrechtse-plassen--886x620.jpg\"},{\"@type\":\"BreadcrumbList\",\"@id\":\"https:\/\/florabatava.com\/de\/angebote\/entdecken-sie-die-region-vecht\/#breadcrumb\",\"itemListElement\":[{\"@type\":\"ListItem\",\"position\":1,\"name\":\"Home\",\"item\":\"https:\/\/florabatava.com\/de\/\"},{\"@type\":\"ListItem\",\"position\":2,\"name\":\"Angebote\",\"item\":\"https:\/\/florabatava.com\/de\/arrangementen\/\"},{\"@type\":\"ListItem\",\"position\":3,\"name\":\"Entdecken Sie die Region Vecht\"}]},{\"@type\":\"WebSite\",\"@id\":\"https:\/\/florabatava.com\/de\/#website\",\"url\":\"https:\/\/florabatava.com\/de\/\",\"name\":\"Flora Batava\",\"description\":\"Flora Batava\",\"publisher\":{\"@id\":\"https:\/\/florabatava.com\/de\/#organization\"},\"potentialAction\":[{\"@type\":\"SearchAction\",\"target\":{\"@type\":\"EntryPoint\",\"urlTemplate\":\"https:\/\/florabatava.com\/de\/?s={search_term_string}\"},\"query-input\":{\"@type\":\"PropertyValueSpecification\",\"valueRequired\":true,\"valueName\":\"search_term_string\"}}],\"inLanguage\":\"de-DE\"},{\"@type\":\"Organization\",\"@id\":\"https:\/\/florabatava.com\/de\/#organization\",\"name\":\"Flora Batava\",\"url\":\"https:\/\/florabatava.com\/de\/\",\"logo\":{\"@type\":\"ImageObject\",\"inLanguage\":\"de-DE\",\"@id\":\"https:\/\/florabatava.com\/de\/#\/schema\/logo\/image\/\",\"url\":\"https:\/\/florabatava.com\/wp-content\/uploads\/2020\/06\/logo-flora-batava-compleet-zwart.svg\",\"contentUrl\":\"https:\/\/florabatava.com\/wp-content\/uploads\/2020\/06\/logo-flora-batava-compleet-zwart.svg\",\"width\":1,\"height\":1,\"caption\":\"Flora Batava\"},\"image\":{\"@id\":\"https:\/\/florabatava.com\/de\/#\/schema\/logo\/image\/\"}}]}<\/script>\n<!-- \/ Yoast SEO plugin. -->","yoast_head_json":{"title":"Ontdek de Vechtstreek Arrangement - Flora Batava Nieuwersluis Breukelen","description":"Ontdek de Vechtstreek met dit Arrangement en Ervaar al het moois van Nieuwersluis. Boek nu Vier Overnachtingen en ontvang de Vierde Nacht Gratis.","robots":{"index":"index","follow":"follow","max-snippet":"max-snippet:-1","max-image-preview":"max-image-preview:large","max-video-preview":"max-video-preview:-1"},"canonical":"https:\/\/florabatava.com\/de\/angebote\/entdecken-sie-die-region-vecht\/","og_locale":"de_DE","og_type":"article","og_title":"Ontdek de Vechtstreek Arrangement - Flora Batava Nieuwersluis Breukelen","og_description":"Ontdek de Vechtstreek met dit Arrangement en Ervaar al het moois van Nieuwersluis. Boek nu Vier Overnachtingen en ontvang de Vierde Nacht Gratis.","og_url":"https:\/\/florabatava.com\/de\/angebote\/entdecken-sie-die-region-vecht\/","og_site_name":"Flora Batava","article_modified_time":"2022-05-04T08:25:57+00:00","og_image":[{"url":"https:\/\/florabatava.com\/wp-content\/uploads\/2020\/11\/Loosdrechtse-plassen--886x620.jpg","type":"","width":"","height":""}],"twitter_card":"summary_large_image","schema":{"@context":"https:\/\/schema.org","@graph":[{"@type":"WebPage","@id":"https:\/\/florabatava.com\/de\/angebote\/entdecken-sie-die-region-vecht\/","url":"https:\/\/florabatava.com\/de\/angebote\/entdecken-sie-die-region-vecht\/","name":"Ontdek de Vechtstreek Arrangement - Flora Batava Nieuwersluis Breukelen","isPartOf":{"@id":"https:\/\/florabatava.com\/de\/#website"},"primaryImageOfPage":{"@id":"https:\/\/florabatava.com\/de\/angebote\/entdecken-sie-die-region-vecht\/#primaryimage"},"image":{"@id":"https:\/\/florabatava.com\/de\/angebote\/entdecken-sie-die-region-vecht\/#primaryimage"},"thumbnailUrl":"https:\/\/florabatava.com\/wp-content\/uploads\/2020\/11\/Loosdrechtse-plassen--886x620.jpg","datePublished":"2022-04-01T18:46:42+00:00","dateModified":"2022-05-04T08:25:57+00:00","description":"Ontdek de Vechtstreek met dit Arrangement en Ervaar al het moois van Nieuwersluis. Boek nu Vier Overnachtingen en ontvang de Vierde Nacht Gratis.","breadcrumb":{"@id":"https:\/\/florabatava.com\/de\/angebote\/entdecken-sie-die-region-vecht\/#breadcrumb"},"inLanguage":"de-DE","potentialAction":[{"@type":"ReadAction","target":["https:\/\/florabatava.com\/de\/angebote\/entdecken-sie-die-region-vecht\/"]}]},{"@type":"ImageObject","inLanguage":"de-DE","@id":"https:\/\/florabatava.com\/de\/angebote\/entdecken-sie-die-region-vecht\/#primaryimage","url":"https:\/\/florabatava.com\/wp-content\/uploads\/2020\/11\/Loosdrechtse-plassen--886x620.jpg","contentUrl":"https:\/\/florabatava.com\/wp-content\/uploads\/2020\/11\/Loosdrechtse-plassen--886x620.jpg"},{"@type":"BreadcrumbList","@id":"https:\/\/florabatava.com\/de\/angebote\/entdecken-sie-die-region-vecht\/#breadcrumb","itemListElement":[{"@type":"ListItem","position":1,"name":"Home","item":"https:\/\/florabatava.com\/de\/"},{"@type":"ListItem","position":2,"name":"Angebote","item":"https:\/\/florabatava.com\/de\/arrangementen\/"},{"@type":"ListItem","position":3,"name":"Entdecken Sie die Region Vecht"}]},{"@type":"WebSite","@id":"https:\/\/florabatava.com\/de\/#website","url":"https:\/\/florabatava.com\/de\/","name":"Flora Batava","description":"Flora Batava","publisher":{"@id":"https:\/\/florabatava.com\/de\/#organization"},"potentialAction":[{"@type":"SearchAction","target":{"@type":"EntryPoint","urlTemplate":"https:\/\/florabatava.com\/de\/?s={search_term_string}"},"query-input":{"@type":"PropertyValueSpecification","valueRequired":true,"valueName":"search_term_string"}}],"inLanguage":"de-DE"},{"@type":"Organization","@id":"https:\/\/florabatava.com\/de\/#organization","name":"Flora Batava","url":"https:\/\/florabatava.com\/de\/","logo":{"@type":"ImageObject","inLanguage":"de-DE","@id":"https:\/\/florabatava.com\/de\/#\/schema\/logo\/image\/","url":"https:\/\/florabatava.com\/wp-content\/uploads\/2020\/06\/logo-flora-batava-compleet-zwart.svg","contentUrl":"https:\/\/florabatava.com\/wp-content\/uploads\/2020\/06\/logo-flora-batava-compleet-zwart.svg","width":1,"height":1,"caption":"Flora Batava"},"image":{"@id":"https:\/\/florabatava.com\/de\/#\/schema\/logo\/image\/"}}]}},"_links":{"self":[{"href":"https:\/\/florabatava.com\/de\/wp-json\/wp\/v2\/pages\/3455","targetHints":{"allow":["GET"]}}],"collection":[{"href":"https:\/\/florabatava.com\/de\/wp-json\/wp\/v2\/pages"}],"about":[{"href":"https:\/\/florabatava.com\/de\/wp-json\/wp\/v2\/types\/page"}],"author":[{"embeddable":true,"href":"https:\/\/florabatava.com\/de\/wp-json\/wp\/v2\/users\/29"}],"replies":[{"embeddable":true,"href":"https:\/\/florabatava.com\/de\/wp-json\/wp\/v2\/comments?post=3455"}],"version-history":[{"count":0,"href":"https:\/\/florabatava.com\/de\/wp-json\/wp\/v2\/pages\/3455\/revisions"}],"up":[{"embeddable":true,"href":"https:\/\/florabatava.com\/de\/wp-json\/wp\/v2\/pages\/3421"}],"wp:attachment":[{"href":"https:\/\/florabatava.com\/de\/wp-json\/wp\/v2\/media?parent=3455"}],"curies":[{"name":"wp","href":"https:\/\/api.w.org\/{rel}","templated":true}]}}