{"id":3456,"date":"2022-04-01T18:47:55","date_gmt":"2022-04-01T18:47:55","guid":{"rendered":"https:\/\/florabatava.com\/angebote\/romanze-an-der-vecht\/"},"modified":"2025-08-19T08:26:51","modified_gmt":"2025-08-19T08:26:51","slug":"romanze-an-der-vecht","status":"publish","type":"page","link":"https:\/\/florabatava.com\/de\/angebote\/romanze-an-der-vecht\/","title":{"rendered":"Romanze an der Vecht"},"content":{"rendered":"\t\t<div data-elementor-type=\"wp-page\" data-elementor-id=\"3456\" class=\"elementor elementor-3456 elementor-1675\" data-elementor-post-type=\"page\">\n\t\t\t\t\t\t<section data-particle_enable=\"false\" data-particle-mobile-disabled=\"false\" class=\"elementor-section elementor-top-section elementor-element elementor-element-49d3c94 elementor-section-height-min-height elementor-section-items-top hero-image elementor-section-boxed elementor-section-height-default\" data-id=\"49d3c94\" data-element_type=\"section\" data-settings=\"{&quot;background_background&quot;:&quot;classic&quot;}\">\n\t\t\t\t\t\t\t<div class=\"elementor-background-overlay\"><\/div>\n\t\t\t\t\t\t\t<div class=\"elementor-container elementor-column-gap-default\">\n\t\t\t\t\t<div class=\"elementor-column elementor-col-100 elementor-top-column elementor-element elementor-element-c3ab5f1\" data-id=\"c3ab5f1\" data-element_type=\"column\">\n\t\t\t<div class=\"elementor-widget-wrap elementor-element-populated\">\n\t\t\t\t\t\t<div class=\"elementor-element elementor-element-aa295d1 elementor-widget elementor-widget-spacer\" data-id=\"aa295d1\" data-element_type=\"widget\" data-widget_type=\"spacer.default\">\n\t\t\t\t<div class=\"elementor-widget-container\">\n\t\t\t\t\t\t\t<div class=\"elementor-spacer\">\n\t\t\t<div class=\"elementor-spacer-inner\"><\/div>\n\t\t<\/div>\n\t\t\t\t\t\t<\/div>\n\t\t\t\t<\/div>\n\t\t\t\t\t<\/div>\n\t\t<\/div>\n\t\t\t\t\t<\/div>\n\t\t<\/section>\n\t\t\t\t<section data-particle_enable=\"false\" data-particle-mobile-disabled=\"false\" class=\"elementor-section elementor-top-section elementor-element elementor-element-d920345 intro-text-middle  elementor-section-full_width elementor-section-height-default elementor-section-height-default\" data-id=\"d920345\" data-element_type=\"section\">\n\t\t\t\t\t\t<div class=\"elementor-container elementor-column-gap-default\">\n\t\t\t\t\t<div class=\"elementor-column elementor-col-100 elementor-top-column elementor-element elementor-element-dac1729\" data-id=\"dac1729\" data-element_type=\"column\">\n\t\t\t<div class=\"elementor-widget-wrap elementor-element-populated\">\n\t\t\t\t\t\t<div class=\"elementor-element elementor-element-2da8a94 elementor-widget elementor-widget-heading\" data-id=\"2da8a94\" data-element_type=\"widget\" data-widget_type=\"heading.default\">\n\t\t\t\t<div class=\"elementor-widget-container\">\n\t\t\t\t\t<h1 class=\"elementor-heading-title elementor-size-default\">ROMANTIK AM FLUSS<\/h1>\t\t\t\t<\/div>\n\t\t\t\t<\/div>\n\t\t\t\t<div class=\"elementor-element elementor-element-75f1734 elementor-widget elementor-widget-heading\" data-id=\"75f1734\" data-element_type=\"widget\" data-widget_type=\"heading.default\">\n\t\t\t\t<div class=\"elementor-widget-container\">\n\t\t\t\t\t<h3 class=\"elementor-heading-title elementor-size-default\">Angebot<\/h3>\t\t\t\t<\/div>\n\t\t\t\t<\/div>\n\t\t\t\t<div class=\"elementor-element elementor-element-41dc481 elementor-widget elementor-widget-text-editor\" data-id=\"41dc481\" data-element_type=\"widget\" data-widget_type=\"text-editor.default\">\n\t\t\t\t<div class=\"elementor-widget-container\">\n\t\t\t\t\t\t\t\t\t<p>Sobald Sie auf dem Landgut Hotel Flora Batava ankommen, sehen Sie eine sch\u00f6ne historische Villa und einen romantischen l\u00e4ndlichen Garten an der Vecht gelegen. Schon diese Kulisse verleiht Ihrem Aufenthalt eine romantische Atmosph\u00e4re. Gerne begr\u00fc\u00dfen wir Sie in unserer Lobby und helfen Ihnen mit Ideen f\u00fcr einen wunderbaren Aufenthalt.<\/p><p>Ab 390,-<\/p><p>&nbsp;<\/p>\t\t\t\t\t\t\t\t<\/div>\n\t\t\t\t<\/div>\n\t\t\t\t<div class=\"elementor-element elementor-element-720c9e07 elementor-align-center beige-btn ohm-bw-submit ohm-mews-romantiek-aan-de-vecht elementor-widget elementor-widget-button\" data-id=\"720c9e07\" data-element_type=\"widget\" data-widget_type=\"button.default\">\n\t\t\t\t<div class=\"elementor-widget-container\">\n\t\t\t\t\t\t\t\t\t<div class=\"elementor-button-wrapper\">\n\t\t\t\t\t<a class=\"elementor-button elementor-button-link elementor-size-sm\" href=\"#\">\n\t\t\t\t\t\t<span class=\"elementor-button-content-wrapper\">\n\t\t\t\t\t\t\t\t\t<span class=\"elementor-button-text\">BUCHEN SIE JETZT<\/span>\n\t\t\t\t\t<\/span>\n\t\t\t\t\t<\/a>\n\t\t\t\t<\/div>\n\t\t\t\t\t\t\t\t<\/div>\n\t\t\t\t<\/div>\n\t\t\t\t\t<\/div>\n\t\t<\/div>\n\t\t\t\t\t<\/div>\n\t\t<\/section>\n\t\t\t\t<section data-particle_enable=\"false\" data-particle-mobile-disabled=\"false\" class=\"elementor-section elementor-top-section elementor-element elementor-element-3cf726c text-left-img-right-out ohm-section-standard-padding elementor-section-boxed elementor-section-height-default elementor-section-height-default\" data-id=\"3cf726c\" data-element_type=\"section\" data-settings=\"{&quot;background_background&quot;:&quot;classic&quot;}\">\n\t\t\t\t\t\t<div class=\"elementor-container elementor-column-gap-default\">\n\t\t\t\t\t<div class=\"elementor-column elementor-col-100 elementor-top-column elementor-element elementor-element-26e1dc3 ohm-background-img-left\" data-id=\"26e1dc3\" data-element_type=\"column\" data-settings=\"{&quot;background_background&quot;:&quot;classic&quot;}\">\n\t\t\t<div class=\"elementor-widget-wrap elementor-element-populated\">\n\t\t\t\t\t\t<section data-particle_enable=\"false\" data-particle-mobile-disabled=\"false\" class=\"elementor-section elementor-inner-section elementor-element elementor-element-e34e41f text-left-img-right-in elementor-reverse-tablet elementor-reverse-mobile elementor-section-boxed elementor-section-height-default elementor-section-height-default\" data-id=\"e34e41f\" data-element_type=\"section\">\n\t\t\t\t\t\t<div class=\"elementor-container elementor-column-gap-default\">\n\t\t\t\t\t<div class=\"elementor-column elementor-col-50 elementor-inner-column elementor-element elementor-element-2c7b8fc text-left\" data-id=\"2c7b8fc\" data-element_type=\"column\" data-settings=\"{&quot;background_background&quot;:&quot;classic&quot;}\">\n\t\t\t<div class=\"elementor-widget-wrap elementor-element-populated\">\n\t\t\t\t\t\t<div class=\"elementor-element elementor-element-00f0d33 elementor-widget elementor-widget-heading\" data-id=\"00f0d33\" data-element_type=\"widget\" data-widget_type=\"heading.default\">\n\t\t\t\t<div class=\"elementor-widget-container\">\n\t\t\t\t\t<h4 class=\"elementor-heading-title elementor-size-default\"> EINSCHLIESSLICH<\/h4>\t\t\t\t<\/div>\n\t\t\t\t<\/div>\n\t\t\t\t<div class=\"elementor-element elementor-element-af5b7e9 elementor-widget elementor-widget-text-editor\" data-id=\"af5b7e9\" data-element_type=\"widget\" data-widget_type=\"text-editor.default\">\n\t\t\t\t<div class=\"elementor-widget-container\">\n\t\t\t\t\t\t\t\t\t<p>&#8211; Ein Willkommensaperitif an der Bar oder zu Beginn des Abendessens<\/p>\n<p>&#8211; \u00dcbernachtung in einer Suite<\/p>\n<p>&#8211; Reichhaltiges Fr\u00fchst\u00fccksbuffet oder Fr\u00fchst\u00fcck auf dem Zimmer<\/p>\n<p>&#8211; Ein 4-G\u00e4nge-Men\u00fc im Restaurant \u201eBloei\u201c<\/p>\n<p>(ohne Getr\u00e4nke)<\/p>\n<p>&#8211; Eine Flasche Champagner auf dem Zimmer<\/p>\n<p>&#8211; Ein romantisches Geschenk auf dem Zimmer<\/p>\n<p>&#8211; Late Check-out<\/p>\n\t\t\t\t\t\t\t\t<\/div>\n\t\t\t\t<\/div>\n\t\t\t\t\t<\/div>\n\t\t<\/div>\n\t\t\t\t<div class=\"elementor-column elementor-col-50 elementor-inner-column elementor-element elementor-element-7de1eb7 img-right\" data-id=\"7de1eb7\" data-element_type=\"column\">\n\t\t\t<div class=\"elementor-widget-wrap elementor-element-populated\">\n\t\t\t\t\t\t<div class=\"elementor-element elementor-element-b537485 elementor-pagination-position-inside elementor-arrows-position-inside elementor-widget elementor-widget-image-carousel\" data-id=\"b537485\" data-element_type=\"widget\" data-settings=\"{&quot;slides_to_show&quot;:&quot;1&quot;,&quot;autoplay&quot;:&quot;no&quot;,&quot;navigation&quot;:&quot;both&quot;,&quot;infinite&quot;:&quot;yes&quot;,&quot;effect&quot;:&quot;slide&quot;,&quot;speed&quot;:500}\" data-widget_type=\"image-carousel.default\">\n\t\t\t\t<div class=\"elementor-widget-container\">\n\t\t\t\t\t\t\t<div class=\"elementor-image-carousel-wrapper swiper\" role=\"region\" aria-roledescription=\"carousel\" aria-label=\"Bild Karussell\" dir=\"ltr\">\n\t\t\t<div class=\"elementor-image-carousel swiper-wrapper\" aria-live=\"polite\">\n\t\t\t\t\t\t\t\t<div class=\"swiper-slide\" role=\"group\" aria-roledescription=\"slide\" aria-label=\"1 von 5\"><a data-elementor-open-lightbox=\"yes\" data-elementor-lightbox-slideshow=\"b537485\" data-elementor-lightbox-title=\"hotel kamer 51 - Hotel Flora Batava\" data-e-action-hash=\"#elementor-action%3Aaction%3Dlightbox%26settings%3DeyJpZCI6MjI2NCwidXJsIjoiaHR0cHM6XC9cL2Zsb3JhYmF0YXZhLmNvbVwvd3AtY29udGVudFwvdXBsb2Fkc1wvMjAyMFwvMTFcL2hvdGVsLWthbWVyLTUxLXNjYWxlZC5qcGciLCJzbGlkZXNob3ciOiJiNTM3NDg1In0%3D\" href=\"https:\/\/florabatava.com\/wp-content\/uploads\/2020\/11\/hotel-kamer-51-scaled.jpg\"><figure class=\"swiper-slide-inner\"><img decoding=\"async\" class=\"swiper-slide-image\" src=\"https:\/\/florabatava.com\/wp-content\/uploads\/2020\/11\/hotel-kamer-51-886x620.jpg\" alt=\"hotel kamer 51 - Hotel Flora Batava\" \/><\/figure><\/a><\/div><div class=\"swiper-slide\" role=\"group\" aria-roledescription=\"slide\" aria-label=\"2 von 5\"><a data-elementor-open-lightbox=\"yes\" data-elementor-lightbox-slideshow=\"b537485\" data-elementor-lightbox-title=\"Suppen 2 - Hotel Flora Batava\" data-e-action-hash=\"#elementor-action%3Aaction%3Dlightbox%26settings%3DeyJpZCI6MTc2MiwidXJsIjoiaHR0cHM6XC9cL2Zsb3JhYmF0YXZhLmNvbVwvd3AtY29udGVudFwvdXBsb2Fkc1wvMjAyMFwvMTFcL0lNR180OTMyLXNjYWxlZC5qcGciLCJzbGlkZXNob3ciOiJiNTM3NDg1In0%3D\" href=\"https:\/\/florabatava.com\/wp-content\/uploads\/2020\/11\/IMG_4932-scaled.jpg\"><figure class=\"swiper-slide-inner\"><img decoding=\"async\" class=\"swiper-slide-image\" src=\"https:\/\/florabatava.com\/wp-content\/uploads\/2020\/11\/IMG_4932-886x620.jpg\" alt=\"Suppen 2 - Hotel Flora Batava\" \/><\/figure><\/a><\/div><div class=\"swiper-slide\" role=\"group\" aria-roledescription=\"slide\" aria-label=\"3 von 5\"><a data-elementor-open-lightbox=\"yes\" data-elementor-lightbox-slideshow=\"b537485\" data-elementor-lightbox-title=\"Hotelkamer Champagne Chocola - Hotel Flora Batava\" data-e-action-hash=\"#elementor-action%3Aaction%3Dlightbox%26settings%3DeyJpZCI6MjA4MSwidXJsIjoiaHR0cHM6XC9cL2Zsb3JhYmF0YXZhLmNvbVwvd3AtY29udGVudFwvdXBsb2Fkc1wvMjAyMFwvMTFcL2hvdGVsLWthbWVyLTExLXNjYWxlZC5qcGciLCJzbGlkZXNob3ciOiJiNTM3NDg1In0%3D\" href=\"https:\/\/florabatava.com\/wp-content\/uploads\/2020\/11\/hotel-kamer-11-scaled.jpg\"><figure class=\"swiper-slide-inner\"><img decoding=\"async\" class=\"swiper-slide-image\" src=\"https:\/\/florabatava.com\/wp-content\/uploads\/2020\/11\/hotel-kamer-11-886x620.jpg\" alt=\"Hotelkamer Champagne Chocola - Hotel Flora Batava\" \/><\/figure><\/a><\/div><div class=\"swiper-slide\" role=\"group\" aria-roledescription=\"slide\" aria-label=\"4 von 5\"><a data-elementor-open-lightbox=\"yes\" data-elementor-lightbox-slideshow=\"b537485\" data-elementor-lightbox-title=\"hotel kamer 2 - Hotel Flora Batava\" data-e-action-hash=\"#elementor-action%3Aaction%3Dlightbox%26settings%3DeyJpZCI6MjA2MCwidXJsIjoiaHR0cHM6XC9cL2Zsb3JhYmF0YXZhLmNvbVwvd3AtY29udGVudFwvdXBsb2Fkc1wvMjAyMFwvMTFcL2hvdGVsLWthbWVyLTItc2NhbGVkLmpwZyIsInNsaWRlc2hvdyI6ImI1Mzc0ODUifQ%3D%3D\" href=\"https:\/\/florabatava.com\/wp-content\/uploads\/2020\/11\/hotel-kamer-2-scaled.jpg\"><figure class=\"swiper-slide-inner\"><img decoding=\"async\" class=\"swiper-slide-image\" src=\"https:\/\/florabatava.com\/wp-content\/uploads\/2020\/11\/hotel-kamer-2-886x620.jpg\" alt=\"hotel kamer 2 - Hotel Flora Batava\" \/><\/figure><\/a><\/div><div class=\"swiper-slide\" role=\"group\" aria-roledescription=\"slide\" aria-label=\"5 von 5\"><a data-elementor-open-lightbox=\"yes\" data-elementor-lightbox-slideshow=\"b537485\" data-elementor-lightbox-title=\"PHOTO-2020-11-09-11-33-41\" data-e-action-hash=\"#elementor-action%3Aaction%3Dlightbox%26settings%3DeyJpZCI6MjU5MiwidXJsIjoiaHR0cHM6XC9cL2Zsb3JhYmF0YXZhLmNvbVwvd3AtY29udGVudFwvdXBsb2Fkc1wvMjAyMFwvMTJcL1BIT1RPLTIwMjAtMTEtMDktMTEtMzMtNDEuanBnIiwic2xpZGVzaG93IjoiYjUzNzQ4NSJ9\" href=\"https:\/\/florabatava.com\/wp-content\/uploads\/2020\/12\/PHOTO-2020-11-09-11-33-41.jpg\"><figure class=\"swiper-slide-inner\"><img decoding=\"async\" class=\"swiper-slide-image\" src=\"https:\/\/florabatava.com\/wp-content\/uploads\/2020\/12\/PHOTO-2020-11-09-11-33-41-886x620.jpg\" alt=\"PHOTO-2020-11-09-11-33-41\" \/><\/figure><\/a><\/div>\t\t\t<\/div>\n\t\t\t\t\t\t\t\t\t\t\t\t<div class=\"elementor-swiper-button elementor-swiper-button-prev\" role=\"button\" tabindex=\"0\">\n\t\t\t\t\t\t<i aria-hidden=\"true\" class=\"eicon-chevron-left\"><\/i>\t\t\t\t\t<\/div>\n\t\t\t\t\t<div class=\"elementor-swiper-button elementor-swiper-button-next\" role=\"button\" tabindex=\"0\">\n\t\t\t\t\t\t<i aria-hidden=\"true\" class=\"eicon-chevron-right\"><\/i>\t\t\t\t\t<\/div>\n\t\t\t\t\n\t\t\t\t\t\t\t\t\t<div class=\"swiper-pagination\"><\/div>\n\t\t\t\t\t\t\t\t\t<\/div>\n\t\t\t\t\t\t<\/div>\n\t\t\t\t<\/div>\n\t\t\t\t\t<\/div>\n\t\t<\/div>\n\t\t\t\t\t<\/div>\n\t\t<\/section>\n\t\t\t\t\t<\/div>\n\t\t<\/div>\n\t\t\t\t\t<\/div>\n\t\t<\/section>\n\t\t\t\t<section data-particle_enable=\"false\" data-particle-mobile-disabled=\"false\" class=\"elementor-section elementor-top-section elementor-element elementor-element-08fa50f elementor-section-boxed elementor-section-height-default elementor-section-height-default\" data-id=\"08fa50f\" data-element_type=\"section\">\n\t\t\t\t\t\t<div class=\"elementor-container elementor-column-gap-default\">\n\t\t\t\t\t<div class=\"elementor-column elementor-col-100 elementor-top-column elementor-element elementor-element-6cda580\" data-id=\"6cda580\" data-element_type=\"column\">\n\t\t\t<div class=\"elementor-widget-wrap elementor-element-populated\">\n\t\t\t\t\t\t<div class=\"elementor-element elementor-element-2e53644 elementor-widget elementor-widget-spacer\" data-id=\"2e53644\" data-element_type=\"widget\" data-widget_type=\"spacer.default\">\n\t\t\t\t<div class=\"elementor-widget-container\">\n\t\t\t\t\t\t\t<div class=\"elementor-spacer\">\n\t\t\t<div class=\"elementor-spacer-inner\"><\/div>\n\t\t<\/div>\n\t\t\t\t\t\t<\/div>\n\t\t\t\t<\/div>\n\t\t\t\t\t<\/div>\n\t\t<\/div>\n\t\t\t\t\t<\/div>\n\t\t<\/section>\n\t\t\t\t<section data-particle_enable=\"false\" data-particle-mobile-disabled=\"false\" class=\"elementor-section elementor-top-section elementor-element elementor-element-8c7849e elementor-section-boxed elementor-section-height-default elementor-section-height-default\" data-id=\"8c7849e\" data-element_type=\"section\">\n\t\t\t\t\t\t<div class=\"elementor-container elementor-column-gap-default\">\n\t\t\t\t\t<div class=\"elementor-column elementor-col-100 elementor-top-column elementor-element elementor-element-85acc68\" data-id=\"85acc68\" data-element_type=\"column\">\n\t\t\t<div class=\"elementor-widget-wrap elementor-element-populated\">\n\t\t\t\t\t\t<div class=\"elementor-element elementor-element-17e24ab elementor-widget elementor-widget-spacer\" data-id=\"17e24ab\" data-element_type=\"widget\" data-widget_type=\"spacer.default\">\n\t\t\t\t<div class=\"elementor-widget-container\">\n\t\t\t\t\t\t\t<div class=\"elementor-spacer\">\n\t\t\t<div class=\"elementor-spacer-inner\"><\/div>\n\t\t<\/div>\n\t\t\t\t\t\t<\/div>\n\t\t\t\t<\/div>\n\t\t\t\t\t<\/div>\n\t\t<\/div>\n\t\t\t\t\t<\/div>\n\t\t<\/section>\n\t\t\t\t<\/div>\n\t\t","protected":false},"excerpt":{"rendered":"<p>ROMANTIK AM FLUSS Angebot Sobald Sie auf dem Landgut Hotel Flora Batava ankommen, sehen Sie eine sch\u00f6ne historische Villa und einen romantischen l\u00e4ndlichen Garten an der Vecht gelegen. Schon diese Kulisse verleiht Ihrem Aufenthalt eine romantische Atmosph\u00e4re. Gerne begr\u00fc\u00dfen wir Sie in unserer Lobby und helfen Ihnen mit Ideen f\u00fcr einen wunderbaren Aufenthalt. Ab 390,- [&hellip;]<\/p>\n","protected":false},"author":29,"featured_media":0,"parent":3421,"menu_order":0,"comment_status":"closed","ping_status":"closed","template":"","meta":{"_acf_changed":false,"footnotes":""},"class_list":["post-3456","page","type-page","status-publish","hentry"],"acf":[],"yoast_head":"<!-- This site is optimized with the Yoast SEO plugin v26.8 - https:\/\/yoast.com\/product\/yoast-seo-wordpress\/ -->\n<title>Romantisch Hotelarrangement aan de Vecht - Flora Batava Nieuwersluis<\/title>\n<meta name=\"description\" content=\"Ervaar Romantiek aan de Vecht met dit Arrangement van Flora Batava en combineer een Overnachting met een Driegangen Diner en Champagne.\" \/>\n<meta name=\"robots\" content=\"index, follow, max-snippet:-1, max-image-preview:large, max-video-preview:-1\" \/>\n<link rel=\"canonical\" href=\"https:\/\/florabatava.com\/de\/angebote\/romanze-an-der-vecht\/\" \/>\n<meta property=\"og:locale\" content=\"de_DE\" \/>\n<meta property=\"og:type\" content=\"article\" \/>\n<meta property=\"og:title\" content=\"Romantisch Hotelarrangement aan de Vecht - Flora Batava Nieuwersluis\" \/>\n<meta property=\"og:description\" content=\"Ervaar Romantiek aan de Vecht met dit Arrangement van Flora Batava en combineer een Overnachting met een Driegangen Diner en Champagne.\" \/>\n<meta property=\"og:url\" content=\"https:\/\/florabatava.com\/de\/angebote\/romanze-an-der-vecht\/\" \/>\n<meta property=\"og:site_name\" content=\"Flora Batava\" \/>\n<meta property=\"article:modified_time\" content=\"2025-08-19T08:26:51+00:00\" \/>\n<meta property=\"og:image\" content=\"https:\/\/florabatava.com\/wp-content\/uploads\/2020\/11\/hotel-kamer-51-886x620.jpg\" \/>\n<meta name=\"twitter:card\" content=\"summary_large_image\" \/>\n<meta name=\"twitter:label1\" content=\"Gesch\u00e4tzte Lesezeit\" \/>\n\t<meta name=\"twitter:data1\" content=\"1 Minute\" \/>\n<script type=\"application\/ld+json\" class=\"yoast-schema-graph\">{\"@context\":\"https:\/\/schema.org\",\"@graph\":[{\"@type\":\"WebPage\",\"@id\":\"https:\/\/florabatava.com\/de\/angebote\/romanze-an-der-vecht\/\",\"url\":\"https:\/\/florabatava.com\/de\/angebote\/romanze-an-der-vecht\/\",\"name\":\"Romantisch Hotelarrangement aan de Vecht - Flora Batava Nieuwersluis\",\"isPartOf\":{\"@id\":\"https:\/\/florabatava.com\/de\/#website\"},\"primaryImageOfPage\":{\"@id\":\"https:\/\/florabatava.com\/de\/angebote\/romanze-an-der-vecht\/#primaryimage\"},\"image\":{\"@id\":\"https:\/\/florabatava.com\/de\/angebote\/romanze-an-der-vecht\/#primaryimage\"},\"thumbnailUrl\":\"https:\/\/florabatava.com\/wp-content\/uploads\/2020\/11\/hotel-kamer-51-886x620.jpg\",\"datePublished\":\"2022-04-01T18:47:55+00:00\",\"dateModified\":\"2025-08-19T08:26:51+00:00\",\"description\":\"Ervaar Romantiek aan de Vecht met dit Arrangement van Flora Batava en combineer een Overnachting met een Driegangen Diner en Champagne.\",\"breadcrumb\":{\"@id\":\"https:\/\/florabatava.com\/de\/angebote\/romanze-an-der-vecht\/#breadcrumb\"},\"inLanguage\":\"de-DE\",\"potentialAction\":[{\"@type\":\"ReadAction\",\"target\":[\"https:\/\/florabatava.com\/de\/angebote\/romanze-an-der-vecht\/\"]}]},{\"@type\":\"ImageObject\",\"inLanguage\":\"de-DE\",\"@id\":\"https:\/\/florabatava.com\/de\/angebote\/romanze-an-der-vecht\/#primaryimage\",\"url\":\"https:\/\/florabatava.com\/wp-content\/uploads\/2020\/11\/hotel-kamer-51-886x620.jpg\",\"contentUrl\":\"https:\/\/florabatava.com\/wp-content\/uploads\/2020\/11\/hotel-kamer-51-886x620.jpg\"},{\"@type\":\"BreadcrumbList\",\"@id\":\"https:\/\/florabatava.com\/de\/angebote\/romanze-an-der-vecht\/#breadcrumb\",\"itemListElement\":[{\"@type\":\"ListItem\",\"position\":1,\"name\":\"Home\",\"item\":\"https:\/\/florabatava.com\/de\/\"},{\"@type\":\"ListItem\",\"position\":2,\"name\":\"Angebote\",\"item\":\"https:\/\/florabatava.com\/de\/arrangementen\/\"},{\"@type\":\"ListItem\",\"position\":3,\"name\":\"Romanze an der Vecht\"}]},{\"@type\":\"WebSite\",\"@id\":\"https:\/\/florabatava.com\/de\/#website\",\"url\":\"https:\/\/florabatava.com\/de\/\",\"name\":\"Flora Batava\",\"description\":\"Flora Batava\",\"publisher\":{\"@id\":\"https:\/\/florabatava.com\/de\/#organization\"},\"potentialAction\":[{\"@type\":\"SearchAction\",\"target\":{\"@type\":\"EntryPoint\",\"urlTemplate\":\"https:\/\/florabatava.com\/de\/?s={search_term_string}\"},\"query-input\":{\"@type\":\"PropertyValueSpecification\",\"valueRequired\":true,\"valueName\":\"search_term_string\"}}],\"inLanguage\":\"de-DE\"},{\"@type\":\"Organization\",\"@id\":\"https:\/\/florabatava.com\/de\/#organization\",\"name\":\"Flora Batava\",\"url\":\"https:\/\/florabatava.com\/de\/\",\"logo\":{\"@type\":\"ImageObject\",\"inLanguage\":\"de-DE\",\"@id\":\"https:\/\/florabatava.com\/de\/#\/schema\/logo\/image\/\",\"url\":\"https:\/\/florabatava.com\/wp-content\/uploads\/2020\/06\/logo-flora-batava-compleet-zwart.svg\",\"contentUrl\":\"https:\/\/florabatava.com\/wp-content\/uploads\/2020\/06\/logo-flora-batava-compleet-zwart.svg\",\"width\":1,\"height\":1,\"caption\":\"Flora Batava\"},\"image\":{\"@id\":\"https:\/\/florabatava.com\/de\/#\/schema\/logo\/image\/\"}}]}<\/script>\n<!-- \/ Yoast SEO plugin. -->","yoast_head_json":{"title":"Romantisch Hotelarrangement aan de Vecht - Flora Batava Nieuwersluis","description":"Ervaar Romantiek aan de Vecht met dit Arrangement van Flora Batava en combineer een Overnachting met een Driegangen Diner en Champagne.","robots":{"index":"index","follow":"follow","max-snippet":"max-snippet:-1","max-image-preview":"max-image-preview:large","max-video-preview":"max-video-preview:-1"},"canonical":"https:\/\/florabatava.com\/de\/angebote\/romanze-an-der-vecht\/","og_locale":"de_DE","og_type":"article","og_title":"Romantisch Hotelarrangement aan de Vecht - Flora Batava Nieuwersluis","og_description":"Ervaar Romantiek aan de Vecht met dit Arrangement van Flora Batava en combineer een Overnachting met een Driegangen Diner en Champagne.","og_url":"https:\/\/florabatava.com\/de\/angebote\/romanze-an-der-vecht\/","og_site_name":"Flora Batava","article_modified_time":"2025-08-19T08:26:51+00:00","og_image":[{"url":"https:\/\/florabatava.com\/wp-content\/uploads\/2020\/11\/hotel-kamer-51-886x620.jpg","type":"","width":"","height":""}],"twitter_card":"summary_large_image","twitter_misc":{"Gesch\u00e4tzte Lesezeit":"1 Minute"},"schema":{"@context":"https:\/\/schema.org","@graph":[{"@type":"WebPage","@id":"https:\/\/florabatava.com\/de\/angebote\/romanze-an-der-vecht\/","url":"https:\/\/florabatava.com\/de\/angebote\/romanze-an-der-vecht\/","name":"Romantisch Hotelarrangement aan de Vecht - Flora Batava Nieuwersluis","isPartOf":{"@id":"https:\/\/florabatava.com\/de\/#website"},"primaryImageOfPage":{"@id":"https:\/\/florabatava.com\/de\/angebote\/romanze-an-der-vecht\/#primaryimage"},"image":{"@id":"https:\/\/florabatava.com\/de\/angebote\/romanze-an-der-vecht\/#primaryimage"},"thumbnailUrl":"https:\/\/florabatava.com\/wp-content\/uploads\/2020\/11\/hotel-kamer-51-886x620.jpg","datePublished":"2022-04-01T18:47:55+00:00","dateModified":"2025-08-19T08:26:51+00:00","description":"Ervaar Romantiek aan de Vecht met dit Arrangement van Flora Batava en combineer een Overnachting met een Driegangen Diner en Champagne.","breadcrumb":{"@id":"https:\/\/florabatava.com\/de\/angebote\/romanze-an-der-vecht\/#breadcrumb"},"inLanguage":"de-DE","potentialAction":[{"@type":"ReadAction","target":["https:\/\/florabatava.com\/de\/angebote\/romanze-an-der-vecht\/"]}]},{"@type":"ImageObject","inLanguage":"de-DE","@id":"https:\/\/florabatava.com\/de\/angebote\/romanze-an-der-vecht\/#primaryimage","url":"https:\/\/florabatava.com\/wp-content\/uploads\/2020\/11\/hotel-kamer-51-886x620.jpg","contentUrl":"https:\/\/florabatava.com\/wp-content\/uploads\/2020\/11\/hotel-kamer-51-886x620.jpg"},{"@type":"BreadcrumbList","@id":"https:\/\/florabatava.com\/de\/angebote\/romanze-an-der-vecht\/#breadcrumb","itemListElement":[{"@type":"ListItem","position":1,"name":"Home","item":"https:\/\/florabatava.com\/de\/"},{"@type":"ListItem","position":2,"name":"Angebote","item":"https:\/\/florabatava.com\/de\/arrangementen\/"},{"@type":"ListItem","position":3,"name":"Romanze an der Vecht"}]},{"@type":"WebSite","@id":"https:\/\/florabatava.com\/de\/#website","url":"https:\/\/florabatava.com\/de\/","name":"Flora Batava","description":"Flora Batava","publisher":{"@id":"https:\/\/florabatava.com\/de\/#organization"},"potentialAction":[{"@type":"SearchAction","target":{"@type":"EntryPoint","urlTemplate":"https:\/\/florabatava.com\/de\/?s={search_term_string}"},"query-input":{"@type":"PropertyValueSpecification","valueRequired":true,"valueName":"search_term_string"}}],"inLanguage":"de-DE"},{"@type":"Organization","@id":"https:\/\/florabatava.com\/de\/#organization","name":"Flora Batava","url":"https:\/\/florabatava.com\/de\/","logo":{"@type":"ImageObject","inLanguage":"de-DE","@id":"https:\/\/florabatava.com\/de\/#\/schema\/logo\/image\/","url":"https:\/\/florabatava.com\/wp-content\/uploads\/2020\/06\/logo-flora-batava-compleet-zwart.svg","contentUrl":"https:\/\/florabatava.com\/wp-content\/uploads\/2020\/06\/logo-flora-batava-compleet-zwart.svg","width":1,"height":1,"caption":"Flora Batava"},"image":{"@id":"https:\/\/florabatava.com\/de\/#\/schema\/logo\/image\/"}}]}},"_links":{"self":[{"href":"https:\/\/florabatava.com\/de\/wp-json\/wp\/v2\/pages\/3456","targetHints":{"allow":["GET"]}}],"collection":[{"href":"https:\/\/florabatava.com\/de\/wp-json\/wp\/v2\/pages"}],"about":[{"href":"https:\/\/florabatava.com\/de\/wp-json\/wp\/v2\/types\/page"}],"author":[{"embeddable":true,"href":"https:\/\/florabatava.com\/de\/wp-json\/wp\/v2\/users\/29"}],"replies":[{"embeddable":true,"href":"https:\/\/florabatava.com\/de\/wp-json\/wp\/v2\/comments?post=3456"}],"version-history":[{"count":0,"href":"https:\/\/florabatava.com\/de\/wp-json\/wp\/v2\/pages\/3456\/revisions"}],"up":[{"embeddable":true,"href":"https:\/\/florabatava.com\/de\/wp-json\/wp\/v2\/pages\/3421"}],"wp:attachment":[{"href":"https:\/\/florabatava.com\/de\/wp-json\/wp\/v2\/media?parent=3456"}],"curies":[{"name":"wp","href":"https:\/\/api.w.org\/{rel}","templated":true}]}}