{"id":3457,"date":"2022-04-01T18:49:55","date_gmt":"2022-04-01T18:49:55","guid":{"rendered":"https:\/\/florabatava.com\/angebote\/utrecht-city-break\/"},"modified":"2022-05-04T08:26:34","modified_gmt":"2022-05-04T08:26:34","slug":"utrecht-city-break","status":"publish","type":"page","link":"https:\/\/florabatava.com\/de\/angebote\/utrecht-city-break\/","title":{"rendered":"Utrecht City Break"},"content":{"rendered":"\t\t<div data-elementor-type=\"wp-page\" data-elementor-id=\"3457\" class=\"elementor elementor-3457 elementor-1673\" data-elementor-post-type=\"page\">\n\t\t\t\t\t\t<section data-particle_enable=\"false\" data-particle-mobile-disabled=\"false\" class=\"elementor-section elementor-top-section elementor-element elementor-element-49d3c94 elementor-section-height-min-height elementor-section-items-top hero-image elementor-section-boxed elementor-section-height-default\" data-id=\"49d3c94\" data-element_type=\"section\" data-settings=\"{&quot;background_background&quot;:&quot;classic&quot;}\">\n\t\t\t\t\t\t\t<div class=\"elementor-background-overlay\"><\/div>\n\t\t\t\t\t\t\t<div class=\"elementor-container elementor-column-gap-default\">\n\t\t\t\t\t<div class=\"elementor-column elementor-col-100 elementor-top-column elementor-element elementor-element-c3ab5f1\" data-id=\"c3ab5f1\" data-element_type=\"column\">\n\t\t\t<div class=\"elementor-widget-wrap elementor-element-populated\">\n\t\t\t\t\t\t<div class=\"elementor-element elementor-element-aa295d1 elementor-widget elementor-widget-spacer\" data-id=\"aa295d1\" data-element_type=\"widget\" data-widget_type=\"spacer.default\">\n\t\t\t\t<div class=\"elementor-widget-container\">\n\t\t\t\t\t\t\t<div class=\"elementor-spacer\">\n\t\t\t<div class=\"elementor-spacer-inner\"><\/div>\n\t\t<\/div>\n\t\t\t\t\t\t<\/div>\n\t\t\t\t<\/div>\n\t\t\t\t\t<\/div>\n\t\t<\/div>\n\t\t\t\t\t<\/div>\n\t\t<\/section>\n\t\t\t\t<section data-particle_enable=\"false\" data-particle-mobile-disabled=\"false\" class=\"elementor-section elementor-top-section elementor-element elementor-element-d920345 intro-text-middle  elementor-section-full_width elementor-section-height-default elementor-section-height-default\" data-id=\"d920345\" data-element_type=\"section\">\n\t\t\t\t\t\t<div class=\"elementor-container elementor-column-gap-default\">\n\t\t\t\t\t<div class=\"elementor-column elementor-col-100 elementor-top-column elementor-element elementor-element-dac1729\" data-id=\"dac1729\" data-element_type=\"column\">\n\t\t\t<div class=\"elementor-widget-wrap elementor-element-populated\">\n\t\t\t\t\t\t<div class=\"elementor-element elementor-element-2da8a94 elementor-widget elementor-widget-heading\" data-id=\"2da8a94\" data-element_type=\"widget\" data-widget_type=\"heading.default\">\n\t\t\t\t<div class=\"elementor-widget-container\">\n\t\t\t\t\t<h1 class=\"elementor-heading-title elementor-size-default\">UTRECHT CITY BREAK<\/h1>\t\t\t\t<\/div>\n\t\t\t\t<\/div>\n\t\t\t\t<div class=\"elementor-element elementor-element-75f1734 elementor-widget elementor-widget-heading\" data-id=\"75f1734\" data-element_type=\"widget\" data-widget_type=\"heading.default\">\n\t\t\t\t<div class=\"elementor-widget-container\">\n\t\t\t\t\t<h3 class=\"elementor-heading-title elementor-size-default\">Angebot<\/h3>\t\t\t\t<\/div>\n\t\t\t\t<\/div>\n\t\t\t\t<div class=\"elementor-element elementor-element-41dc481 elementor-widget elementor-widget-text-editor\" data-id=\"41dc481\" data-element_type=\"widget\" data-widget_type=\"text-editor.default\">\n\t\t\t\t<div class=\"elementor-widget-container\">\n\t\t\t\t\t\t\t\t\t<p>Eine ideale Kombination aus Shopping in Utrecht und einem romantischen Aufenthalt auf einem Landgut an der Vecht. Mit dem Einkaufsf\u00fchrer Utrecht finden Sie sch\u00f6ne und einzigartige Gesch\u00e4fte f\u00fcr einen wunderbaren Einkaufstag.<\/p>\n<p>Ab 245,-<\/p>\n\t\t\t\t\t\t\t\t<\/div>\n\t\t\t\t<\/div>\n\t\t\t\t<div class=\"elementor-element elementor-element-720c9e07 elementor-align-center beige-btn ohm-bw-submit ohm-mews-utrecht-city-break elementor-widget elementor-widget-button\" data-id=\"720c9e07\" data-element_type=\"widget\" data-widget_type=\"button.default\">\n\t\t\t\t<div class=\"elementor-widget-container\">\n\t\t\t\t\t\t\t\t\t<div class=\"elementor-button-wrapper\">\n\t\t\t\t\t<a class=\"elementor-button elementor-button-link elementor-size-sm\" href=\"#\">\n\t\t\t\t\t\t<span class=\"elementor-button-content-wrapper\">\n\t\t\t\t\t\t\t\t\t<span class=\"elementor-button-text\">BUCHEN SIE JETZT<\/span>\n\t\t\t\t\t<\/span>\n\t\t\t\t\t<\/a>\n\t\t\t\t<\/div>\n\t\t\t\t\t\t\t\t<\/div>\n\t\t\t\t<\/div>\n\t\t\t\t\t<\/div>\n\t\t<\/div>\n\t\t\t\t\t<\/div>\n\t\t<\/section>\n\t\t\t\t<section data-particle_enable=\"false\" data-particle-mobile-disabled=\"false\" class=\"elementor-section elementor-top-section elementor-element elementor-element-3cf726c text-left-img-right-out ohm-section-standard-padding elementor-section-boxed elementor-section-height-default elementor-section-height-default\" data-id=\"3cf726c\" data-element_type=\"section\" data-settings=\"{&quot;background_background&quot;:&quot;classic&quot;}\">\n\t\t\t\t\t\t<div class=\"elementor-container elementor-column-gap-default\">\n\t\t\t\t\t<div class=\"elementor-column elementor-col-100 elementor-top-column elementor-element elementor-element-26e1dc3 ohm-background-img-left\" data-id=\"26e1dc3\" data-element_type=\"column\" data-settings=\"{&quot;background_background&quot;:&quot;classic&quot;}\">\n\t\t\t<div class=\"elementor-widget-wrap elementor-element-populated\">\n\t\t\t\t\t\t<section data-particle_enable=\"false\" data-particle-mobile-disabled=\"false\" class=\"elementor-section elementor-inner-section elementor-element elementor-element-e34e41f text-left-img-right-in elementor-reverse-tablet elementor-reverse-mobile elementor-section-boxed elementor-section-height-default elementor-section-height-default\" data-id=\"e34e41f\" data-element_type=\"section\">\n\t\t\t\t\t\t<div class=\"elementor-container elementor-column-gap-default\">\n\t\t\t\t\t<div class=\"elementor-column elementor-col-50 elementor-inner-column elementor-element elementor-element-2c7b8fc text-left\" data-id=\"2c7b8fc\" data-element_type=\"column\" data-settings=\"{&quot;background_background&quot;:&quot;classic&quot;}\">\n\t\t\t<div class=\"elementor-widget-wrap elementor-element-populated\">\n\t\t\t\t\t\t<div class=\"elementor-element elementor-element-00f0d33 elementor-widget elementor-widget-heading\" data-id=\"00f0d33\" data-element_type=\"widget\" data-widget_type=\"heading.default\">\n\t\t\t\t<div class=\"elementor-widget-container\">\n\t\t\t\t\t<h4 class=\"elementor-heading-title elementor-size-default\"> EINSCHLIESSLICH<\/h4>\t\t\t\t<\/div>\n\t\t\t\t<\/div>\n\t\t\t\t<div class=\"elementor-element elementor-element-af5b7e9 elementor-widget elementor-widget-text-editor\" data-id=\"af5b7e9\" data-element_type=\"widget\" data-widget_type=\"text-editor.default\">\n\t\t\t\t<div class=\"elementor-widget-container\">\n\t\t\t\t\t\t\t\t\t<ul>\n<li>Ein Willkommens-Aperitif in der Bar oder zu Beginn des Abendessens<\/li>\n<li>\u00dcbernachtung in einem Komfortzimmer<\/li>\n<li>Komplettes Fr\u00fchst\u00fccksbuffet<\/li>\n<li>1 Tag \u00f6ffentliche Verkehrsmittel nach, in und von Utrecht<\/li>\n<li>Stadtf\u00fchrer Utrecht<\/li>\n<\/ul>\n\t\t\t\t\t\t\t\t<\/div>\n\t\t\t\t<\/div>\n\t\t\t\t\t<\/div>\n\t\t<\/div>\n\t\t\t\t<div class=\"elementor-column elementor-col-50 elementor-inner-column elementor-element elementor-element-7de1eb7 img-right\" data-id=\"7de1eb7\" data-element_type=\"column\">\n\t\t\t<div class=\"elementor-widget-wrap elementor-element-populated\">\n\t\t\t\t\t\t<div class=\"elementor-element elementor-element-b537485 elementor-pagination-position-inside elementor-arrows-position-inside elementor-widget elementor-widget-image-carousel\" data-id=\"b537485\" data-element_type=\"widget\" data-settings=\"{&quot;slides_to_show&quot;:&quot;1&quot;,&quot;autoplay&quot;:&quot;no&quot;,&quot;navigation&quot;:&quot;both&quot;,&quot;infinite&quot;:&quot;yes&quot;,&quot;effect&quot;:&quot;slide&quot;,&quot;speed&quot;:500}\" data-widget_type=\"image-carousel.default\">\n\t\t\t\t<div class=\"elementor-widget-container\">\n\t\t\t\t\t\t\t<div class=\"elementor-image-carousel-wrapper swiper\" role=\"region\" aria-roledescription=\"carousel\" aria-label=\"Bild Karussell\" dir=\"ltr\">\n\t\t\t<div class=\"elementor-image-carousel swiper-wrapper\" aria-live=\"polite\">\n\t\t\t\t\t\t\t\t<div class=\"swiper-slide\" role=\"group\" aria-roledescription=\"slide\" aria-label=\"1 von 1\"><a data-elementor-open-lightbox=\"yes\" data-elementor-lightbox-slideshow=\"b537485\" data-elementor-lightbox-title=\"Atlas entree - Hotel Flora Batava\" data-e-action-hash=\"#elementor-action%3Aaction%3Dlightbox%26settings%3DeyJpZCI6MzQ2NywidXJsIjoiaHR0cHM6XC9cL2Zsb3JhYmF0YXZhLmNvbVwvd3AtY29udGVudFwvdXBsb2Fkc1wvMjAyMFwvMTFcL0F0bGFzLWVudHJlZS1zY2FsZWQuanBnIiwic2xpZGVzaG93IjoiYjUzNzQ4NSJ9\" href=\"https:\/\/florabatava.com\/wp-content\/uploads\/2020\/11\/Atlas-entree-scaled.jpg\"><figure class=\"swiper-slide-inner\"><img decoding=\"async\" class=\"swiper-slide-image\" src=\"https:\/\/florabatava.com\/wp-content\/uploads\/2020\/11\/Atlas-entree-886x620.jpg\" alt=\"Atlas entree - Hotel Flora Batava\" \/><\/figure><\/a><\/div>\t\t\t<\/div>\n\t\t\t\t\t<\/div>\n\t\t\t\t\t\t<\/div>\n\t\t\t\t<\/div>\n\t\t\t\t\t<\/div>\n\t\t<\/div>\n\t\t\t\t\t<\/div>\n\t\t<\/section>\n\t\t\t\t\t<\/div>\n\t\t<\/div>\n\t\t\t\t\t<\/div>\n\t\t<\/section>\n\t\t\t\t<section data-particle_enable=\"false\" data-particle-mobile-disabled=\"false\" class=\"elementor-section elementor-top-section elementor-element elementor-element-08fa50f elementor-section-boxed elementor-section-height-default elementor-section-height-default\" data-id=\"08fa50f\" data-element_type=\"section\">\n\t\t\t\t\t\t<div class=\"elementor-container elementor-column-gap-default\">\n\t\t\t\t\t<div class=\"elementor-column elementor-col-100 elementor-top-column elementor-element elementor-element-6cda580\" data-id=\"6cda580\" data-element_type=\"column\">\n\t\t\t<div class=\"elementor-widget-wrap elementor-element-populated\">\n\t\t\t\t\t\t<div class=\"elementor-element elementor-element-2e53644 elementor-widget elementor-widget-spacer\" data-id=\"2e53644\" data-element_type=\"widget\" data-widget_type=\"spacer.default\">\n\t\t\t\t<div class=\"elementor-widget-container\">\n\t\t\t\t\t\t\t<div class=\"elementor-spacer\">\n\t\t\t<div class=\"elementor-spacer-inner\"><\/div>\n\t\t<\/div>\n\t\t\t\t\t\t<\/div>\n\t\t\t\t<\/div>\n\t\t\t\t\t<\/div>\n\t\t<\/div>\n\t\t\t\t\t<\/div>\n\t\t<\/section>\n\t\t\t\t<\/div>\n\t\t","protected":false},"excerpt":{"rendered":"<p>UTRECHT CITY BREAK Angebot Eine ideale Kombination aus Shopping in Utrecht und einem romantischen Aufenthalt auf einem Landgut an der Vecht. Mit dem Einkaufsf\u00fchrer Utrecht finden Sie sch\u00f6ne und einzigartige Gesch\u00e4fte f\u00fcr einen wunderbaren Einkaufstag. Ab 245,- BUCHEN SIE JETZT EINSCHLIESSLICH Ein Willkommens-Aperitif in der Bar oder zu Beginn des Abendessens \u00dcbernachtung in einem Komfortzimmer [&hellip;]<\/p>\n","protected":false},"author":29,"featured_media":0,"parent":3421,"menu_order":0,"comment_status":"closed","ping_status":"closed","template":"","meta":{"_acf_changed":false,"footnotes":""},"class_list":["post-3457","page","type-page","status-publish","hentry"],"acf":[],"yoast_head":"<!-- This site is optimized with the Yoast SEO plugin v26.8 - https:\/\/yoast.com\/product\/yoast-seo-wordpress\/ -->\n<title>Utrecht City Break Arrangement - Flora Batava Nieuwersluis Breukelen<\/title>\n<meta name=\"description\" content=\"Ontdek het Utrecht City Break Arrangement incl. Driegangen Diner en Openbaar Vervoer naar en in Utrecht. Boek deze Aanbieding nu.\" \/>\n<meta name=\"robots\" content=\"index, follow, max-snippet:-1, max-image-preview:large, max-video-preview:-1\" \/>\n<link rel=\"canonical\" href=\"https:\/\/florabatava.com\/de\/angebote\/utrecht-city-break\/\" \/>\n<meta property=\"og:locale\" content=\"de_DE\" \/>\n<meta property=\"og:type\" content=\"article\" \/>\n<meta property=\"og:title\" content=\"Utrecht City Break Arrangement - Flora Batava Nieuwersluis Breukelen\" \/>\n<meta property=\"og:description\" content=\"Ontdek het Utrecht City Break Arrangement incl. Driegangen Diner en Openbaar Vervoer naar en in Utrecht. Boek deze Aanbieding nu.\" \/>\n<meta property=\"og:url\" content=\"https:\/\/florabatava.com\/de\/angebote\/utrecht-city-break\/\" \/>\n<meta property=\"og:site_name\" content=\"Flora Batava\" \/>\n<meta property=\"article:modified_time\" content=\"2022-05-04T08:26:34+00:00\" \/>\n<meta property=\"og:image\" content=\"https:\/\/florabatava.com\/wp-content\/uploads\/2020\/11\/Atlas-entree-886x620.jpg\" \/>\n<meta name=\"twitter:card\" content=\"summary_large_image\" \/>\n<script type=\"application\/ld+json\" class=\"yoast-schema-graph\">{\"@context\":\"https:\/\/schema.org\",\"@graph\":[{\"@type\":\"WebPage\",\"@id\":\"https:\/\/florabatava.com\/de\/angebote\/utrecht-city-break\/\",\"url\":\"https:\/\/florabatava.com\/de\/angebote\/utrecht-city-break\/\",\"name\":\"Utrecht City Break Arrangement - Flora Batava Nieuwersluis Breukelen\",\"isPartOf\":{\"@id\":\"https:\/\/florabatava.com\/de\/#website\"},\"primaryImageOfPage\":{\"@id\":\"https:\/\/florabatava.com\/de\/angebote\/utrecht-city-break\/#primaryimage\"},\"image\":{\"@id\":\"https:\/\/florabatava.com\/de\/angebote\/utrecht-city-break\/#primaryimage\"},\"thumbnailUrl\":\"https:\/\/florabatava.com\/wp-content\/uploads\/2020\/11\/Atlas-entree-886x620.jpg\",\"datePublished\":\"2022-04-01T18:49:55+00:00\",\"dateModified\":\"2022-05-04T08:26:34+00:00\",\"description\":\"Ontdek het Utrecht City Break Arrangement incl. Driegangen Diner en Openbaar Vervoer naar en in Utrecht. Boek deze Aanbieding nu.\",\"breadcrumb\":{\"@id\":\"https:\/\/florabatava.com\/de\/angebote\/utrecht-city-break\/#breadcrumb\"},\"inLanguage\":\"de-DE\",\"potentialAction\":[{\"@type\":\"ReadAction\",\"target\":[\"https:\/\/florabatava.com\/de\/angebote\/utrecht-city-break\/\"]}]},{\"@type\":\"ImageObject\",\"inLanguage\":\"de-DE\",\"@id\":\"https:\/\/florabatava.com\/de\/angebote\/utrecht-city-break\/#primaryimage\",\"url\":\"https:\/\/florabatava.com\/wp-content\/uploads\/2020\/11\/Atlas-entree-886x620.jpg\",\"contentUrl\":\"https:\/\/florabatava.com\/wp-content\/uploads\/2020\/11\/Atlas-entree-886x620.jpg\"},{\"@type\":\"BreadcrumbList\",\"@id\":\"https:\/\/florabatava.com\/de\/angebote\/utrecht-city-break\/#breadcrumb\",\"itemListElement\":[{\"@type\":\"ListItem\",\"position\":1,\"name\":\"Home\",\"item\":\"https:\/\/florabatava.com\/de\/\"},{\"@type\":\"ListItem\",\"position\":2,\"name\":\"Angebote\",\"item\":\"https:\/\/florabatava.com\/de\/arrangementen\/\"},{\"@type\":\"ListItem\",\"position\":3,\"name\":\"Utrecht City Break\"}]},{\"@type\":\"WebSite\",\"@id\":\"https:\/\/florabatava.com\/de\/#website\",\"url\":\"https:\/\/florabatava.com\/de\/\",\"name\":\"Flora Batava\",\"description\":\"Flora Batava\",\"publisher\":{\"@id\":\"https:\/\/florabatava.com\/de\/#organization\"},\"potentialAction\":[{\"@type\":\"SearchAction\",\"target\":{\"@type\":\"EntryPoint\",\"urlTemplate\":\"https:\/\/florabatava.com\/de\/?s={search_term_string}\"},\"query-input\":{\"@type\":\"PropertyValueSpecification\",\"valueRequired\":true,\"valueName\":\"search_term_string\"}}],\"inLanguage\":\"de-DE\"},{\"@type\":\"Organization\",\"@id\":\"https:\/\/florabatava.com\/de\/#organization\",\"name\":\"Flora Batava\",\"url\":\"https:\/\/florabatava.com\/de\/\",\"logo\":{\"@type\":\"ImageObject\",\"inLanguage\":\"de-DE\",\"@id\":\"https:\/\/florabatava.com\/de\/#\/schema\/logo\/image\/\",\"url\":\"https:\/\/florabatava.com\/wp-content\/uploads\/2020\/06\/logo-flora-batava-compleet-zwart.svg\",\"contentUrl\":\"https:\/\/florabatava.com\/wp-content\/uploads\/2020\/06\/logo-flora-batava-compleet-zwart.svg\",\"width\":1,\"height\":1,\"caption\":\"Flora Batava\"},\"image\":{\"@id\":\"https:\/\/florabatava.com\/de\/#\/schema\/logo\/image\/\"}}]}<\/script>\n<!-- \/ Yoast SEO plugin. -->","yoast_head_json":{"title":"Utrecht City Break Arrangement - Flora Batava Nieuwersluis Breukelen","description":"Ontdek het Utrecht City Break Arrangement incl. Driegangen Diner en Openbaar Vervoer naar en in Utrecht. Boek deze Aanbieding nu.","robots":{"index":"index","follow":"follow","max-snippet":"max-snippet:-1","max-image-preview":"max-image-preview:large","max-video-preview":"max-video-preview:-1"},"canonical":"https:\/\/florabatava.com\/de\/angebote\/utrecht-city-break\/","og_locale":"de_DE","og_type":"article","og_title":"Utrecht City Break Arrangement - Flora Batava Nieuwersluis Breukelen","og_description":"Ontdek het Utrecht City Break Arrangement incl. Driegangen Diner en Openbaar Vervoer naar en in Utrecht. Boek deze Aanbieding nu.","og_url":"https:\/\/florabatava.com\/de\/angebote\/utrecht-city-break\/","og_site_name":"Flora Batava","article_modified_time":"2022-05-04T08:26:34+00:00","og_image":[{"url":"https:\/\/florabatava.com\/wp-content\/uploads\/2020\/11\/Atlas-entree-886x620.jpg","type":"","width":"","height":""}],"twitter_card":"summary_large_image","schema":{"@context":"https:\/\/schema.org","@graph":[{"@type":"WebPage","@id":"https:\/\/florabatava.com\/de\/angebote\/utrecht-city-break\/","url":"https:\/\/florabatava.com\/de\/angebote\/utrecht-city-break\/","name":"Utrecht City Break Arrangement - Flora Batava Nieuwersluis Breukelen","isPartOf":{"@id":"https:\/\/florabatava.com\/de\/#website"},"primaryImageOfPage":{"@id":"https:\/\/florabatava.com\/de\/angebote\/utrecht-city-break\/#primaryimage"},"image":{"@id":"https:\/\/florabatava.com\/de\/angebote\/utrecht-city-break\/#primaryimage"},"thumbnailUrl":"https:\/\/florabatava.com\/wp-content\/uploads\/2020\/11\/Atlas-entree-886x620.jpg","datePublished":"2022-04-01T18:49:55+00:00","dateModified":"2022-05-04T08:26:34+00:00","description":"Ontdek het Utrecht City Break Arrangement incl. Driegangen Diner en Openbaar Vervoer naar en in Utrecht. Boek deze Aanbieding nu.","breadcrumb":{"@id":"https:\/\/florabatava.com\/de\/angebote\/utrecht-city-break\/#breadcrumb"},"inLanguage":"de-DE","potentialAction":[{"@type":"ReadAction","target":["https:\/\/florabatava.com\/de\/angebote\/utrecht-city-break\/"]}]},{"@type":"ImageObject","inLanguage":"de-DE","@id":"https:\/\/florabatava.com\/de\/angebote\/utrecht-city-break\/#primaryimage","url":"https:\/\/florabatava.com\/wp-content\/uploads\/2020\/11\/Atlas-entree-886x620.jpg","contentUrl":"https:\/\/florabatava.com\/wp-content\/uploads\/2020\/11\/Atlas-entree-886x620.jpg"},{"@type":"BreadcrumbList","@id":"https:\/\/florabatava.com\/de\/angebote\/utrecht-city-break\/#breadcrumb","itemListElement":[{"@type":"ListItem","position":1,"name":"Home","item":"https:\/\/florabatava.com\/de\/"},{"@type":"ListItem","position":2,"name":"Angebote","item":"https:\/\/florabatava.com\/de\/arrangementen\/"},{"@type":"ListItem","position":3,"name":"Utrecht City Break"}]},{"@type":"WebSite","@id":"https:\/\/florabatava.com\/de\/#website","url":"https:\/\/florabatava.com\/de\/","name":"Flora Batava","description":"Flora Batava","publisher":{"@id":"https:\/\/florabatava.com\/de\/#organization"},"potentialAction":[{"@type":"SearchAction","target":{"@type":"EntryPoint","urlTemplate":"https:\/\/florabatava.com\/de\/?s={search_term_string}"},"query-input":{"@type":"PropertyValueSpecification","valueRequired":true,"valueName":"search_term_string"}}],"inLanguage":"de-DE"},{"@type":"Organization","@id":"https:\/\/florabatava.com\/de\/#organization","name":"Flora Batava","url":"https:\/\/florabatava.com\/de\/","logo":{"@type":"ImageObject","inLanguage":"de-DE","@id":"https:\/\/florabatava.com\/de\/#\/schema\/logo\/image\/","url":"https:\/\/florabatava.com\/wp-content\/uploads\/2020\/06\/logo-flora-batava-compleet-zwart.svg","contentUrl":"https:\/\/florabatava.com\/wp-content\/uploads\/2020\/06\/logo-flora-batava-compleet-zwart.svg","width":1,"height":1,"caption":"Flora Batava"},"image":{"@id":"https:\/\/florabatava.com\/de\/#\/schema\/logo\/image\/"}}]}},"_links":{"self":[{"href":"https:\/\/florabatava.com\/de\/wp-json\/wp\/v2\/pages\/3457","targetHints":{"allow":["GET"]}}],"collection":[{"href":"https:\/\/florabatava.com\/de\/wp-json\/wp\/v2\/pages"}],"about":[{"href":"https:\/\/florabatava.com\/de\/wp-json\/wp\/v2\/types\/page"}],"author":[{"embeddable":true,"href":"https:\/\/florabatava.com\/de\/wp-json\/wp\/v2\/users\/29"}],"replies":[{"embeddable":true,"href":"https:\/\/florabatava.com\/de\/wp-json\/wp\/v2\/comments?post=3457"}],"version-history":[{"count":0,"href":"https:\/\/florabatava.com\/de\/wp-json\/wp\/v2\/pages\/3457\/revisions"}],"up":[{"embeddable":true,"href":"https:\/\/florabatava.com\/de\/wp-json\/wp\/v2\/pages\/3421"}],"wp:attachment":[{"href":"https:\/\/florabatava.com\/de\/wp-json\/wp\/v2\/media?parent=3457"}],"curies":[{"name":"wp","href":"https:\/\/api.w.org\/{rel}","templated":true}]}}