{"id":3563,"date":"2022-04-02T12:43:53","date_gmt":"2022-04-02T12:43:53","guid":{"rendered":"https:\/\/florabatava.com\/entdecken\/kultur-geschichte\/loosdrechtse-plassen\/"},"modified":"2022-04-20T10:17:43","modified_gmt":"2022-04-20T10:17:43","slug":"loosdrechtse-plassen","status":"publish","type":"page","link":"https:\/\/florabatava.com\/de\/entdecken\/kultur-geschichte\/loosdrechtse-plassen\/","title":{"rendered":"Loosdrechtse Plassen"},"content":{"rendered":"\t\t<div data-elementor-type=\"wp-page\" data-elementor-id=\"3563\" class=\"elementor elementor-3563 elementor-1797\" data-elementor-post-type=\"page\">\n\t\t\t\t\t\t<section data-particle_enable=\"false\" data-particle-mobile-disabled=\"false\" class=\"elementor-section elementor-top-section elementor-element elementor-element-49d3c94 elementor-section-height-min-height elementor-section-items-top hero-image elementor-section-boxed elementor-section-height-default\" data-id=\"49d3c94\" data-element_type=\"section\" data-settings=\"{&quot;background_background&quot;:&quot;classic&quot;}\">\n\t\t\t\t\t\t\t<div class=\"elementor-background-overlay\"><\/div>\n\t\t\t\t\t\t\t<div class=\"elementor-container elementor-column-gap-default\">\n\t\t\t\t\t<div class=\"elementor-column elementor-col-100 elementor-top-column elementor-element elementor-element-c3ab5f1\" data-id=\"c3ab5f1\" data-element_type=\"column\">\n\t\t\t<div class=\"elementor-widget-wrap elementor-element-populated\">\n\t\t\t\t\t\t<div class=\"elementor-element elementor-element-aa295d1 elementor-widget elementor-widget-spacer\" data-id=\"aa295d1\" data-element_type=\"widget\" data-widget_type=\"spacer.default\">\n\t\t\t\t<div class=\"elementor-widget-container\">\n\t\t\t\t\t\t\t<div class=\"elementor-spacer\">\n\t\t\t<div class=\"elementor-spacer-inner\"><\/div>\n\t\t<\/div>\n\t\t\t\t\t\t<\/div>\n\t\t\t\t<\/div>\n\t\t\t\t\t<\/div>\n\t\t<\/div>\n\t\t\t\t\t<\/div>\n\t\t<\/section>\n\t\t\t\t<section data-particle_enable=\"false\" data-particle-mobile-disabled=\"false\" class=\"elementor-section elementor-top-section elementor-element elementor-element-d920345 intro-text-middle  elementor-section-full_width elementor-section-height-default elementor-section-height-default\" data-id=\"d920345\" data-element_type=\"section\">\n\t\t\t\t\t\t<div class=\"elementor-container elementor-column-gap-default\">\n\t\t\t\t\t<div class=\"elementor-column elementor-col-100 elementor-top-column elementor-element elementor-element-dac1729\" data-id=\"dac1729\" data-element_type=\"column\">\n\t\t\t<div class=\"elementor-widget-wrap elementor-element-populated\">\n\t\t\t\t\t\t<div class=\"elementor-element elementor-element-2da8a94 elementor-widget elementor-widget-heading\" data-id=\"2da8a94\" data-element_type=\"widget\" data-widget_type=\"heading.default\">\n\t\t\t\t<div class=\"elementor-widget-container\">\n\t\t\t\t\t<h1 class=\"elementor-heading-title elementor-size-default\">LOOSDRECHTSE PLASSEN<\/h1>\t\t\t\t<\/div>\n\t\t\t\t<\/div>\n\t\t\t\t<div class=\"elementor-element elementor-element-75f1734 elementor-widget elementor-widget-heading\" data-id=\"75f1734\" data-element_type=\"widget\" data-widget_type=\"heading.default\">\n\t\t\t\t<div class=\"elementor-widget-container\">\n\t\t\t\t\t<h3 class=\"elementor-heading-title elementor-size-default\">WASSERSPORT UND GESCHICHTE<\/h3>\t\t\t\t<\/div>\n\t\t\t\t<\/div>\n\t\t\t\t<div class=\"elementor-element elementor-element-41dc481 elementor-widget elementor-widget-text-editor\" data-id=\"41dc481\" data-element_type=\"widget\" data-widget_type=\"text-editor.default\">\n\t\t\t\t<div class=\"elementor-widget-container\">\n\t\t\t\t\t\t\t\t\t<p>Urspr\u00fcnglich waren die Loosdrechtse Plassen ein Torfgebiet. Die Pf\u00fctzen entstanden, als Torf f\u00fcr Torf gehackt wurde. Heute sind die Loosdrechtse Plassen ideal f\u00fcr Wassersport und verschiedene Aktivit\u00e4ten.<\/p>\n\t\t\t\t\t\t\t\t<\/div>\n\t\t\t\t<\/div>\n\t\t\t\t\t<\/div>\n\t\t<\/div>\n\t\t\t\t\t<\/div>\n\t\t<\/section>\n\t\t\t\t<section data-particle_enable=\"false\" data-particle-mobile-disabled=\"false\" class=\"elementor-section elementor-top-section elementor-element elementor-element-43456a8 two-img-row-modern-out ohm-section-standard-padding elementor-section-boxed elementor-section-height-default elementor-section-height-default\" data-id=\"43456a8\" data-element_type=\"section\">\n\t\t\t\t\t\t<div class=\"elementor-container elementor-column-gap-default\">\n\t\t\t\t\t<div class=\"elementor-column elementor-col-100 elementor-top-column elementor-element elementor-element-5d10264\" data-id=\"5d10264\" data-element_type=\"column\">\n\t\t\t<div class=\"elementor-widget-wrap elementor-element-populated\">\n\t\t\t\t\t\t<section data-particle_enable=\"false\" data-particle-mobile-disabled=\"false\" class=\"elementor-section elementor-inner-section elementor-element elementor-element-f114afd two-img-row-modern elementor-section-boxed elementor-section-height-default elementor-section-height-default\" data-id=\"f114afd\" data-element_type=\"section\">\n\t\t\t\t\t\t<div class=\"elementor-container elementor-column-gap-default\">\n\t\t\t\t\t<div class=\"elementor-column elementor-col-50 elementor-inner-column elementor-element elementor-element-0598755 row-modern-first\" data-id=\"0598755\" data-element_type=\"column\" data-settings=\"{&quot;background_background&quot;:&quot;classic&quot;}\">\n\t\t\t<div class=\"elementor-widget-wrap elementor-element-populated\">\n\t\t\t\t\t\t<div class=\"elementor-element elementor-element-ffe2da1 elementor-widget elementor-widget-image\" data-id=\"ffe2da1\" data-element_type=\"widget\" data-widget_type=\"image.default\">\n\t\t\t\t<div class=\"elementor-widget-container\">\n\t\t\t\t\t\t\t\t\t\t\t\t\t\t\t<img fetchpriority=\"high\" decoding=\"async\" width=\"540\" height=\"540\" src=\"https:\/\/florabatava.com\/wp-content\/uploads\/2020\/06\/IMG_0859-540x540.jpg\" class=\"attachment-Intro Image size-Intro Image wp-image-1072\" alt=\"\" srcset=\"https:\/\/florabatava.com\/wp-content\/uploads\/2020\/06\/IMG_0859-540x540.jpg 540w, https:\/\/florabatava.com\/wp-content\/uploads\/2020\/06\/IMG_0859-590x590.jpg 590w, https:\/\/florabatava.com\/wp-content\/uploads\/2020\/06\/IMG_0859-150x150.jpg 150w\" sizes=\"(max-width: 540px) 100vw, 540px\" \/>\t\t\t\t\t\t\t\t\t\t\t\t\t\t\t<\/div>\n\t\t\t\t<\/div>\n\t\t\t\t<div class=\"elementor-element elementor-element-878f48f elementor-widget elementor-widget-heading\" data-id=\"878f48f\" data-element_type=\"widget\" data-widget_type=\"heading.default\">\n\t\t\t\t<div class=\"elementor-widget-container\">\n\t\t\t\t\t<h4 class=\"elementor-heading-title elementor-size-default\">WASSERSPORT &amp; NATUR<\/h4>\t\t\t\t<\/div>\n\t\t\t\t<\/div>\n\t\t\t\t<div class=\"elementor-element elementor-element-fad8d90 elementor-widget elementor-widget-text-editor\" data-id=\"fad8d90\" data-element_type=\"widget\" data-widget_type=\"text-editor.default\">\n\t\t\t\t<div class=\"elementor-widget-container\">\n\t\t\t\t\t\t\t\t\t<p>Die Loosdrechtse Plassen sind ein gro\u00dfartiges Wassersport- und Naturschutzgebiet. Am besten genie\u00dft man die Loosdrechtse Plassen vom Wasser aus. Und daf\u00fcr gibt es viele M\u00f6glichkeiten. Bei Flora Batava k\u00f6nnen Sie eine Schaluppe oder ein Sup-Board mieten. \u00dcber die Vecht erreichen Sie die Loosdrechtse Plassen. An der Rezeption k\u00f6nnen Sie sich auch nach anderen Aktivit\u00e4ten wie Rudern, Kanufahren, Segeln oder Wasserski erkundigen.<\/p>\n\t\t\t\t\t\t\t\t<\/div>\n\t\t\t\t<\/div>\n\t\t\t\t\t<\/div>\n\t\t<\/div>\n\t\t\t\t<div class=\"elementor-column elementor-col-50 elementor-inner-column elementor-element elementor-element-850143f row-modern-last\" data-id=\"850143f\" data-element_type=\"column\" data-settings=\"{&quot;background_background&quot;:&quot;classic&quot;}\">\n\t\t\t<div class=\"elementor-widget-wrap elementor-element-populated\">\n\t\t\t\t\t\t<div class=\"elementor-element elementor-element-6454d83 elementor-widget elementor-widget-image\" data-id=\"6454d83\" data-element_type=\"widget\" data-widget_type=\"image.default\">\n\t\t\t\t<div class=\"elementor-widget-container\">\n\t\t\t\t\t\t\t\t\t\t\t\t\t\t\t<img decoding=\"async\" width=\"540\" height=\"540\" src=\"https:\/\/florabatava.com\/wp-content\/uploads\/2020\/11\/Loosdrechtse-plassen-1-1-540x540.jpg\" class=\"attachment-Intro Image size-Intro Image wp-image-2307\" alt=\"\" srcset=\"https:\/\/florabatava.com\/wp-content\/uploads\/2020\/11\/Loosdrechtse-plassen-1-1-540x540.jpg 540w, https:\/\/florabatava.com\/wp-content\/uploads\/2020\/11\/Loosdrechtse-plassen-1-1-590x590.jpg 590w, https:\/\/florabatava.com\/wp-content\/uploads\/2020\/11\/Loosdrechtse-plassen-1-1-150x150.jpg 150w\" sizes=\"(max-width: 540px) 100vw, 540px\" \/>\t\t\t\t\t\t\t\t\t\t\t\t\t\t\t<\/div>\n\t\t\t\t<\/div>\n\t\t\t\t<div class=\"elementor-element elementor-element-98fb3cf elementor-widget elementor-widget-heading\" data-id=\"98fb3cf\" data-element_type=\"widget\" data-widget_type=\"heading.default\">\n\t\t\t\t<div class=\"elementor-widget-container\">\n\t\t\t\t\t<h4 class=\"elementor-heading-title elementor-size-default\">NAVIGATION &amp; FAHRR\u00c4DER<\/h4>\t\t\t\t<\/div>\n\t\t\t\t<\/div>\n\t\t\t\t<div class=\"elementor-element elementor-element-7c9ac15 elementor-widget elementor-widget-text-editor\" data-id=\"7c9ac15\" data-element_type=\"widget\" data-widget_type=\"text-editor.default\">\n\t\t\t\t<div class=\"elementor-widget-container\">\n\t\t\t\t\t\t\t\t\t<p>Wenn Sie von Flora Batava in Richtung Loosdrechtse Plassen segeln, fahren Sie durch die Luftl\u00f6cher der Kiewer Bucht. Auf dem Wasser begegnen Sie Seerosen, G\u00e4nsen, V\u00f6geln und schwankendem Schilf. Es ist auch m\u00f6glich, eine 30 km lange Radtour um die Loosdrechtse Plassen zu unternehmen.<\/p>\n\t\t\t\t\t\t\t\t<\/div>\n\t\t\t\t<\/div>\n\t\t\t\t\t<\/div>\n\t\t<\/div>\n\t\t\t\t\t<\/div>\n\t\t<\/section>\n\t\t\t\t<section data-particle_enable=\"false\" data-particle-mobile-disabled=\"false\" class=\"elementor-section elementor-inner-section elementor-element elementor-element-471bf9a two-img-row-modern-background elementor-section-boxed elementor-section-height-default elementor-section-height-default\" data-id=\"471bf9a\" data-element_type=\"section\" data-settings=\"{&quot;background_background&quot;:&quot;classic&quot;}\">\n\t\t\t\t\t\t<div class=\"elementor-container elementor-column-gap-default\">\n\t\t\t\t\t<div class=\"elementor-column elementor-col-100 elementor-inner-column elementor-element elementor-element-db580dc\" data-id=\"db580dc\" data-element_type=\"column\">\n\t\t\t<div class=\"elementor-widget-wrap\">\n\t\t\t\t\t\t\t<\/div>\n\t\t<\/div>\n\t\t\t\t\t<\/div>\n\t\t<\/section>\n\t\t\t\t\t<\/div>\n\t\t<\/div>\n\t\t\t\t\t<\/div>\n\t\t<\/section>\n\t\t\t\t<section data-particle_enable=\"false\" data-particle-mobile-disabled=\"false\" class=\"elementor-section elementor-top-section elementor-element elementor-element-717fadb elementor-section-boxed elementor-section-height-default elementor-section-height-default\" data-id=\"717fadb\" data-element_type=\"section\">\n\t\t\t\t\t\t<div class=\"elementor-container elementor-column-gap-default\">\n\t\t\t\t\t<div class=\"elementor-column elementor-col-100 elementor-top-column elementor-element elementor-element-374c24e\" data-id=\"374c24e\" data-element_type=\"column\">\n\t\t\t<div class=\"elementor-widget-wrap elementor-element-populated\">\n\t\t\t\t\t\t<div class=\"elementor-element elementor-element-acc2e55 elementor-widget elementor-widget-spacer\" data-id=\"acc2e55\" data-element_type=\"widget\" data-widget_type=\"spacer.default\">\n\t\t\t\t<div class=\"elementor-widget-container\">\n\t\t\t\t\t\t\t<div class=\"elementor-spacer\">\n\t\t\t<div class=\"elementor-spacer-inner\"><\/div>\n\t\t<\/div>\n\t\t\t\t\t\t<\/div>\n\t\t\t\t<\/div>\n\t\t\t\t\t<\/div>\n\t\t<\/div>\n\t\t\t\t\t<\/div>\n\t\t<\/section>\n\t\t\t\t<\/div>\n\t\t","protected":false},"excerpt":{"rendered":"<p>LOOSDRECHTSE PLASSEN WASSERSPORT UND GESCHICHTE Urspr\u00fcnglich waren die Loosdrechtse Plassen ein Torfgebiet. Die Pf\u00fctzen entstanden, als Torf f\u00fcr Torf gehackt wurde. Heute sind die Loosdrechtse Plassen ideal f\u00fcr Wassersport und verschiedene Aktivit\u00e4ten. WASSERSPORT &#038; NATUR Die Loosdrechtse Plassen sind ein gro\u00dfartiges Wassersport- und Naturschutzgebiet. Am besten genie\u00dft man die Loosdrechtse Plassen vom Wasser aus. Und [&hellip;]<\/p>\n","protected":false},"author":29,"featured_media":0,"parent":3559,"menu_order":0,"comment_status":"closed","ping_status":"closed","template":"","meta":{"_acf_changed":false,"footnotes":""},"class_list":["post-3563","page","type-page","status-publish","hentry"],"acf":[],"yoast_head":"<!-- This site is optimized with the Yoast SEO plugin v26.8 - https:\/\/yoast.com\/product\/yoast-seo-wordpress\/ -->\n<title>Omgeving - Loosdrechtse Plassen - Hotel Flora Batava Nieuwersluis<\/title>\n<meta name=\"description\" content=\"De Loosdrechtse Plassen lenen zich uitstekend voor Watersport en verschillende Activiteiten. Bekijk onze Tips over de Vechtstreek.\" \/>\n<meta name=\"robots\" content=\"index, follow, max-snippet:-1, max-image-preview:large, max-video-preview:-1\" \/>\n<link rel=\"canonical\" href=\"https:\/\/florabatava.com\/de\/entdecken\/kultur-geschichte\/loosdrechtse-plassen\/\" \/>\n<meta property=\"og:locale\" content=\"de_DE\" \/>\n<meta property=\"og:type\" content=\"article\" \/>\n<meta property=\"og:title\" content=\"Omgeving - Loosdrechtse Plassen - Hotel Flora Batava Nieuwersluis\" \/>\n<meta property=\"og:description\" content=\"De Loosdrechtse Plassen lenen zich uitstekend voor Watersport en verschillende Activiteiten. Bekijk onze Tips over de Vechtstreek.\" \/>\n<meta property=\"og:url\" content=\"https:\/\/florabatava.com\/de\/entdecken\/kultur-geschichte\/loosdrechtse-plassen\/\" \/>\n<meta property=\"og:site_name\" content=\"Flora Batava\" \/>\n<meta property=\"article:modified_time\" content=\"2022-04-20T10:17:43+00:00\" \/>\n<meta property=\"og:image\" content=\"https:\/\/florabatava.com\/wp-content\/uploads\/2020\/06\/IMG_0859-540x540.jpg\" \/>\n<meta name=\"twitter:card\" content=\"summary_large_image\" \/>\n<meta name=\"twitter:label1\" content=\"Gesch\u00e4tzte Lesezeit\" \/>\n\t<meta name=\"twitter:data1\" content=\"1 Minute\" \/>\n<script type=\"application\/ld+json\" class=\"yoast-schema-graph\">{\"@context\":\"https:\/\/schema.org\",\"@graph\":[{\"@type\":\"WebPage\",\"@id\":\"https:\/\/florabatava.com\/de\/entdecken\/kultur-geschichte\/loosdrechtse-plassen\/\",\"url\":\"https:\/\/florabatava.com\/de\/entdecken\/kultur-geschichte\/loosdrechtse-plassen\/\",\"name\":\"Omgeving - Loosdrechtse Plassen - Hotel Flora Batava Nieuwersluis\",\"isPartOf\":{\"@id\":\"https:\/\/florabatava.com\/de\/#website\"},\"primaryImageOfPage\":{\"@id\":\"https:\/\/florabatava.com\/de\/entdecken\/kultur-geschichte\/loosdrechtse-plassen\/#primaryimage\"},\"image\":{\"@id\":\"https:\/\/florabatava.com\/de\/entdecken\/kultur-geschichte\/loosdrechtse-plassen\/#primaryimage\"},\"thumbnailUrl\":\"https:\/\/florabatava.com\/wp-content\/uploads\/2020\/06\/IMG_0859-540x540.jpg\",\"datePublished\":\"2022-04-02T12:43:53+00:00\",\"dateModified\":\"2022-04-20T10:17:43+00:00\",\"description\":\"De Loosdrechtse Plassen lenen zich uitstekend voor Watersport en verschillende Activiteiten. Bekijk onze Tips over de Vechtstreek.\",\"breadcrumb\":{\"@id\":\"https:\/\/florabatava.com\/de\/entdecken\/kultur-geschichte\/loosdrechtse-plassen\/#breadcrumb\"},\"inLanguage\":\"de-DE\",\"potentialAction\":[{\"@type\":\"ReadAction\",\"target\":[\"https:\/\/florabatava.com\/de\/entdecken\/kultur-geschichte\/loosdrechtse-plassen\/\"]}]},{\"@type\":\"ImageObject\",\"inLanguage\":\"de-DE\",\"@id\":\"https:\/\/florabatava.com\/de\/entdecken\/kultur-geschichte\/loosdrechtse-plassen\/#primaryimage\",\"url\":\"https:\/\/florabatava.com\/wp-content\/uploads\/2020\/06\/IMG_0859-540x540.jpg\",\"contentUrl\":\"https:\/\/florabatava.com\/wp-content\/uploads\/2020\/06\/IMG_0859-540x540.jpg\"},{\"@type\":\"BreadcrumbList\",\"@id\":\"https:\/\/florabatava.com\/de\/entdecken\/kultur-geschichte\/loosdrechtse-plassen\/#breadcrumb\",\"itemListElement\":[{\"@type\":\"ListItem\",\"position\":1,\"name\":\"Home\",\"item\":\"https:\/\/florabatava.com\/de\/\"},{\"@type\":\"ListItem\",\"position\":2,\"name\":\"Entdecken\",\"item\":\"https:\/\/florabatava.com\/de\/ontdek\/\"},{\"@type\":\"ListItem\",\"position\":3,\"name\":\"Kultur &#038; Geschichte\",\"item\":\"https:\/\/florabatava.com\/de\/ontdek\/cultuur-geschiedenis\/\"},{\"@type\":\"ListItem\",\"position\":4,\"name\":\"Loosdrechtse Plassen\"}]},{\"@type\":\"WebSite\",\"@id\":\"https:\/\/florabatava.com\/de\/#website\",\"url\":\"https:\/\/florabatava.com\/de\/\",\"name\":\"Flora Batava\",\"description\":\"Flora Batava\",\"publisher\":{\"@id\":\"https:\/\/florabatava.com\/de\/#organization\"},\"potentialAction\":[{\"@type\":\"SearchAction\",\"target\":{\"@type\":\"EntryPoint\",\"urlTemplate\":\"https:\/\/florabatava.com\/de\/?s={search_term_string}\"},\"query-input\":{\"@type\":\"PropertyValueSpecification\",\"valueRequired\":true,\"valueName\":\"search_term_string\"}}],\"inLanguage\":\"de-DE\"},{\"@type\":\"Organization\",\"@id\":\"https:\/\/florabatava.com\/de\/#organization\",\"name\":\"Flora Batava\",\"url\":\"https:\/\/florabatava.com\/de\/\",\"logo\":{\"@type\":\"ImageObject\",\"inLanguage\":\"de-DE\",\"@id\":\"https:\/\/florabatava.com\/de\/#\/schema\/logo\/image\/\",\"url\":\"https:\/\/florabatava.com\/wp-content\/uploads\/2020\/06\/logo-flora-batava-compleet-zwart.svg\",\"contentUrl\":\"https:\/\/florabatava.com\/wp-content\/uploads\/2020\/06\/logo-flora-batava-compleet-zwart.svg\",\"width\":1,\"height\":1,\"caption\":\"Flora Batava\"},\"image\":{\"@id\":\"https:\/\/florabatava.com\/de\/#\/schema\/logo\/image\/\"}}]}<\/script>\n<!-- \/ Yoast SEO plugin. -->","yoast_head_json":{"title":"Omgeving - Loosdrechtse Plassen - Hotel Flora Batava Nieuwersluis","description":"De Loosdrechtse Plassen lenen zich uitstekend voor Watersport en verschillende Activiteiten. Bekijk onze Tips over de Vechtstreek.","robots":{"index":"index","follow":"follow","max-snippet":"max-snippet:-1","max-image-preview":"max-image-preview:large","max-video-preview":"max-video-preview:-1"},"canonical":"https:\/\/florabatava.com\/de\/entdecken\/kultur-geschichte\/loosdrechtse-plassen\/","og_locale":"de_DE","og_type":"article","og_title":"Omgeving - Loosdrechtse Plassen - Hotel Flora Batava Nieuwersluis","og_description":"De Loosdrechtse Plassen lenen zich uitstekend voor Watersport en verschillende Activiteiten. Bekijk onze Tips over de Vechtstreek.","og_url":"https:\/\/florabatava.com\/de\/entdecken\/kultur-geschichte\/loosdrechtse-plassen\/","og_site_name":"Flora Batava","article_modified_time":"2022-04-20T10:17:43+00:00","og_image":[{"url":"https:\/\/florabatava.com\/wp-content\/uploads\/2020\/06\/IMG_0859-540x540.jpg","type":"","width":"","height":""}],"twitter_card":"summary_large_image","twitter_misc":{"Gesch\u00e4tzte Lesezeit":"1 Minute"},"schema":{"@context":"https:\/\/schema.org","@graph":[{"@type":"WebPage","@id":"https:\/\/florabatava.com\/de\/entdecken\/kultur-geschichte\/loosdrechtse-plassen\/","url":"https:\/\/florabatava.com\/de\/entdecken\/kultur-geschichte\/loosdrechtse-plassen\/","name":"Omgeving - Loosdrechtse Plassen - Hotel Flora Batava Nieuwersluis","isPartOf":{"@id":"https:\/\/florabatava.com\/de\/#website"},"primaryImageOfPage":{"@id":"https:\/\/florabatava.com\/de\/entdecken\/kultur-geschichte\/loosdrechtse-plassen\/#primaryimage"},"image":{"@id":"https:\/\/florabatava.com\/de\/entdecken\/kultur-geschichte\/loosdrechtse-plassen\/#primaryimage"},"thumbnailUrl":"https:\/\/florabatava.com\/wp-content\/uploads\/2020\/06\/IMG_0859-540x540.jpg","datePublished":"2022-04-02T12:43:53+00:00","dateModified":"2022-04-20T10:17:43+00:00","description":"De Loosdrechtse Plassen lenen zich uitstekend voor Watersport en verschillende Activiteiten. Bekijk onze Tips over de Vechtstreek.","breadcrumb":{"@id":"https:\/\/florabatava.com\/de\/entdecken\/kultur-geschichte\/loosdrechtse-plassen\/#breadcrumb"},"inLanguage":"de-DE","potentialAction":[{"@type":"ReadAction","target":["https:\/\/florabatava.com\/de\/entdecken\/kultur-geschichte\/loosdrechtse-plassen\/"]}]},{"@type":"ImageObject","inLanguage":"de-DE","@id":"https:\/\/florabatava.com\/de\/entdecken\/kultur-geschichte\/loosdrechtse-plassen\/#primaryimage","url":"https:\/\/florabatava.com\/wp-content\/uploads\/2020\/06\/IMG_0859-540x540.jpg","contentUrl":"https:\/\/florabatava.com\/wp-content\/uploads\/2020\/06\/IMG_0859-540x540.jpg"},{"@type":"BreadcrumbList","@id":"https:\/\/florabatava.com\/de\/entdecken\/kultur-geschichte\/loosdrechtse-plassen\/#breadcrumb","itemListElement":[{"@type":"ListItem","position":1,"name":"Home","item":"https:\/\/florabatava.com\/de\/"},{"@type":"ListItem","position":2,"name":"Entdecken","item":"https:\/\/florabatava.com\/de\/ontdek\/"},{"@type":"ListItem","position":3,"name":"Kultur &#038; Geschichte","item":"https:\/\/florabatava.com\/de\/ontdek\/cultuur-geschiedenis\/"},{"@type":"ListItem","position":4,"name":"Loosdrechtse Plassen"}]},{"@type":"WebSite","@id":"https:\/\/florabatava.com\/de\/#website","url":"https:\/\/florabatava.com\/de\/","name":"Flora Batava","description":"Flora Batava","publisher":{"@id":"https:\/\/florabatava.com\/de\/#organization"},"potentialAction":[{"@type":"SearchAction","target":{"@type":"EntryPoint","urlTemplate":"https:\/\/florabatava.com\/de\/?s={search_term_string}"},"query-input":{"@type":"PropertyValueSpecification","valueRequired":true,"valueName":"search_term_string"}}],"inLanguage":"de-DE"},{"@type":"Organization","@id":"https:\/\/florabatava.com\/de\/#organization","name":"Flora Batava","url":"https:\/\/florabatava.com\/de\/","logo":{"@type":"ImageObject","inLanguage":"de-DE","@id":"https:\/\/florabatava.com\/de\/#\/schema\/logo\/image\/","url":"https:\/\/florabatava.com\/wp-content\/uploads\/2020\/06\/logo-flora-batava-compleet-zwart.svg","contentUrl":"https:\/\/florabatava.com\/wp-content\/uploads\/2020\/06\/logo-flora-batava-compleet-zwart.svg","width":1,"height":1,"caption":"Flora Batava"},"image":{"@id":"https:\/\/florabatava.com\/de\/#\/schema\/logo\/image\/"}}]}},"_links":{"self":[{"href":"https:\/\/florabatava.com\/de\/wp-json\/wp\/v2\/pages\/3563","targetHints":{"allow":["GET"]}}],"collection":[{"href":"https:\/\/florabatava.com\/de\/wp-json\/wp\/v2\/pages"}],"about":[{"href":"https:\/\/florabatava.com\/de\/wp-json\/wp\/v2\/types\/page"}],"author":[{"embeddable":true,"href":"https:\/\/florabatava.com\/de\/wp-json\/wp\/v2\/users\/29"}],"replies":[{"embeddable":true,"href":"https:\/\/florabatava.com\/de\/wp-json\/wp\/v2\/comments?post=3563"}],"version-history":[{"count":0,"href":"https:\/\/florabatava.com\/de\/wp-json\/wp\/v2\/pages\/3563\/revisions"}],"up":[{"embeddable":true,"href":"https:\/\/florabatava.com\/de\/wp-json\/wp\/v2\/pages\/3559"}],"wp:attachment":[{"href":"https:\/\/florabatava.com\/de\/wp-json\/wp\/v2\/media?parent=3563"}],"curies":[{"name":"wp","href":"https:\/\/api.w.org\/{rel}","templated":true}]}}