{"id":3564,"date":"2022-04-02T12:45:24","date_gmt":"2022-04-02T12:45:24","guid":{"rendered":"https:\/\/florabatava.com\/entdecken\/kultur-geschichte\/muehlen\/"},"modified":"2022-04-20T10:18:04","modified_gmt":"2022-04-20T10:18:04","slug":"muehlen","status":"publish","type":"page","link":"https:\/\/florabatava.com\/de\/entdecken\/kultur-geschichte\/muehlen\/","title":{"rendered":"M\u00fchlen"},"content":{"rendered":"\t\t<div data-elementor-type=\"wp-page\" data-elementor-id=\"3564\" class=\"elementor elementor-3564 elementor-1795\" data-elementor-post-type=\"page\">\n\t\t\t\t\t\t<section data-particle_enable=\"false\" data-particle-mobile-disabled=\"false\" class=\"elementor-section elementor-top-section elementor-element elementor-element-49d3c94 elementor-section-height-min-height elementor-section-items-top hero-image elementor-section-boxed elementor-section-height-default\" data-id=\"49d3c94\" data-element_type=\"section\" data-settings=\"{&quot;background_background&quot;:&quot;classic&quot;}\">\n\t\t\t\t\t\t\t<div class=\"elementor-background-overlay\"><\/div>\n\t\t\t\t\t\t\t<div class=\"elementor-container elementor-column-gap-default\">\n\t\t\t\t\t<div class=\"elementor-column elementor-col-100 elementor-top-column elementor-element elementor-element-c3ab5f1\" data-id=\"c3ab5f1\" data-element_type=\"column\">\n\t\t\t<div class=\"elementor-widget-wrap elementor-element-populated\">\n\t\t\t\t\t\t<div class=\"elementor-element elementor-element-aa295d1 elementor-widget elementor-widget-spacer\" data-id=\"aa295d1\" data-element_type=\"widget\" data-widget_type=\"spacer.default\">\n\t\t\t\t<div class=\"elementor-widget-container\">\n\t\t\t\t\t\t\t<div class=\"elementor-spacer\">\n\t\t\t<div class=\"elementor-spacer-inner\"><\/div>\n\t\t<\/div>\n\t\t\t\t\t\t<\/div>\n\t\t\t\t<\/div>\n\t\t\t\t\t<\/div>\n\t\t<\/div>\n\t\t\t\t\t<\/div>\n\t\t<\/section>\n\t\t\t\t<section data-particle_enable=\"false\" data-particle-mobile-disabled=\"false\" class=\"elementor-section elementor-top-section elementor-element elementor-element-d920345 intro-text-middle  elementor-section-full_width elementor-section-height-default elementor-section-height-default\" data-id=\"d920345\" data-element_type=\"section\">\n\t\t\t\t\t\t<div class=\"elementor-container elementor-column-gap-default\">\n\t\t\t\t\t<div class=\"elementor-column elementor-col-100 elementor-top-column elementor-element elementor-element-dac1729\" data-id=\"dac1729\" data-element_type=\"column\">\n\t\t\t<div class=\"elementor-widget-wrap elementor-element-populated\">\n\t\t\t\t\t\t<div class=\"elementor-element elementor-element-2da8a94 elementor-widget elementor-widget-heading\" data-id=\"2da8a94\" data-element_type=\"widget\" data-widget_type=\"heading.default\">\n\t\t\t\t<div class=\"elementor-widget-container\">\n\t\t\t\t\t<h1 class=\"elementor-heading-title elementor-size-default\">M\u00dcHLEN<\/h1>\t\t\t\t<\/div>\n\t\t\t\t<\/div>\n\t\t\t\t<div class=\"elementor-element elementor-element-75f1734 elementor-widget elementor-widget-heading\" data-id=\"75f1734\" data-element_type=\"widget\" data-widget_type=\"heading.default\">\n\t\t\t\t<div class=\"elementor-widget-container\">\n\t\t\t\t\t<h3 class=\"elementor-heading-title elementor-size-default\">KULTUR &amp; GESCHICHTE<\/h3>\t\t\t\t<\/div>\n\t\t\t\t<\/div>\n\t\t\t\t<div class=\"elementor-element elementor-element-41dc481 elementor-widget elementor-widget-text-editor\" data-id=\"41dc481\" data-element_type=\"widget\" data-widget_type=\"text-editor.default\">\n\t\t\t\t<div class=\"elementor-widget-container\">\n\t\t\t\t\t\t\t\t\t<p>Die Kampfzone ist eigentlich ein gro\u00dfes Freilichtmuseum. Beim Radfahren und Wandern in dieser Gegend kommen Sie an Landg\u00fctern, Burgen, Schl\u00f6ssern und M\u00fchlen vorbei. Wir haben tolle Tipps f\u00fcr Sie zusammengestellt!<\/p>\n\t\t\t\t\t\t\t\t<\/div>\n\t\t\t\t<\/div>\n\t\t\t\t\t<\/div>\n\t\t<\/div>\n\t\t\t\t\t<\/div>\n\t\t<\/section>\n\t\t\t\t<section data-particle_enable=\"false\" data-particle-mobile-disabled=\"false\" class=\"elementor-section elementor-top-section elementor-element elementor-element-43456a8 two-img-row-modern-out ohm-section-standard-padding elementor-section-boxed elementor-section-height-default elementor-section-height-default\" data-id=\"43456a8\" data-element_type=\"section\">\n\t\t\t\t\t\t<div class=\"elementor-container elementor-column-gap-default\">\n\t\t\t\t\t<div class=\"elementor-column elementor-col-100 elementor-top-column elementor-element elementor-element-5d10264\" data-id=\"5d10264\" data-element_type=\"column\">\n\t\t\t<div class=\"elementor-widget-wrap elementor-element-populated\">\n\t\t\t\t\t\t<section data-particle_enable=\"false\" data-particle-mobile-disabled=\"false\" class=\"elementor-section elementor-inner-section elementor-element elementor-element-f114afd two-img-row-modern elementor-section-boxed elementor-section-height-default elementor-section-height-default\" data-id=\"f114afd\" data-element_type=\"section\">\n\t\t\t\t\t\t<div class=\"elementor-container elementor-column-gap-default\">\n\t\t\t\t\t<div class=\"elementor-column elementor-col-50 elementor-inner-column elementor-element elementor-element-0598755 row-modern-first\" data-id=\"0598755\" data-element_type=\"column\" data-settings=\"{&quot;background_background&quot;:&quot;classic&quot;}\">\n\t\t\t<div class=\"elementor-widget-wrap elementor-element-populated\">\n\t\t\t\t\t\t<div class=\"elementor-element elementor-element-ffe2da1 elementor-widget elementor-widget-image\" data-id=\"ffe2da1\" data-element_type=\"widget\" data-widget_type=\"image.default\">\n\t\t\t\t<div class=\"elementor-widget-container\">\n\t\t\t\t\t\t\t\t\t\t\t\t\t\t\t<img fetchpriority=\"high\" decoding=\"async\" width=\"540\" height=\"540\" src=\"https:\/\/florabatava.com\/wp-content\/uploads\/2020\/11\/Molens-Maarssen-1-1-540x540.jpg\" class=\"attachment-Intro Image size-Intro Image wp-image-2317\" alt=\"\" srcset=\"https:\/\/florabatava.com\/wp-content\/uploads\/2020\/11\/Molens-Maarssen-1-1-540x540.jpg 540w, https:\/\/florabatava.com\/wp-content\/uploads\/2020\/11\/Molens-Maarssen-1-1-590x590.jpg 590w, https:\/\/florabatava.com\/wp-content\/uploads\/2020\/11\/Molens-Maarssen-1-1-150x150.jpg 150w\" sizes=\"(max-width: 540px) 100vw, 540px\" \/>\t\t\t\t\t\t\t\t\t\t\t\t\t\t\t<\/div>\n\t\t\t\t<\/div>\n\t\t\t\t<div class=\"elementor-element elementor-element-878f48f elementor-widget elementor-widget-heading\" data-id=\"878f48f\" data-element_type=\"widget\" data-widget_type=\"heading.default\">\n\t\t\t\t<div class=\"elementor-widget-container\">\n\t\t\t\t\t<h4 class=\"elementor-heading-title elementor-size-default\">VON KLEIN BIS GROSS<\/h4>\t\t\t\t<\/div>\n\t\t\t\t<\/div>\n\t\t\t\t<div class=\"elementor-element elementor-element-fad8d90 elementor-widget elementor-widget-text-editor\" data-id=\"fad8d90\" data-element_type=\"widget\" data-widget_type=\"text-editor.default\">\n\t\t\t\t<div class=\"elementor-widget-container\">\n\t\t\t\t\t\t\t\t\t<p>Die M\u00fchle des Polders Buitenweg ist die kleinste M\u00fchle in der Provinz Utrecht und steht neben der Westbroekse Molen, der gr\u00f6\u00dften M\u00fchle der Provinz. Beide M\u00fchlen mahlen das \u00fcbersch\u00fcssige Polderwasser in den nahe gelegenen Fluss De Vecht. Die Windm\u00fchlen der Polder Westbroek und Buitenweg k\u00f6nnen jeden Samstag von 9.30 bis 16.30 Uhr besichtigt werden.<\/p>\n\t\t\t\t\t\t\t\t<\/div>\n\t\t\t\t<\/div>\n\t\t\t\t\t<\/div>\n\t\t<\/div>\n\t\t\t\t<div class=\"elementor-column elementor-col-50 elementor-inner-column elementor-element elementor-element-850143f row-modern-last\" data-id=\"850143f\" data-element_type=\"column\" data-settings=\"{&quot;background_background&quot;:&quot;classic&quot;}\">\n\t\t\t<div class=\"elementor-widget-wrap elementor-element-populated\">\n\t\t\t\t\t\t<div class=\"elementor-element elementor-element-6454d83 elementor-widget elementor-widget-image\" data-id=\"6454d83\" data-element_type=\"widget\" data-widget_type=\"image.default\">\n\t\t\t\t<div class=\"elementor-widget-container\">\n\t\t\t\t\t\t\t\t\t\t\t\t\t\t\t<img decoding=\"async\" width=\"590\" height=\"590\" src=\"https:\/\/florabatava.com\/wp-content\/uploads\/2020\/11\/Molen-Loenen-590x590.jpg\" class=\"attachment-Two Images Row size-Two Images Row wp-image-1957\" alt=\"\" srcset=\"https:\/\/florabatava.com\/wp-content\/uploads\/2020\/11\/Molen-Loenen-590x590.jpg 590w, https:\/\/florabatava.com\/wp-content\/uploads\/2020\/11\/Molen-Loenen-540x540.jpg 540w, https:\/\/florabatava.com\/wp-content\/uploads\/2020\/11\/Molen-Loenen-150x150.jpg 150w\" sizes=\"(max-width: 590px) 100vw, 590px\" \/>\t\t\t\t\t\t\t\t\t\t\t\t\t\t\t<\/div>\n\t\t\t\t<\/div>\n\t\t\t\t<div class=\"elementor-element elementor-element-98fb3cf elementor-widget elementor-widget-heading\" data-id=\"98fb3cf\" data-element_type=\"widget\" data-widget_type=\"heading.default\">\n\t\t\t\t<div class=\"elementor-widget-container\">\n\t\t\t\t\t<h4 class=\"elementor-heading-title elementor-size-default\">GETREIDEM\u00dcHLE DIE HOFFNUNG<\/h4>\t\t\t\t<\/div>\n\t\t\t\t<\/div>\n\t\t\t\t<div class=\"elementor-element elementor-element-7c9ac15 elementor-widget elementor-widget-text-editor\" data-id=\"7c9ac15\" data-element_type=\"widget\" data-widget_type=\"text-editor.default\">\n\t\t\t\t<div class=\"elementor-widget-container\">\n\t\t\t\t\t\t\t\t\t<p>Diese sch\u00f6ne M\u00fchle befindet sich in Loenen aan de Vecht. Seit \u00fcber 300 Jahren wird hier Mehl hergestellt. Sie k\u00f6nnen jeden Samstag hierher kommen und trotzdem Pfannkuchenmehl, Mehl und Weizenmehl kaufen.<\/p>\n\t\t\t\t\t\t\t\t<\/div>\n\t\t\t\t<\/div>\n\t\t\t\t\t<\/div>\n\t\t<\/div>\n\t\t\t\t\t<\/div>\n\t\t<\/section>\n\t\t\t\t<section data-particle_enable=\"false\" data-particle-mobile-disabled=\"false\" class=\"elementor-section elementor-inner-section elementor-element elementor-element-471bf9a two-img-row-modern-background elementor-section-boxed elementor-section-height-default elementor-section-height-default\" data-id=\"471bf9a\" data-element_type=\"section\" data-settings=\"{&quot;background_background&quot;:&quot;classic&quot;}\">\n\t\t\t\t\t\t<div class=\"elementor-container elementor-column-gap-default\">\n\t\t\t\t\t<div class=\"elementor-column elementor-col-100 elementor-inner-column elementor-element elementor-element-db580dc\" data-id=\"db580dc\" data-element_type=\"column\">\n\t\t\t<div class=\"elementor-widget-wrap\">\n\t\t\t\t\t\t\t<\/div>\n\t\t<\/div>\n\t\t\t\t\t<\/div>\n\t\t<\/section>\n\t\t\t\t\t<\/div>\n\t\t<\/div>\n\t\t\t\t\t<\/div>\n\t\t<\/section>\n\t\t\t\t<section data-particle_enable=\"false\" data-particle-mobile-disabled=\"false\" class=\"elementor-section elementor-top-section elementor-element elementor-element-3ead810 elementor-section-boxed elementor-section-height-default elementor-section-height-default\" data-id=\"3ead810\" data-element_type=\"section\">\n\t\t\t\t\t\t<div class=\"elementor-container elementor-column-gap-default\">\n\t\t\t\t\t<div class=\"elementor-column elementor-col-100 elementor-top-column elementor-element elementor-element-7e49746\" data-id=\"7e49746\" data-element_type=\"column\">\n\t\t\t<div class=\"elementor-widget-wrap elementor-element-populated\">\n\t\t\t\t\t\t<div class=\"elementor-element elementor-element-5927d8a elementor-widget elementor-widget-spacer\" data-id=\"5927d8a\" data-element_type=\"widget\" data-widget_type=\"spacer.default\">\n\t\t\t\t<div class=\"elementor-widget-container\">\n\t\t\t\t\t\t\t<div class=\"elementor-spacer\">\n\t\t\t<div class=\"elementor-spacer-inner\"><\/div>\n\t\t<\/div>\n\t\t\t\t\t\t<\/div>\n\t\t\t\t<\/div>\n\t\t\t\t\t<\/div>\n\t\t<\/div>\n\t\t\t\t\t<\/div>\n\t\t<\/section>\n\t\t\t\t<\/div>\n\t\t","protected":false},"excerpt":{"rendered":"<p>M\u00dcHLEN KULTUR &#038; GESCHICHTE Die Kampfzone ist eigentlich ein gro\u00dfes Freilichtmuseum. Beim Radfahren und Wandern in dieser Gegend kommen Sie an Landg\u00fctern, Burgen, Schl\u00f6ssern und M\u00fchlen vorbei. Wir haben tolle Tipps f\u00fcr Sie zusammengestellt! VON KLEIN BIS GROSS Die M\u00fchle des Polders Buitenweg ist die kleinste M\u00fchle in der Provinz Utrecht und steht neben der [&hellip;]<\/p>\n","protected":false},"author":29,"featured_media":0,"parent":3559,"menu_order":0,"comment_status":"closed","ping_status":"closed","template":"","meta":{"_acf_changed":false,"footnotes":""},"class_list":["post-3564","page","type-page","status-publish","hentry"],"acf":[],"yoast_head":"<!-- This site is optimized with the Yoast SEO plugin v26.8 - https:\/\/yoast.com\/product\/yoast-seo-wordpress\/ -->\n<title>Cultuur &amp; Geschiedenis - M\u00fchlen - Hotel Flora Batava Nieuwersluis<\/title>\n<meta name=\"description\" content=\"Ontdek de talrijke Molens van de Vechtstreek, zoals de Molen van polder Buitenweg, de Westbroekse Molen en Korenmolen De Hoop.\" \/>\n<meta name=\"robots\" content=\"index, follow, max-snippet:-1, max-image-preview:large, max-video-preview:-1\" \/>\n<link rel=\"canonical\" href=\"https:\/\/florabatava.com\/de\/entdecken\/kultur-geschichte\/muehlen\/\" \/>\n<meta property=\"og:locale\" content=\"de_DE\" \/>\n<meta property=\"og:type\" content=\"article\" \/>\n<meta property=\"og:title\" content=\"Cultuur &amp; Geschiedenis - M\u00fchlen - Hotel Flora Batava Nieuwersluis\" \/>\n<meta property=\"og:description\" content=\"Ontdek de talrijke Molens van de Vechtstreek, zoals de Molen van polder Buitenweg, de Westbroekse Molen en Korenmolen De Hoop.\" \/>\n<meta property=\"og:url\" content=\"https:\/\/florabatava.com\/de\/entdecken\/kultur-geschichte\/muehlen\/\" \/>\n<meta property=\"og:site_name\" content=\"Flora Batava\" \/>\n<meta property=\"article:modified_time\" content=\"2022-04-20T10:18:04+00:00\" \/>\n<meta property=\"og:image\" content=\"https:\/\/florabatava.com\/wp-content\/uploads\/2020\/11\/Molens-Maarssen-1-1-540x540.jpg\" \/>\n<meta name=\"twitter:card\" content=\"summary_large_image\" \/>\n<meta name=\"twitter:label1\" content=\"Gesch\u00e4tzte Lesezeit\" \/>\n\t<meta name=\"twitter:data1\" content=\"1 Minute\" \/>\n<script type=\"application\/ld+json\" class=\"yoast-schema-graph\">{\"@context\":\"https:\/\/schema.org\",\"@graph\":[{\"@type\":\"WebPage\",\"@id\":\"https:\/\/florabatava.com\/de\/entdecken\/kultur-geschichte\/muehlen\/\",\"url\":\"https:\/\/florabatava.com\/de\/entdecken\/kultur-geschichte\/muehlen\/\",\"name\":\"Cultuur & Geschiedenis - M\u00fchlen - Hotel Flora Batava Nieuwersluis\",\"isPartOf\":{\"@id\":\"https:\/\/florabatava.com\/de\/#website\"},\"primaryImageOfPage\":{\"@id\":\"https:\/\/florabatava.com\/de\/entdecken\/kultur-geschichte\/muehlen\/#primaryimage\"},\"image\":{\"@id\":\"https:\/\/florabatava.com\/de\/entdecken\/kultur-geschichte\/muehlen\/#primaryimage\"},\"thumbnailUrl\":\"https:\/\/florabatava.com\/wp-content\/uploads\/2020\/11\/Molens-Maarssen-1-1-540x540.jpg\",\"datePublished\":\"2022-04-02T12:45:24+00:00\",\"dateModified\":\"2022-04-20T10:18:04+00:00\",\"description\":\"Ontdek de talrijke Molens van de Vechtstreek, zoals de Molen van polder Buitenweg, de Westbroekse Molen en Korenmolen De Hoop.\",\"breadcrumb\":{\"@id\":\"https:\/\/florabatava.com\/de\/entdecken\/kultur-geschichte\/muehlen\/#breadcrumb\"},\"inLanguage\":\"de-DE\",\"potentialAction\":[{\"@type\":\"ReadAction\",\"target\":[\"https:\/\/florabatava.com\/de\/entdecken\/kultur-geschichte\/muehlen\/\"]}]},{\"@type\":\"ImageObject\",\"inLanguage\":\"de-DE\",\"@id\":\"https:\/\/florabatava.com\/de\/entdecken\/kultur-geschichte\/muehlen\/#primaryimage\",\"url\":\"https:\/\/florabatava.com\/wp-content\/uploads\/2020\/11\/Molens-Maarssen-1-1-540x540.jpg\",\"contentUrl\":\"https:\/\/florabatava.com\/wp-content\/uploads\/2020\/11\/Molens-Maarssen-1-1-540x540.jpg\"},{\"@type\":\"BreadcrumbList\",\"@id\":\"https:\/\/florabatava.com\/de\/entdecken\/kultur-geschichte\/muehlen\/#breadcrumb\",\"itemListElement\":[{\"@type\":\"ListItem\",\"position\":1,\"name\":\"Home\",\"item\":\"https:\/\/florabatava.com\/de\/\"},{\"@type\":\"ListItem\",\"position\":2,\"name\":\"Entdecken\",\"item\":\"https:\/\/florabatava.com\/de\/ontdek\/\"},{\"@type\":\"ListItem\",\"position\":3,\"name\":\"Kultur &#038; Geschichte\",\"item\":\"https:\/\/florabatava.com\/de\/ontdek\/cultuur-geschiedenis\/\"},{\"@type\":\"ListItem\",\"position\":4,\"name\":\"M\u00fchlen\"}]},{\"@type\":\"WebSite\",\"@id\":\"https:\/\/florabatava.com\/de\/#website\",\"url\":\"https:\/\/florabatava.com\/de\/\",\"name\":\"Flora Batava\",\"description\":\"Flora Batava\",\"publisher\":{\"@id\":\"https:\/\/florabatava.com\/de\/#organization\"},\"potentialAction\":[{\"@type\":\"SearchAction\",\"target\":{\"@type\":\"EntryPoint\",\"urlTemplate\":\"https:\/\/florabatava.com\/de\/?s={search_term_string}\"},\"query-input\":{\"@type\":\"PropertyValueSpecification\",\"valueRequired\":true,\"valueName\":\"search_term_string\"}}],\"inLanguage\":\"de-DE\"},{\"@type\":\"Organization\",\"@id\":\"https:\/\/florabatava.com\/de\/#organization\",\"name\":\"Flora Batava\",\"url\":\"https:\/\/florabatava.com\/de\/\",\"logo\":{\"@type\":\"ImageObject\",\"inLanguage\":\"de-DE\",\"@id\":\"https:\/\/florabatava.com\/de\/#\/schema\/logo\/image\/\",\"url\":\"https:\/\/florabatava.com\/wp-content\/uploads\/2020\/06\/logo-flora-batava-compleet-zwart.svg\",\"contentUrl\":\"https:\/\/florabatava.com\/wp-content\/uploads\/2020\/06\/logo-flora-batava-compleet-zwart.svg\",\"width\":1,\"height\":1,\"caption\":\"Flora Batava\"},\"image\":{\"@id\":\"https:\/\/florabatava.com\/de\/#\/schema\/logo\/image\/\"}}]}<\/script>\n<!-- \/ Yoast SEO plugin. -->","yoast_head_json":{"title":"Cultuur & Geschiedenis - M\u00fchlen - Hotel Flora Batava Nieuwersluis","description":"Ontdek de talrijke Molens van de Vechtstreek, zoals de Molen van polder Buitenweg, de Westbroekse Molen en Korenmolen De Hoop.","robots":{"index":"index","follow":"follow","max-snippet":"max-snippet:-1","max-image-preview":"max-image-preview:large","max-video-preview":"max-video-preview:-1"},"canonical":"https:\/\/florabatava.com\/de\/entdecken\/kultur-geschichte\/muehlen\/","og_locale":"de_DE","og_type":"article","og_title":"Cultuur & Geschiedenis - M\u00fchlen - Hotel Flora Batava Nieuwersluis","og_description":"Ontdek de talrijke Molens van de Vechtstreek, zoals de Molen van polder Buitenweg, de Westbroekse Molen en Korenmolen De Hoop.","og_url":"https:\/\/florabatava.com\/de\/entdecken\/kultur-geschichte\/muehlen\/","og_site_name":"Flora Batava","article_modified_time":"2022-04-20T10:18:04+00:00","og_image":[{"url":"https:\/\/florabatava.com\/wp-content\/uploads\/2020\/11\/Molens-Maarssen-1-1-540x540.jpg","type":"","width":"","height":""}],"twitter_card":"summary_large_image","twitter_misc":{"Gesch\u00e4tzte Lesezeit":"1 Minute"},"schema":{"@context":"https:\/\/schema.org","@graph":[{"@type":"WebPage","@id":"https:\/\/florabatava.com\/de\/entdecken\/kultur-geschichte\/muehlen\/","url":"https:\/\/florabatava.com\/de\/entdecken\/kultur-geschichte\/muehlen\/","name":"Cultuur & Geschiedenis - M\u00fchlen - Hotel Flora Batava Nieuwersluis","isPartOf":{"@id":"https:\/\/florabatava.com\/de\/#website"},"primaryImageOfPage":{"@id":"https:\/\/florabatava.com\/de\/entdecken\/kultur-geschichte\/muehlen\/#primaryimage"},"image":{"@id":"https:\/\/florabatava.com\/de\/entdecken\/kultur-geschichte\/muehlen\/#primaryimage"},"thumbnailUrl":"https:\/\/florabatava.com\/wp-content\/uploads\/2020\/11\/Molens-Maarssen-1-1-540x540.jpg","datePublished":"2022-04-02T12:45:24+00:00","dateModified":"2022-04-20T10:18:04+00:00","description":"Ontdek de talrijke Molens van de Vechtstreek, zoals de Molen van polder Buitenweg, de Westbroekse Molen en Korenmolen De Hoop.","breadcrumb":{"@id":"https:\/\/florabatava.com\/de\/entdecken\/kultur-geschichte\/muehlen\/#breadcrumb"},"inLanguage":"de-DE","potentialAction":[{"@type":"ReadAction","target":["https:\/\/florabatava.com\/de\/entdecken\/kultur-geschichte\/muehlen\/"]}]},{"@type":"ImageObject","inLanguage":"de-DE","@id":"https:\/\/florabatava.com\/de\/entdecken\/kultur-geschichte\/muehlen\/#primaryimage","url":"https:\/\/florabatava.com\/wp-content\/uploads\/2020\/11\/Molens-Maarssen-1-1-540x540.jpg","contentUrl":"https:\/\/florabatava.com\/wp-content\/uploads\/2020\/11\/Molens-Maarssen-1-1-540x540.jpg"},{"@type":"BreadcrumbList","@id":"https:\/\/florabatava.com\/de\/entdecken\/kultur-geschichte\/muehlen\/#breadcrumb","itemListElement":[{"@type":"ListItem","position":1,"name":"Home","item":"https:\/\/florabatava.com\/de\/"},{"@type":"ListItem","position":2,"name":"Entdecken","item":"https:\/\/florabatava.com\/de\/ontdek\/"},{"@type":"ListItem","position":3,"name":"Kultur &#038; Geschichte","item":"https:\/\/florabatava.com\/de\/ontdek\/cultuur-geschiedenis\/"},{"@type":"ListItem","position":4,"name":"M\u00fchlen"}]},{"@type":"WebSite","@id":"https:\/\/florabatava.com\/de\/#website","url":"https:\/\/florabatava.com\/de\/","name":"Flora Batava","description":"Flora Batava","publisher":{"@id":"https:\/\/florabatava.com\/de\/#organization"},"potentialAction":[{"@type":"SearchAction","target":{"@type":"EntryPoint","urlTemplate":"https:\/\/florabatava.com\/de\/?s={search_term_string}"},"query-input":{"@type":"PropertyValueSpecification","valueRequired":true,"valueName":"search_term_string"}}],"inLanguage":"de-DE"},{"@type":"Organization","@id":"https:\/\/florabatava.com\/de\/#organization","name":"Flora Batava","url":"https:\/\/florabatava.com\/de\/","logo":{"@type":"ImageObject","inLanguage":"de-DE","@id":"https:\/\/florabatava.com\/de\/#\/schema\/logo\/image\/","url":"https:\/\/florabatava.com\/wp-content\/uploads\/2020\/06\/logo-flora-batava-compleet-zwart.svg","contentUrl":"https:\/\/florabatava.com\/wp-content\/uploads\/2020\/06\/logo-flora-batava-compleet-zwart.svg","width":1,"height":1,"caption":"Flora Batava"},"image":{"@id":"https:\/\/florabatava.com\/de\/#\/schema\/logo\/image\/"}}]}},"_links":{"self":[{"href":"https:\/\/florabatava.com\/de\/wp-json\/wp\/v2\/pages\/3564","targetHints":{"allow":["GET"]}}],"collection":[{"href":"https:\/\/florabatava.com\/de\/wp-json\/wp\/v2\/pages"}],"about":[{"href":"https:\/\/florabatava.com\/de\/wp-json\/wp\/v2\/types\/page"}],"author":[{"embeddable":true,"href":"https:\/\/florabatava.com\/de\/wp-json\/wp\/v2\/users\/29"}],"replies":[{"embeddable":true,"href":"https:\/\/florabatava.com\/de\/wp-json\/wp\/v2\/comments?post=3564"}],"version-history":[{"count":0,"href":"https:\/\/florabatava.com\/de\/wp-json\/wp\/v2\/pages\/3564\/revisions"}],"up":[{"embeddable":true,"href":"https:\/\/florabatava.com\/de\/wp-json\/wp\/v2\/pages\/3559"}],"wp:attachment":[{"href":"https:\/\/florabatava.com\/de\/wp-json\/wp\/v2\/media?parent=3564"}],"curies":[{"name":"wp","href":"https:\/\/api.w.org\/{rel}","templated":true}]}}