{"id":3582,"date":"2022-04-02T13:12:37","date_gmt":"2022-04-02T13:12:37","guid":{"rendered":"https:\/\/florabatava.com\/ueber-flora-batava\/datenschutzrichtlinien\/"},"modified":"2022-04-20T10:22:43","modified_gmt":"2022-04-20T10:22:43","slug":"datenschutzrichtlinien","status":"publish","type":"page","link":"https:\/\/florabatava.com\/de\/ueber-flora-batava\/datenschutzrichtlinien\/","title":{"rendered":"Datenschutzrichtlinien"},"content":{"rendered":"\t\t<div data-elementor-type=\"wp-page\" data-elementor-id=\"3582\" class=\"elementor elementor-3582 elementor-1658\" data-elementor-post-type=\"page\">\n\t\t\t\t\t\t<section data-particle_enable=\"false\" data-particle-mobile-disabled=\"false\" class=\"elementor-section elementor-top-section elementor-element elementor-element-49d3c94 elementor-section-height-min-height elementor-section-items-top hero-image elementor-section-boxed elementor-section-height-default\" data-id=\"49d3c94\" data-element_type=\"section\" data-settings=\"{&quot;background_background&quot;:&quot;classic&quot;}\">\n\t\t\t\t\t\t<div class=\"elementor-container elementor-column-gap-default\">\n\t\t\t\t\t<div class=\"elementor-column elementor-col-100 elementor-top-column elementor-element elementor-element-c3ab5f1\" data-id=\"c3ab5f1\" data-element_type=\"column\">\n\t\t\t<div class=\"elementor-widget-wrap\">\n\t\t\t\t\t\t\t<\/div>\n\t\t<\/div>\n\t\t\t\t\t<\/div>\n\t\t<\/section>\n\t\t\t\t<section data-particle_enable=\"false\" data-particle-mobile-disabled=\"false\" class=\"elementor-section elementor-top-section elementor-element elementor-element-d920345 intro-text-middle  elementor-section-full_width elementor-section-height-default elementor-section-height-default\" data-id=\"d920345\" data-element_type=\"section\">\n\t\t\t\t\t\t<div class=\"elementor-container elementor-column-gap-default\">\n\t\t\t\t\t<div class=\"elementor-column elementor-col-100 elementor-top-column elementor-element elementor-element-dac1729\" data-id=\"dac1729\" data-element_type=\"column\">\n\t\t\t<div class=\"elementor-widget-wrap elementor-element-populated\">\n\t\t\t\t\t\t<div class=\"elementor-element elementor-element-2da8a94 elementor-widget elementor-widget-heading\" data-id=\"2da8a94\" data-element_type=\"widget\" data-widget_type=\"heading.default\">\n\t\t\t\t<div class=\"elementor-widget-container\">\n\t\t\t\t\t<h2 class=\"elementor-heading-title elementor-size-default\">Datenschutzrichtlinien<\/h2>\t\t\t\t<\/div>\n\t\t\t\t<\/div>\n\t\t\t\t<div class=\"elementor-element elementor-element-41dc481 elementor-widget elementor-widget-text-editor\" data-id=\"41dc481\" data-element_type=\"widget\" data-widget_type=\"text-editor.default\">\n\t\t\t\t<div class=\"elementor-widget-container\">\n\t\t\t\t\t\t\t\t\t<p>Ihre Privatsph\u00e4re ist uns wichtig. Es ist die Politik des Hotels Flora Batava, Ihre Privatsph\u00e4re in Bezug auf alle Informationen zu respektieren, die wir von Ihnen auf unserer Website www.florabatava.com\/ und anderen Websites, die wir besitzen und betreiben, sammeln.<\/p>\n<p>Wir fragen nur dann nach pers\u00f6nlichen Informationen, wenn wir sie wirklich ben\u00f6tigen, um Ihnen zu dienen. Wir sammeln sie fair und rechtm\u00e4\u00dfig, mit Ihrem Wissen und Ihrer Zustimmung. Wir teilen Ihnen auch mit, warum wir sie erfassen und wie sie verwendet werden.<\/p>\n<p>Zu den personenbezogenen Daten, die wir von Ihnen erhalten, geh\u00f6ren:<br \/>\nIhren Vornamen, Nachnamen, Telefonnummer, Adresse, E-Mail-Adresse, Kreditkarteninformationen (Kartentyp, Kreditkartennummer, Name des Karteninhabers, Ablaufdatum und Sicherheitscode), Informationen zu Ihrem Aufenthalt, An- und Abreisedatum, Sonderw\u00fcnsche, Kommentare zu Ihren Servicepr\u00e4ferenzen (einschlie\u00dflich Zimmerpr\u00e4ferenzen, Einrichtungen oder andere genutzte Services), Informationen, die Sie bez\u00fcglich Ihrer Marketingpr\u00e4ferenzen oder im Rahmen Ihrer Teilnahme an Umfragen, Wettbewerben oder Werbeaktionen bereitstellen<\/p>\n<p>Wir werden Sie jederzeit dar\u00fcber informieren, wie wir Ihre personenbezogenen Daten verarbeiten. Das Hotel Flora Batava wird Ihre Daten unter keinen Umst\u00e4nden mit Ihrer Zustimmung an Dritte weitergeben.<\/p>\n<p>Wir werden die gesammelten Informationen nur so lange aufbewahren, wie es notwendig ist, um Ihnen die von Ihnen angeforderte Dienstleistung zu erbringen. Wir sch\u00fctzen die von uns gespeicherten Daten, um Verlust und Diebstahl sowie unbefugten Zugriff, Offenlegung, Kopieren, Verwendung oder \u00c4nderung zu verhindern.<\/p>\n<p>Wir geben personenbezogene Daten nicht \u00f6ffentlich oder an Dritte weiter, es sei denn, dies ist gesetzlich vorgeschrieben.<\/p>\n<p>Unsere Website kann Links zu externen Websites enthalten, die nicht von uns kontrolliert werden. Bitte beachten Sie, dass wir keine Kontrolle \u00fcber den Inhalt und die Praktiken dieser Websites haben und keine Verantwortung oder Haftung f\u00fcr deren jeweilige Datenschutzrichtlinien \u00fcbernehmen k\u00f6nnen.<\/p>\n<p>Es steht Ihnen frei, unsere Anfrage nach Ihren personenbezogenen Daten abzulehnen, mit dem Verst\u00e4ndnis, dass wir Ihnen m\u00f6glicherweise nicht die gew\u00fcnschten Dienstleistungen anbieten k\u00f6nnen.<br \/>\nIhre Nutzung unserer Website gilt als Zustimmung zu unseren Datenschutz- und Datenschutzpraktiken. Wenn Sie Fragen dazu haben, wie wir mit Benutzerdaten und pers\u00f6nlichen Informationen umgehen, k\u00f6nnen Sie sich gerne an uns wenden.<\/p>\n\t\t\t\t\t\t\t\t<\/div>\n\t\t\t\t<\/div>\n\t\t\t\t\t<\/div>\n\t\t<\/div>\n\t\t\t\t\t<\/div>\n\t\t<\/section>\n\t\t\t\t<section data-particle_enable=\"false\" data-particle-mobile-disabled=\"false\" class=\"elementor-section elementor-top-section elementor-element elementor-element-ddc30c4 intro-text-middle  elementor-section-full_width elementor-section-height-default elementor-section-height-default\" data-id=\"ddc30c4\" data-element_type=\"section\">\n\t\t\t\t\t\t<div class=\"elementor-container elementor-column-gap-default\">\n\t\t\t\t\t<div class=\"elementor-column elementor-col-100 elementor-top-column elementor-element elementor-element-3d86a9a\" data-id=\"3d86a9a\" data-element_type=\"column\">\n\t\t\t<div class=\"elementor-widget-wrap elementor-element-populated\">\n\t\t\t\t\t\t<div class=\"elementor-element elementor-element-b6838ca elementor-widget elementor-widget-heading\" data-id=\"b6838ca\" data-element_type=\"widget\" data-widget_type=\"heading.default\">\n\t\t\t\t<div class=\"elementor-widget-container\">\n\t\t\t\t\t<h2 class=\"elementor-heading-title elementor-size-default\">COOKIES-RICHTLINIE<\/h2>\t\t\t\t<\/div>\n\t\t\t\t<\/div>\n\t\t\t\t<div class=\"elementor-element elementor-element-2f411d4 elementor-widget elementor-widget-text-editor\" data-id=\"2f411d4\" data-element_type=\"widget\" data-widget_type=\"text-editor.default\">\n\t\t\t\t<div class=\"elementor-widget-container\">\n\t\t\t\t\t\t\t\t\t<p><strong>1. Was sind Cookies?<\/strong><\/p>\n<p>Cookies sind kleine Informationseinheiten, die von Ihrem Browser auf der Festplatte Ihres Computers oder Mobilger\u00e4ts gespeichert werden, wenn Sie eine Website besuchen. Diese Informationen reisen zwischen dem Server der Website und Ihrem Browser hin und her. Auf diese Weise erm\u00f6glichen Cookies, das Endger\u00e4t eines Benutzers (Computer, Smartphone usw.) zu identifizieren und den Inhalt der Website an die Pr\u00e4ferenzen des Benutzers anzupassen. Cookies k\u00f6nnen nicht verwendet werden, um eine nat\u00fcrliche Person zu identifizieren.<\/p>\n<p><strong>2. Warum verwenden wir Cookies?<\/strong><\/p>\n<p>Das Hotel Flora Batava verwendet haupts\u00e4chlich Cookies, um Ihren Besuch auf unserer Website so angenehm wie m\u00f6glich zu gestalten und Ihnen ein tolles Erlebnis zu bieten. Wir verwenden es auch, um anonyme Analysen zu sammeln, um unseren gesamten Website-Ansatz zu verbessern.<\/p>\n<p><strong>3. Cookies, die von unserer Website verwendet werden<\/strong><\/p>\n<p>Wenn Sie unsere Website besuchen, k\u00f6nnen wir abh\u00e4ngig von Ihren Pr\u00e4ferenzen eine Reihe von Cookies in Ihrem Browser installieren. Cookie-Kategorien:<\/p>\n<p>INFORMATION<\/p>\n<p>Einige Cookies sind f\u00fcr das Funktionieren der Website unerl\u00e4sslich.<\/p>\n<p><strong>Leistung und Analyse<\/strong><\/p>\n<p>Wir k\u00f6nnen Cookies verwenden, um die Leistung unserer Website zu bewerten und das Verhalten unserer Besucher zu verstehen.<\/p>\n<p><strong>Funktionell<\/strong><\/p>\n<p>Wir verwenden einige Cookies, um bestimmte Pr\u00e4ferenzen zu speichern, die Sie auf unserer Website vornehmen.<\/p>\n<p><strong>Erste Party<\/strong><\/p>\n<p>Diese Cookies werden nur von uns platziert und stellen das ordnungsgem\u00e4\u00dfe Funktionieren unserer Website oder mobilen Anwendungen sicher und speichern Ihre Pr\u00e4ferenzen.<\/p>\n<p><strong>Dritte Seite<\/strong><\/p>\n<p>Andere Cookies werden von einem Drittanbieter mit einem anderen Domainnamen platziert (z. B. Google, Facebook, LinkedIn). Einzelheiten zur Verwendung von Cookies durch Dritte entnehmen Sie bitte der auf deren Websites ver\u00f6ffentlichten Cookie-Richtlinie.<\/p>\n<p><strong>Marketing<\/strong><\/p>\n<p>Wir k\u00f6nnen Cookies verwenden, mit denen wir anhand Ihres Surfverhaltens ein Besucherprofil erstellen k\u00f6nnen, um die angezeigte Werbung auf Ihre Interessen abzustimmen.<\/p>\n<p><strong>Sozialen Medien<\/strong><\/p>\n<p>Einige Cookies erm\u00f6glichen es Ihnen, den Inhalt unserer Website oder mobilen Anwendung in sozialen Medien zu teilen. Dies sind Cookies von Drittanbietern, die von sozialen Medien platziert werden.<\/p>\n<p><strong>4. So verwalten Sie Cookies auf unserer Website<\/strong><\/p>\n<p>Sie k\u00f6nnen die Cookie-Einstellungen \u00fcber Ihre Browsereinstellungen verwalten\/l\u00f6schen. Es steht Ihnen frei, bestimmte Cookies zu l\u00f6schen oder deren Installation auf Ihrem Ger\u00e4t zu blockieren. Bitte beachten Sie, dass unsere Website m\u00f6glicherweise nicht ordnungsgem\u00e4\u00df funktioniert, wenn Sie Cookies vollst\u00e4ndig deaktivieren.<\/p>\n<p>Google Analytics: Wir verwenden Google Analytics, um zu messen, wie Benutzer uns gefunden haben, wie sie unsere Website nutzen und um unsere Website zu verbessern. Sie k\u00f6nnen sich von Google Analytics abmelden, indem Sie hier ein Opt-out-Browser-Add-on installieren: Link<\/p>\n<p><strong>4.1 Cookies akzeptieren<\/strong><\/p>\n<p>Bei Ihrem ersten Besuch auf unserer Website oder mobilen Anwendung werden wir Sie bitten, die oben genannten Cookies zu akzeptieren. Sie k\u00f6nnen unsere Cookies akzeptieren, indem Sie ausdr\u00fccklich auf \u201eAkzeptieren\u201c klicken oder auf unserer Website oder mobilen Anwendung fortfahren.<\/p>\n<p><strong>5. Wo erhalte ich weitere Informationen?<\/strong><\/p>\n<p>Wenn Sie Fragen zu dieser Cookie-Richtlinie haben, senden Sie uns bitte eine E-Mail an: info@florabatava.com.<\/p>\n<p>Besondere personenbezogene Daten<br \/>\nGrunds\u00e4tzlich fordern wir keine besonderen personenbezogenen Daten von Ihnen an. Sie k\u00f6nnen uns aber trotzdem besondere Daten mitteilen. Zum Beispiel, weil Sie uns Di\u00e4tvorschriften mitteilen oder Sie eine Behinderung haben. Dies im Zusammenhang mit dem Zugriff auf unseren Standort oder unsere Unterst\u00fctzung. Diese Informationen helfen uns, Ihnen den bestm\u00f6glichen Service zu bieten. Wenn m\u00f6glich, werden diese Daten anonym gehalten. In jedem Fall werden sie so schnell wie m\u00f6glich vernichtet.<\/p>\n<p>Wir halten unsere Datenschutzerkl\u00e4rung aktuell. Es ist daher m\u00f6glich, dass sich die Erkl\u00e4rung aufgrund ge\u00e4nderter Gesetze oder Vorschriften \u00e4ndert. Hier k\u00f6nnen Sie unsere letzte aktualisierte Version vom 1. November 2020 lesen. Wenn Sie der Meinung sind, dass etwas in unserer Datenschutzerkl\u00e4rung fehlt oder falsch ist, w\u00fcrden wir uns freuen, wenn Sie uns dies \u00fcber die E-Mail-Adresse info@florabatava.com mitteilen.<\/p>\n<p>Wenn Sie Beschwerden dar\u00fcber haben, wie wir mit Ihrer Privatsph\u00e4re umgehen, und Sie der Meinung sind, dass wir Ihnen dabei nicht helfen k\u00f6nnen, haben Sie das Recht, eine Beschwerde einzureichen. Sie k\u00f6nnen diese Beschwerde bei der niederl\u00e4ndischen Aufsichtsbeh\u00f6rde f\u00fcr Datenschutzangelegenheiten einreichen: der niederl\u00e4ndischen Datenschutzbeh\u00f6rde. Wie Sie eine Beschwerde einreichen, k\u00f6nnen Sie unter www.autoriteitpersoonsgegevens.nl nachlesen<\/p>\n<p>Wir hoffen nat\u00fcrlich, dass letzteres nicht n\u00f6tig ist und Sie Ihren Aufenthalt im Hotel Flora Batava sorgenfrei genie\u00dfen.<\/p>\n\t\t\t\t\t\t\t\t<\/div>\n\t\t\t\t<\/div>\n\t\t\t\t\t<\/div>\n\t\t<\/div>\n\t\t\t\t\t<\/div>\n\t\t<\/section>\n\t\t\t\t<section data-particle_enable=\"false\" data-particle-mobile-disabled=\"false\" class=\"elementor-section elementor-top-section elementor-element elementor-element-cadc255 elementor-section-boxed elementor-section-height-default elementor-section-height-default\" data-id=\"cadc255\" data-element_type=\"section\">\n\t\t\t\t\t\t<div class=\"elementor-container elementor-column-gap-default\">\n\t\t\t\t\t<div class=\"elementor-column elementor-col-100 elementor-top-column elementor-element elementor-element-c98ee90\" data-id=\"c98ee90\" data-element_type=\"column\">\n\t\t\t<div class=\"elementor-widget-wrap elementor-element-populated\">\n\t\t\t\t\t\t<div class=\"elementor-element elementor-element-c51b531 elementor-widget elementor-widget-spacer\" data-id=\"c51b531\" data-element_type=\"widget\" data-widget_type=\"spacer.default\">\n\t\t\t\t<div class=\"elementor-widget-container\">\n\t\t\t\t\t\t\t<div class=\"elementor-spacer\">\n\t\t\t<div class=\"elementor-spacer-inner\"><\/div>\n\t\t<\/div>\n\t\t\t\t\t\t<\/div>\n\t\t\t\t<\/div>\n\t\t\t\t\t<\/div>\n\t\t<\/div>\n\t\t\t\t\t<\/div>\n\t\t<\/section>\n\t\t\t\t<\/div>\n\t\t","protected":false},"excerpt":{"rendered":"<p>Datenschutzrichtlinien Ihre Privatsph\u00e4re ist uns wichtig. Es ist die Politik des Hotels Flora Batava, Ihre Privatsph\u00e4re in Bezug auf alle Informationen zu respektieren, die wir von Ihnen auf unserer Website www.florabatava.com\/ und anderen Websites, die wir besitzen und betreiben, sammeln. Wir fragen nur dann nach pers\u00f6nlichen Informationen, wenn wir sie wirklich ben\u00f6tigen, um Ihnen zu [&hellip;]<\/p>\n","protected":false},"author":29,"featured_media":0,"parent":3565,"menu_order":0,"comment_status":"closed","ping_status":"closed","template":"","meta":{"_acf_changed":false,"footnotes":""},"class_list":["post-3582","page","type-page","status-publish","hentry"],"acf":[],"yoast_head":"<!-- This site is optimized with the Yoast SEO plugin v26.8 - https:\/\/yoast.com\/product\/yoast-seo-wordpress\/ -->\n<title>Datenschutzrichtlinien - Hotel Flora Batava Nieuwersluis<\/title>\n<meta name=\"description\" content=\"Uw Privacy is belangrijk voor ons. Het Beleid van Hotel Flora Batava is er om uw Privacy te respecteren m.b.t. alle Informatie die we verzamelen.\" \/>\n<meta name=\"robots\" content=\"index, follow, max-snippet:-1, max-image-preview:large, max-video-preview:-1\" \/>\n<link rel=\"canonical\" href=\"https:\/\/florabatava.com\/de\/ueber-flora-batava\/datenschutzrichtlinien\/\" \/>\n<meta property=\"og:locale\" content=\"de_DE\" \/>\n<meta property=\"og:type\" content=\"article\" \/>\n<meta property=\"og:title\" content=\"Datenschutzrichtlinien - Hotel Flora Batava Nieuwersluis\" \/>\n<meta property=\"og:description\" content=\"Uw Privacy is belangrijk voor ons. Het Beleid van Hotel Flora Batava is er om uw Privacy te respecteren m.b.t. alle Informatie die we verzamelen.\" \/>\n<meta property=\"og:url\" content=\"https:\/\/florabatava.com\/de\/ueber-flora-batava\/datenschutzrichtlinien\/\" \/>\n<meta property=\"og:site_name\" content=\"Flora Batava\" \/>\n<meta property=\"article:modified_time\" content=\"2022-04-20T10:22:43+00:00\" \/>\n<meta name=\"twitter:card\" content=\"summary_large_image\" \/>\n<meta name=\"twitter:label1\" content=\"Gesch\u00e4tzte Lesezeit\" \/>\n\t<meta name=\"twitter:data1\" content=\"5 Minuten\" \/>\n<script type=\"application\/ld+json\" class=\"yoast-schema-graph\">{\"@context\":\"https:\/\/schema.org\",\"@graph\":[{\"@type\":\"WebPage\",\"@id\":\"https:\/\/florabatava.com\/de\/ueber-flora-batava\/datenschutzrichtlinien\/\",\"url\":\"https:\/\/florabatava.com\/de\/ueber-flora-batava\/datenschutzrichtlinien\/\",\"name\":\"Datenschutzrichtlinien - Hotel Flora Batava Nieuwersluis\",\"isPartOf\":{\"@id\":\"https:\/\/florabatava.com\/de\/#website\"},\"datePublished\":\"2022-04-02T13:12:37+00:00\",\"dateModified\":\"2022-04-20T10:22:43+00:00\",\"description\":\"Uw Privacy is belangrijk voor ons. Het Beleid van Hotel Flora Batava is er om uw Privacy te respecteren m.b.t. alle Informatie die we verzamelen.\",\"breadcrumb\":{\"@id\":\"https:\/\/florabatava.com\/de\/ueber-flora-batava\/datenschutzrichtlinien\/#breadcrumb\"},\"inLanguage\":\"de-DE\",\"potentialAction\":[{\"@type\":\"ReadAction\",\"target\":[\"https:\/\/florabatava.com\/de\/ueber-flora-batava\/datenschutzrichtlinien\/\"]}]},{\"@type\":\"BreadcrumbList\",\"@id\":\"https:\/\/florabatava.com\/de\/ueber-flora-batava\/datenschutzrichtlinien\/#breadcrumb\",\"itemListElement\":[{\"@type\":\"ListItem\",\"position\":1,\"name\":\"Home\",\"item\":\"https:\/\/florabatava.com\/de\/\"},{\"@type\":\"ListItem\",\"position\":2,\"name\":\"\u00dcber Flora Batava\",\"item\":\"https:\/\/florabatava.com\/de\/hotel\/\"},{\"@type\":\"ListItem\",\"position\":3,\"name\":\"Datenschutzrichtlinien\"}]},{\"@type\":\"WebSite\",\"@id\":\"https:\/\/florabatava.com\/de\/#website\",\"url\":\"https:\/\/florabatava.com\/de\/\",\"name\":\"Flora Batava\",\"description\":\"Flora Batava\",\"publisher\":{\"@id\":\"https:\/\/florabatava.com\/de\/#organization\"},\"potentialAction\":[{\"@type\":\"SearchAction\",\"target\":{\"@type\":\"EntryPoint\",\"urlTemplate\":\"https:\/\/florabatava.com\/de\/?s={search_term_string}\"},\"query-input\":{\"@type\":\"PropertyValueSpecification\",\"valueRequired\":true,\"valueName\":\"search_term_string\"}}],\"inLanguage\":\"de-DE\"},{\"@type\":\"Organization\",\"@id\":\"https:\/\/florabatava.com\/de\/#organization\",\"name\":\"Flora Batava\",\"url\":\"https:\/\/florabatava.com\/de\/\",\"logo\":{\"@type\":\"ImageObject\",\"inLanguage\":\"de-DE\",\"@id\":\"https:\/\/florabatava.com\/de\/#\/schema\/logo\/image\/\",\"url\":\"https:\/\/florabatava.com\/wp-content\/uploads\/2020\/06\/logo-flora-batava-compleet-zwart.svg\",\"contentUrl\":\"https:\/\/florabatava.com\/wp-content\/uploads\/2020\/06\/logo-flora-batava-compleet-zwart.svg\",\"width\":1,\"height\":1,\"caption\":\"Flora Batava\"},\"image\":{\"@id\":\"https:\/\/florabatava.com\/de\/#\/schema\/logo\/image\/\"}}]}<\/script>\n<!-- \/ Yoast SEO plugin. -->","yoast_head_json":{"title":"Datenschutzrichtlinien - Hotel Flora Batava Nieuwersluis","description":"Uw Privacy is belangrijk voor ons. Het Beleid van Hotel Flora Batava is er om uw Privacy te respecteren m.b.t. alle Informatie die we verzamelen.","robots":{"index":"index","follow":"follow","max-snippet":"max-snippet:-1","max-image-preview":"max-image-preview:large","max-video-preview":"max-video-preview:-1"},"canonical":"https:\/\/florabatava.com\/de\/ueber-flora-batava\/datenschutzrichtlinien\/","og_locale":"de_DE","og_type":"article","og_title":"Datenschutzrichtlinien - Hotel Flora Batava Nieuwersluis","og_description":"Uw Privacy is belangrijk voor ons. Het Beleid van Hotel Flora Batava is er om uw Privacy te respecteren m.b.t. alle Informatie die we verzamelen.","og_url":"https:\/\/florabatava.com\/de\/ueber-flora-batava\/datenschutzrichtlinien\/","og_site_name":"Flora Batava","article_modified_time":"2022-04-20T10:22:43+00:00","twitter_card":"summary_large_image","twitter_misc":{"Gesch\u00e4tzte Lesezeit":"5 Minuten"},"schema":{"@context":"https:\/\/schema.org","@graph":[{"@type":"WebPage","@id":"https:\/\/florabatava.com\/de\/ueber-flora-batava\/datenschutzrichtlinien\/","url":"https:\/\/florabatava.com\/de\/ueber-flora-batava\/datenschutzrichtlinien\/","name":"Datenschutzrichtlinien - Hotel Flora Batava Nieuwersluis","isPartOf":{"@id":"https:\/\/florabatava.com\/de\/#website"},"datePublished":"2022-04-02T13:12:37+00:00","dateModified":"2022-04-20T10:22:43+00:00","description":"Uw Privacy is belangrijk voor ons. Het Beleid van Hotel Flora Batava is er om uw Privacy te respecteren m.b.t. alle Informatie die we verzamelen.","breadcrumb":{"@id":"https:\/\/florabatava.com\/de\/ueber-flora-batava\/datenschutzrichtlinien\/#breadcrumb"},"inLanguage":"de-DE","potentialAction":[{"@type":"ReadAction","target":["https:\/\/florabatava.com\/de\/ueber-flora-batava\/datenschutzrichtlinien\/"]}]},{"@type":"BreadcrumbList","@id":"https:\/\/florabatava.com\/de\/ueber-flora-batava\/datenschutzrichtlinien\/#breadcrumb","itemListElement":[{"@type":"ListItem","position":1,"name":"Home","item":"https:\/\/florabatava.com\/de\/"},{"@type":"ListItem","position":2,"name":"\u00dcber Flora Batava","item":"https:\/\/florabatava.com\/de\/hotel\/"},{"@type":"ListItem","position":3,"name":"Datenschutzrichtlinien"}]},{"@type":"WebSite","@id":"https:\/\/florabatava.com\/de\/#website","url":"https:\/\/florabatava.com\/de\/","name":"Flora Batava","description":"Flora Batava","publisher":{"@id":"https:\/\/florabatava.com\/de\/#organization"},"potentialAction":[{"@type":"SearchAction","target":{"@type":"EntryPoint","urlTemplate":"https:\/\/florabatava.com\/de\/?s={search_term_string}"},"query-input":{"@type":"PropertyValueSpecification","valueRequired":true,"valueName":"search_term_string"}}],"inLanguage":"de-DE"},{"@type":"Organization","@id":"https:\/\/florabatava.com\/de\/#organization","name":"Flora Batava","url":"https:\/\/florabatava.com\/de\/","logo":{"@type":"ImageObject","inLanguage":"de-DE","@id":"https:\/\/florabatava.com\/de\/#\/schema\/logo\/image\/","url":"https:\/\/florabatava.com\/wp-content\/uploads\/2020\/06\/logo-flora-batava-compleet-zwart.svg","contentUrl":"https:\/\/florabatava.com\/wp-content\/uploads\/2020\/06\/logo-flora-batava-compleet-zwart.svg","width":1,"height":1,"caption":"Flora Batava"},"image":{"@id":"https:\/\/florabatava.com\/de\/#\/schema\/logo\/image\/"}}]}},"_links":{"self":[{"href":"https:\/\/florabatava.com\/de\/wp-json\/wp\/v2\/pages\/3582","targetHints":{"allow":["GET"]}}],"collection":[{"href":"https:\/\/florabatava.com\/de\/wp-json\/wp\/v2\/pages"}],"about":[{"href":"https:\/\/florabatava.com\/de\/wp-json\/wp\/v2\/types\/page"}],"author":[{"embeddable":true,"href":"https:\/\/florabatava.com\/de\/wp-json\/wp\/v2\/users\/29"}],"replies":[{"embeddable":true,"href":"https:\/\/florabatava.com\/de\/wp-json\/wp\/v2\/comments?post=3582"}],"version-history":[{"count":0,"href":"https:\/\/florabatava.com\/de\/wp-json\/wp\/v2\/pages\/3582\/revisions"}],"up":[{"embeddable":true,"href":"https:\/\/florabatava.com\/de\/wp-json\/wp\/v2\/pages\/3565"}],"wp:attachment":[{"href":"https:\/\/florabatava.com\/de\/wp-json\/wp\/v2\/media?parent=3582"}],"curies":[{"name":"wp","href":"https:\/\/api.w.org\/{rel}","templated":true}]}}