{"id":6051,"date":"2026-04-08T21:57:26","date_gmt":"2026-04-08T21:57:26","guid":{"rendered":"https:\/\/florabatava.com\/blog\/"},"modified":"2026-05-05T07:49:24","modified_gmt":"2026-05-05T07:49:24","slug":"blog","status":"publish","type":"page","link":"https:\/\/florabatava.com\/de\/blog\/","title":{"rendered":"Blog"},"content":{"rendered":"\t\t<div data-elementor-type=\"wp-page\" data-elementor-id=\"6051\" class=\"elementor elementor-6051 elementor-4611\" data-elementor-post-type=\"page\">\n\t\t\t\t<div data-particle_enable=\"false\" data-particle-mobile-disabled=\"false\" class=\"elementor-element elementor-element-4aaa5653 e-con-full ohm-component-BlogOverview e-flex e-con e-parent\" data-id=\"4aaa5653\" data-element_type=\"container\">\n\t\t<div data-particle_enable=\"false\" data-particle-mobile-disabled=\"false\" class=\"elementor-element elementor-element-d8238cc ohm-inner e-flex e-con-boxed e-con e-child\" data-id=\"d8238cc\" data-element_type=\"container\">\n\t\t\t\t\t<div class=\"e-con-inner\">\n\t\t\t\t<div class=\"elementor-element elementor-element-706b9ee1 elementor-widget elementor-widget-shortcode\" data-id=\"706b9ee1\" data-element_type=\"widget\" data-widget_type=\"shortcode.default\">\n\t\t\t\t<div class=\"elementor-widget-container\">\n\t\t\t\t\t<div class=\"ohm-blog-overview-wrapper\">            <div class=\"ohm-blog-post\">\n                <div class=\"post-image\">\n                    <a href=\"https:\/\/florabatava.com\/de\/blog\/7-museen-die-du-entdecken-moechtest\/\">\n                        <img decoding=\"async\" class=\"ohm-img\" src=\"https:\/\/florabatava.com\/wp-content\/uploads\/2026\/02\/museum-hilversum-expo.jpg\" loading=\"lazy\" alt=\"7 Museen, die du entdecken m\u00f6chtest\">\n                    <\/a>\n                <\/div>\n                <div class=\"post-content\">\n                    <a href=\"https:\/\/florabatava.com\/de\/blog\/7-museen-die-du-entdecken-moechtest\/\">\n                        <h2 class=\"post-title\">7 Museen, die du entdecken m\u00f6chtest<\/h2>\n                    <\/a>\n                    <p class=\"post-category\">Aktivit\u00e4ten<\/p>                    <p class=\"post-excerpt\">7 besondere Museen in der N\u00e4he des Hotels Flora Batava, die immer wieder mit wechselnden Sammlungen \u00fcberraschen.<\/p>\n                    <a class=\"post-link\" href=\"https:\/\/florabatava.com\/de\/blog\/7-museen-die-du-entdecken-moechtest\/\">Lees<\/a>\n                <\/div>\n            <\/div>\n                        <div class=\"ohm-blog-post\">\n                <div class=\"post-image\">\n                    <a href=\"https:\/\/florabatava.com\/de\/blog\/wochenendausflug-mit-freundinnen\/\">\n                        <img decoding=\"async\" class=\"ohm-img\" src=\"https:\/\/florabatava.com\/wp-content\/uploads\/2026\/04\/DSC09742-scaled.jpg\" loading=\"lazy\" alt=\"Wochenendausflug mit Freundinnen\">\n                    <\/a>\n                <\/div>\n                <div class=\"post-content\">\n                    <a href=\"https:\/\/florabatava.com\/de\/blog\/wochenendausflug-mit-freundinnen\/\">\n                        <h2 class=\"post-title\">Wochenendausflug mit Freundinnen<\/h2>\n                    <\/a>\n                    <p class=\"post-category\">Aktivit\u00e4ten<\/p>                    <p class=\"post-excerpt\">Wochenendausflug mit Freundinnen im Hotel Flora Batava: genie\u00dfen an der Vecht mit Bootfahren, Radfahren, Wandern und kulinarischen Momenten im Restaurant Bloei.<\/p>\n                    <a class=\"post-link\" href=\"https:\/\/florabatava.com\/de\/blog\/wochenendausflug-mit-freundinnen\/\">Lees<\/a>\n                <\/div>\n            <\/div>\n                        <div class=\"ohm-blog-post\">\n                <div class=\"post-image\">\n                    <a href=\"https:\/\/florabatava.com\/de\/blog\/massarbeit-in-einer-gruenen-oase\/\">\n                        <img decoding=\"async\" class=\"ohm-img\" src=\"https:\/\/florabatava.com\/wp-content\/uploads\/2026\/02\/Fotograaf@damon.rigter@nomadi.studio-ZennerPREvent2025-015-scaled.jpg\" loading=\"lazy\" alt=\"Ma\u00dfarbeit in einer gr\u00fcnen Oase\">\n                    <\/a>\n                <\/div>\n                <div class=\"post-content\">\n                    <a href=\"https:\/\/florabatava.com\/de\/blog\/massarbeit-in-einer-gruenen-oase\/\">\n                        <h2 class=\"post-title\">Ma\u00dfarbeit in einer gr\u00fcnen Oase<\/h2>\n                    <\/a>\n                    <p class=\"post-category\">Aktivit\u00e4ten<\/p>                    <p class=\"post-excerpt\">Bei Flora Batava dreht sich alles um ma\u00dfgeschneiderte L\u00f6sungen. Jede Besprechung, jedes Meeting und jede Veranstaltung wird auf die Identit\u00e4t, die Ziele und die Kultur Ihres Unternehmens abgestimmt. <\/p>\n                    <a class=\"post-link\" href=\"https:\/\/florabatava.com\/de\/blog\/massarbeit-in-einer-gruenen-oase\/\">Lees<\/a>\n                <\/div>\n            <\/div>\n                        <div class=\"ohm-blog-post\">\n                <div class=\"post-image\">\n                    <a href=\"https:\/\/florabatava.com\/de\/blog\/bootfahren-auf-der-vecht\/\">\n                        <img decoding=\"async\" class=\"ohm-img\" src=\"https:\/\/florabatava.com\/wp-content\/uploads\/2024\/06\/Sloep-van-achteren-scaled.jpg\" loading=\"lazy\" alt=\"Bootfahren auf der Vecht\">\n                    <\/a>\n                <\/div>\n                <div class=\"post-content\">\n                    <a href=\"https:\/\/florabatava.com\/de\/blog\/bootfahren-auf-der-vecht\/\">\n                        <h2 class=\"post-title\">Bootfahren auf der Vecht<\/h2>\n                    <\/a>\n                    <p class=\"post-category\">Aktivit\u00e4ten<\/p>                    <p class=\"post-excerpt\">Machen Sie Ihren Aufenthalt noch sch\u00f6ner mit einer Bootsfahrt auf der Vecht. Lesen Sie hier alles \u00fcber unsere Boote und was es auf der Vecht zu sehen gibt.\r\n<\/p>\n                    <a class=\"post-link\" href=\"https:\/\/florabatava.com\/de\/blog\/bootfahren-auf-der-vecht\/\">Lees<\/a>\n                <\/div>\n            <\/div>\n                        <div class=\"ohm-blog-post\">\n                <div class=\"post-image\">\n                    <a href=\"https:\/\/florabatava.com\/de\/blog\/vredevoetpad\/\">\n                        <img decoding=\"async\" class=\"ohm-img\" src=\"https:\/\/florabatava.com\/wp-content\/uploads\/2026\/04\/Vredevoetpad-header-scaled.jpg\" loading=\"lazy\" alt=\"Vredevoetpad\">\n                    <\/a>\n                <\/div>\n                <div class=\"post-content\">\n                    <a href=\"https:\/\/florabatava.com\/de\/blog\/vredevoetpad\/\">\n                        <h2 class=\"post-title\">Vredevoetpad<\/h2>\n                    <\/a>\n                    <p class=\"post-category\">Aktivit\u00e4ten<\/p>                    <p class=\"post-excerpt\">Der Vredevoetpad in Tienhoven ist ein abwechslungsreicher Wanderweg durch eine typisch holl\u00e4ndische Moorlandschaft. Man wandert an Teichen und Schilfg\u00fcrteln vorbei, wo man viele V\u00f6gel beobachten kann.\r\nEine sch\u00f6ne Route in der N\u00e4he des Hotels Flora Batava.<\/p>\n                    <a class=\"post-link\" href=\"https:\/\/florabatava.com\/de\/blog\/vredevoetpad\/\">Lees<\/a>\n                <\/div>\n            <\/div>\n            <\/div><div class=\"ohm-btn-wrapper\"><button \n                    id=\"load-more-posts\" \n                    data-nonce=\"a2b86d6936\"\n                    data-ajax-url=\"https:\/\/florabatava.com\/wp-admin\/admin-ajax.php\" \n                    data-page=\"1\" \n                    data-max-page=\"0\">Laad meer Blogs\n                <\/button><\/div>\t\t<div class=\"elementor-shortcode\"><\/div>\n\t\t\t\t\t\t<\/div>\n\t\t\t\t<\/div>\n\t\t\t\t\t<\/div>\n\t\t\t\t<\/div>\n\t\t\t\t<\/div>\n\t\t\t\t<\/div>\n\t\t","protected":false},"excerpt":{"rendered":"","protected":false},"author":27,"featured_media":0,"parent":0,"menu_order":0,"comment_status":"closed","ping_status":"closed","template":"","meta":{"_acf_changed":false,"footnotes":""},"class_list":["post-6051","page","type-page","status-publish","hentry"],"acf":[],"yoast_head":"<!-- This site is optimized with the Yoast SEO plugin v26.8 - https:\/\/yoast.com\/product\/yoast-seo-wordpress\/ -->\n<title>Blog - Flora Batava<\/title>\n<meta name=\"robots\" content=\"index, follow, max-snippet:-1, max-image-preview:large, max-video-preview:-1\" \/>\n<link rel=\"canonical\" href=\"https:\/\/florabatava.com\/de\/blog\/\" \/>\n<meta property=\"og:locale\" content=\"de_DE\" \/>\n<meta property=\"og:type\" content=\"article\" \/>\n<meta property=\"og:title\" content=\"Blog - Flora Batava\" \/>\n<meta property=\"og:url\" content=\"https:\/\/florabatava.com\/de\/blog\/\" \/>\n<meta property=\"og:site_name\" content=\"Flora Batava\" \/>\n<meta property=\"article:modified_time\" content=\"2026-05-05T07:49:24+00:00\" \/>\n<meta name=\"twitter:card\" content=\"summary_large_image\" \/>\n<script type=\"application\/ld+json\" class=\"yoast-schema-graph\">{\"@context\":\"https:\/\/schema.org\",\"@graph\":[{\"@type\":\"WebPage\",\"@id\":\"https:\/\/florabatava.com\/de\/blog\/\",\"url\":\"https:\/\/florabatava.com\/de\/blog\/\",\"name\":\"Blog - Flora Batava\",\"isPartOf\":{\"@id\":\"https:\/\/florabatava.com\/de\/#website\"},\"datePublished\":\"2026-04-08T21:57:26+00:00\",\"dateModified\":\"2026-05-05T07:49:24+00:00\",\"breadcrumb\":{\"@id\":\"https:\/\/florabatava.com\/de\/blog\/#breadcrumb\"},\"inLanguage\":\"de-DE\",\"potentialAction\":[{\"@type\":\"ReadAction\",\"target\":[\"https:\/\/florabatava.com\/de\/blog\/\"]}]},{\"@type\":\"BreadcrumbList\",\"@id\":\"https:\/\/florabatava.com\/de\/blog\/#breadcrumb\",\"itemListElement\":[{\"@type\":\"ListItem\",\"position\":1,\"name\":\"Home\",\"item\":\"https:\/\/florabatava.com\/de\/\"},{\"@type\":\"ListItem\",\"position\":2,\"name\":\"Blog\"}]},{\"@type\":\"WebSite\",\"@id\":\"https:\/\/florabatava.com\/de\/#website\",\"url\":\"https:\/\/florabatava.com\/de\/\",\"name\":\"Flora Batava\",\"description\":\"Flora Batava\",\"publisher\":{\"@id\":\"https:\/\/florabatava.com\/de\/#organization\"},\"potentialAction\":[{\"@type\":\"SearchAction\",\"target\":{\"@type\":\"EntryPoint\",\"urlTemplate\":\"https:\/\/florabatava.com\/de\/?s={search_term_string}\"},\"query-input\":{\"@type\":\"PropertyValueSpecification\",\"valueRequired\":true,\"valueName\":\"search_term_string\"}}],\"inLanguage\":\"de-DE\"},{\"@type\":\"Organization\",\"@id\":\"https:\/\/florabatava.com\/de\/#organization\",\"name\":\"Flora Batava\",\"url\":\"https:\/\/florabatava.com\/de\/\",\"logo\":{\"@type\":\"ImageObject\",\"inLanguage\":\"de-DE\",\"@id\":\"https:\/\/florabatava.com\/de\/#\/schema\/logo\/image\/\",\"url\":\"https:\/\/florabatava.com\/wp-content\/uploads\/2020\/06\/logo-flora-batava-compleet-zwart.svg\",\"contentUrl\":\"https:\/\/florabatava.com\/wp-content\/uploads\/2020\/06\/logo-flora-batava-compleet-zwart.svg\",\"width\":1,\"height\":1,\"caption\":\"Flora Batava\"},\"image\":{\"@id\":\"https:\/\/florabatava.com\/de\/#\/schema\/logo\/image\/\"}}]}<\/script>\n<!-- \/ Yoast SEO plugin. -->","yoast_head_json":{"title":"Blog - Flora Batava","robots":{"index":"index","follow":"follow","max-snippet":"max-snippet:-1","max-image-preview":"max-image-preview:large","max-video-preview":"max-video-preview:-1"},"canonical":"https:\/\/florabatava.com\/de\/blog\/","og_locale":"de_DE","og_type":"article","og_title":"Blog - Flora Batava","og_url":"https:\/\/florabatava.com\/de\/blog\/","og_site_name":"Flora Batava","article_modified_time":"2026-05-05T07:49:24+00:00","twitter_card":"summary_large_image","schema":{"@context":"https:\/\/schema.org","@graph":[{"@type":"WebPage","@id":"https:\/\/florabatava.com\/de\/blog\/","url":"https:\/\/florabatava.com\/de\/blog\/","name":"Blog - Flora Batava","isPartOf":{"@id":"https:\/\/florabatava.com\/de\/#website"},"datePublished":"2026-04-08T21:57:26+00:00","dateModified":"2026-05-05T07:49:24+00:00","breadcrumb":{"@id":"https:\/\/florabatava.com\/de\/blog\/#breadcrumb"},"inLanguage":"de-DE","potentialAction":[{"@type":"ReadAction","target":["https:\/\/florabatava.com\/de\/blog\/"]}]},{"@type":"BreadcrumbList","@id":"https:\/\/florabatava.com\/de\/blog\/#breadcrumb","itemListElement":[{"@type":"ListItem","position":1,"name":"Home","item":"https:\/\/florabatava.com\/de\/"},{"@type":"ListItem","position":2,"name":"Blog"}]},{"@type":"WebSite","@id":"https:\/\/florabatava.com\/de\/#website","url":"https:\/\/florabatava.com\/de\/","name":"Flora Batava","description":"Flora Batava","publisher":{"@id":"https:\/\/florabatava.com\/de\/#organization"},"potentialAction":[{"@type":"SearchAction","target":{"@type":"EntryPoint","urlTemplate":"https:\/\/florabatava.com\/de\/?s={search_term_string}"},"query-input":{"@type":"PropertyValueSpecification","valueRequired":true,"valueName":"search_term_string"}}],"inLanguage":"de-DE"},{"@type":"Organization","@id":"https:\/\/florabatava.com\/de\/#organization","name":"Flora Batava","url":"https:\/\/florabatava.com\/de\/","logo":{"@type":"ImageObject","inLanguage":"de-DE","@id":"https:\/\/florabatava.com\/de\/#\/schema\/logo\/image\/","url":"https:\/\/florabatava.com\/wp-content\/uploads\/2020\/06\/logo-flora-batava-compleet-zwart.svg","contentUrl":"https:\/\/florabatava.com\/wp-content\/uploads\/2020\/06\/logo-flora-batava-compleet-zwart.svg","width":1,"height":1,"caption":"Flora Batava"},"image":{"@id":"https:\/\/florabatava.com\/de\/#\/schema\/logo\/image\/"}}]}},"_links":{"self":[{"href":"https:\/\/florabatava.com\/de\/wp-json\/wp\/v2\/pages\/6051","targetHints":{"allow":["GET"]}}],"collection":[{"href":"https:\/\/florabatava.com\/de\/wp-json\/wp\/v2\/pages"}],"about":[{"href":"https:\/\/florabatava.com\/de\/wp-json\/wp\/v2\/types\/page"}],"author":[{"embeddable":true,"href":"https:\/\/florabatava.com\/de\/wp-json\/wp\/v2\/users\/27"}],"replies":[{"embeddable":true,"href":"https:\/\/florabatava.com\/de\/wp-json\/wp\/v2\/comments?post=6051"}],"version-history":[{"count":0,"href":"https:\/\/florabatava.com\/de\/wp-json\/wp\/v2\/pages\/6051\/revisions"}],"wp:attachment":[{"href":"https:\/\/florabatava.com\/de\/wp-json\/wp\/v2\/media?parent=6051"}],"curies":[{"name":"wp","href":"https:\/\/api.w.org\/{rel}","templated":true}]}}