{"id":6057,"date":"2026-04-08T23:19:56","date_gmt":"2026-04-08T23:19:56","guid":{"rendered":"https:\/\/florabatava.com\/gruener-schluessel\/"},"modified":"2026-04-08T23:19:57","modified_gmt":"2026-04-08T23:19:57","slug":"gruener-schluessel","status":"publish","type":"page","link":"https:\/\/florabatava.com\/de\/gruener-schluessel\/","title":{"rendered":"gr\u00fcner Schl\u00fcssel"},"content":{"rendered":"\t\t<div data-elementor-type=\"wp-page\" data-elementor-id=\"6057\" class=\"elementor elementor-6057 elementor-4181\" data-elementor-post-type=\"page\">\n\t\t\t\t\t\t<section data-particle_enable=\"false\" data-particle-mobile-disabled=\"false\" class=\"elementor-section elementor-top-section elementor-element elementor-element-49d3c94 elementor-section-height-min-height elementor-section-items-top hero-image elementor-section-boxed elementor-section-height-default\" data-id=\"49d3c94\" data-element_type=\"section\" data-settings=\"{&quot;background_background&quot;:&quot;classic&quot;}\">\n\t\t\t\t\t\t<div class=\"elementor-container elementor-column-gap-default\">\n\t\t\t\t\t<div class=\"elementor-column elementor-col-100 elementor-top-column elementor-element elementor-element-c3ab5f1\" data-id=\"c3ab5f1\" data-element_type=\"column\">\n\t\t\t<div class=\"elementor-widget-wrap\">\n\t\t\t\t\t\t\t<\/div>\n\t\t<\/div>\n\t\t\t\t\t<\/div>\n\t\t<\/section>\n\t\t\t\t<section data-particle_enable=\"false\" data-particle-mobile-disabled=\"false\" class=\"elementor-section elementor-top-section elementor-element elementor-element-d920345 intro-text-middle  elementor-section-full_width elementor-section-height-default elementor-section-height-default\" data-id=\"d920345\" data-element_type=\"section\">\n\t\t\t\t\t\t<div class=\"elementor-container elementor-column-gap-default\">\n\t\t\t\t\t<div class=\"elementor-column elementor-col-100 elementor-top-column elementor-element elementor-element-dac1729\" data-id=\"dac1729\" data-element_type=\"column\">\n\t\t\t<div class=\"elementor-widget-wrap elementor-element-populated\">\n\t\t\t\t\t\t<div class=\"elementor-element elementor-element-2da8a94 elementor-widget elementor-widget-heading\" data-id=\"2da8a94\" data-element_type=\"widget\" data-widget_type=\"heading.default\">\n\t\t\t\t<div class=\"elementor-widget-container\">\n\t\t\t\t\t<h2 class=\"elementor-heading-title elementor-size-default\">Gesellschaftlich verantwortliches Unternehmertum<\/h2>\t\t\t\t<\/div>\n\t\t\t\t<\/div>\n\t\t\t\t<div class=\"elementor-element elementor-element-41dc481 elementor-widget elementor-widget-text-editor\" data-id=\"41dc481\" data-element_type=\"widget\" data-widget_type=\"text-editor.default\">\n\t\t\t\t<div class=\"elementor-widget-container\">\n\t\t\t\t\t\t\t\t\t<p>Bei Flora Batava setzen wir uns jeden Tag daf\u00fcr ein, eine gastfreundliche und kulinarische Erfahrung in unserem Hotel, Restaurant und in den Tagungsr\u00e4umen zu bieten. Wir erledigen unsere Arbeit mit Aufmerksamkeit f\u00fcr den Menschen, die Natur und die Umwelt. Das gesamte Team strebt nach einer m\u00f6glichst nachhaltigen Unternehmensf\u00fchrung und versucht, unsere negative Auswirkung auf die Umwelt immer mehr zu verringern.<\/p>\n<p>Dar\u00fcber hinaus m\u00f6chten wir gerne einen positiven Beitrag zur Gesellschaft leisten, zum Beispiel durch intensive Zusammenarbeit mit der lokalen Umgebung, durch Betreuung von Studierenden und durch die Unterst\u00fctzung lokaler kultureller und sportlicher Veranstaltungen.<\/p>\n<p><strong>Die Renovierung des Landguts zum Hotel<\/strong><\/p>\n<p>Im Jahr 2019 wurde mit der Restaurierung und Renovierung des Landguts begonnen. Das Landgut war \u00fcber viele Jahre verfallen. Indem dem Landgut eine neue Funktion als Hotel gegeben wurde, haben wir diesem kulturellen Erbe eine neue Zukunft gegeben. Dabei wurde gro\u00dfer Wert auf nachhaltiges Bauen gelegt. In dem denkmalgesch\u00fctzten Geb\u00e4ude und den \u00fcbrigen Geb\u00e4uden wurden alle Installationen vollst\u00e4ndig ersetzt, wobei nachhaltige Alternativen gew\u00e4hlt wurden. Alle D\u00e4cher wurden vollst\u00e4ndig restauriert und mit hervorragender Isolierung versehen.<\/p>\n<p><strong>Die Begrenzung des Energieverbrauchs<\/strong><\/p>\n<p>Es wurden Solarpanels und W\u00e4rmepumpen installiert. Dar\u00fcber hinaus wurden verschiedene Ma\u00dfnahmen gegen die Verschwendung von Wasser und Strom getroffen. Wir haben Energiesparer in den Hotelzimmern installiert. Wir haben klare Vereinbarungen mit unserem Personal getroffen, unter anderem \u00fcber das Ausschalten von Ger\u00e4ten und Beleuchtung, das Schlie\u00dfen von T\u00fcren und Fenstern und das Ausschalten der Klimaanlagen in nicht belegten Zimmern. Wir verzichten bewusst auf Terrassenheizungen und an verschiedenen Stellen haben wir automatische Beleuchtung.<\/p>\n<p><strong>Bewusst einkaufen<\/strong><\/p>\n<p>Bei unserem Einkauf f\u00fcr das Hotel und das Restaurant ber\u00fccksichtigen wir die Umwelt. Wir kaufen Produkte bei lokalen Lieferanten und beim Gro\u00dfhandel. Wir begrenzen die Anzahl der Lieferanten, um so wenig Transportbewegungen wie m\u00f6glich zu verursachen. Wir verwenden Glaswasserflaschen in Zusammenarbeit mit Made Blue. Jede 500-ml-Flasche sorgt f\u00fcr 50 Liter sauberes Trinkwasser in Entwicklungsl\u00e4ndern. Wir kaufen so wenig Mono-Verpackungen wie m\u00f6glich. Unser Shampoo und Duschgel sind daher in Gro\u00dfverpackungen auf den Zimmern vorhanden. Wir verwenden biologische Reinigungsmittel und nutzen so wenig Einwegverpackungen wie m\u00f6glich.<\/p>\n<p>Unsere Arbeitsweise in der K\u00fcche ist darauf ausgerichtet, Lebensmittelverschwendung so weit wie m\u00f6glich zu reduzieren.<\/p>\n<p><strong>Abfalltrennung<\/strong><\/p>\n<p>Wir setzen uns das Ziel, unseren Abfall zu trennen und zu reduzieren. Der Abfall wird in die Str\u00f6me Glas, Karton\/Papier, Kunststoff, Speisereste, Gartenabf\u00e4lle und Restm\u00fcll getrennt.<\/p>\n\t\t\t\t\t\t\t\t<\/div>\n\t\t\t\t<\/div>\n\t\t\t\t\t<\/div>\n\t\t<\/div>\n\t\t\t\t\t<\/div>\n\t\t<\/section>\n\t\t\t\t<section data-particle_enable=\"false\" data-particle-mobile-disabled=\"false\" class=\"elementor-section elementor-top-section elementor-element elementor-element-2b72d89 img-left-text-right-out ohm-section-standard-padding elementor-section-boxed elementor-section-height-default elementor-section-height-default\" data-id=\"2b72d89\" data-element_type=\"section\" data-settings=\"{&quot;background_background&quot;:&quot;classic&quot;}\">\n\t\t\t\t\t\t<div class=\"elementor-container elementor-column-gap-default\">\n\t\t\t\t\t<div class=\"elementor-column elementor-col-100 elementor-top-column elementor-element elementor-element-eb73b48 ohm-background-img-right\" data-id=\"eb73b48\" data-element_type=\"column\" data-settings=\"{&quot;background_background&quot;:&quot;classic&quot;}\">\n\t\t\t<div class=\"elementor-widget-wrap elementor-element-populated\">\n\t\t\t\t\t\t<section data-particle_enable=\"false\" data-particle-mobile-disabled=\"false\" class=\"elementor-section elementor-inner-section elementor-element elementor-element-75571f6 img-left-text-right-in elementor-section-boxed elementor-section-height-default elementor-section-height-default\" data-id=\"75571f6\" data-element_type=\"section\">\n\t\t\t\t\t\t<div class=\"elementor-container elementor-column-gap-default\">\n\t\t\t\t\t<div class=\"elementor-column elementor-col-50 elementor-inner-column elementor-element elementor-element-678e55f img-left\" data-id=\"678e55f\" data-element_type=\"column\">\n\t\t\t<div class=\"elementor-widget-wrap elementor-element-populated\">\n\t\t\t\t\t\t<div class=\"elementor-element elementor-element-00ea102 elementor-pagination-position-inside elementor-arrows-position-inside elementor-widget elementor-widget-image-carousel\" data-id=\"00ea102\" data-element_type=\"widget\" data-settings=\"{&quot;slides_to_show&quot;:&quot;1&quot;,&quot;autoplay&quot;:&quot;no&quot;,&quot;navigation&quot;:&quot;both&quot;,&quot;infinite&quot;:&quot;yes&quot;,&quot;effect&quot;:&quot;slide&quot;,&quot;speed&quot;:500}\" data-widget_type=\"image-carousel.default\">\n\t\t\t\t<div class=\"elementor-widget-container\">\n\t\t\t\t\t\t\t<div class=\"elementor-image-carousel-wrapper swiper\" role=\"region\" aria-roledescription=\"carousel\" aria-label=\"Bild Karussell\" dir=\"ltr\">\n\t\t\t<div class=\"elementor-image-carousel swiper-wrapper\" aria-live=\"polite\">\n\t\t\t\t\t\t\t\t<div class=\"swiper-slide\" role=\"group\" aria-roledescription=\"slide\" aria-label=\"1 von 1\"><a data-elementor-open-lightbox=\"yes\" data-elementor-lightbox-slideshow=\"00ea102\" data-elementor-lightbox-title=\"gk2\" data-e-action-hash=\"#elementor-action%3Aaction%3Dlightbox%26settings%3DeyJpZCI6NDIxMywidXJsIjoiaHR0cHM6XC9cL2Zsb3JhYmF0YXZhLmNvbVwvd3AtY29udGVudFwvdXBsb2Fkc1wvMjAyM1wvMDJcL2drMi0zLmpwZWciLCJzbGlkZXNob3ciOiIwMGVhMTAyIn0%3D\" href=\"https:\/\/florabatava.com\/wp-content\/uploads\/2023\/02\/gk2-3.jpeg\"><figure class=\"swiper-slide-inner\"><img decoding=\"async\" class=\"swiper-slide-image\" src=\"https:\/\/florabatava.com\/wp-content\/uploads\/2023\/02\/gk2-3-886x620.jpeg\" alt=\"gk2\" \/><\/figure><\/a><\/div>\t\t\t<\/div>\n\t\t\t\t\t<\/div>\n\t\t\t\t\t\t<\/div>\n\t\t\t\t<\/div>\n\t\t\t\t\t<\/div>\n\t\t<\/div>\n\t\t\t\t<div class=\"elementor-column elementor-col-50 elementor-inner-column elementor-element elementor-element-9a648ff text-right\" data-id=\"9a648ff\" data-element_type=\"column\" data-settings=\"{&quot;background_background&quot;:&quot;classic&quot;}\">\n\t\t\t<div class=\"elementor-widget-wrap elementor-element-populated\">\n\t\t\t\t\t\t<div class=\"elementor-element elementor-element-e3f746f elementor-widget elementor-widget-heading\" data-id=\"e3f746f\" data-element_type=\"widget\" data-widget_type=\"heading.default\">\n\t\t\t\t<div class=\"elementor-widget-container\">\n\t\t\t\t\t<h4 class=\"elementor-heading-title elementor-size-default\">gr\u00fcner Schl\u00fcssel<\/h4>\t\t\t\t<\/div>\n\t\t\t\t<\/div>\n\t\t\t\t<div class=\"elementor-element elementor-element-3dd30e8 elementor-widget elementor-widget-heading\" data-id=\"3dd30e8\" data-element_type=\"widget\" data-widget_type=\"heading.default\">\n\t\t\t\t<div class=\"elementor-widget-container\">\n\t\t\t\t\t<h5 class=\"elementor-heading-title elementor-size-default\">ein Standard der Exzellenz<\/h5>\t\t\t\t<\/div>\n\t\t\t\t<\/div>\n\t\t\t\t<div class=\"elementor-element elementor-element-f99b304 elementor-widget elementor-widget-text-editor\" data-id=\"f99b304\" data-element_type=\"widget\" data-widget_type=\"text-editor.default\">\n\t\t\t\t<div class=\"elementor-widget-container\">\n\t\t\t\t\t\t\t\t\t<p>Green Key ist das internationale Nachhaltigkeitssiegel f\u00fcr Hotels. Dieses Siegel wird Unternehmen verliehen, die sich f\u00fcr ein nachhaltiges Unternehmen einsetzen, ohne dass dabei die Qualit\u00e4t f\u00fcr die G\u00e4ste leidet. Flora Batava hat sich zum Ziel gesetzt, innerhalb absehbarer Zeit das goldene Green Key-Siegel zu erhalten.<\/p>\n\t\t\t\t\t\t\t\t<\/div>\n\t\t\t\t<\/div>\n\t\t\t\t<div class=\"elementor-element elementor-element-3404a1e grey-btn elementor-widget elementor-widget-button\" data-id=\"3404a1e\" data-element_type=\"widget\" data-widget_type=\"button.default\">\n\t\t\t\t<div class=\"elementor-widget-container\">\n\t\t\t\t\t\t\t\t\t<div class=\"elementor-button-wrapper\">\n\t\t\t\t\t<a class=\"elementor-button elementor-button-link elementor-size-sm\" href=\"https:\/\/www.greenkey.nl\/\" target=\"_blank\">\n\t\t\t\t\t\t<span class=\"elementor-button-content-wrapper\">\n\t\t\t\t\t\t\t\t\t<span class=\"elementor-button-text\">Mehr lesen<\/span>\n\t\t\t\t\t<\/span>\n\t\t\t\t\t<\/a>\n\t\t\t\t<\/div>\n\t\t\t\t\t\t\t\t<\/div>\n\t\t\t\t<\/div>\n\t\t\t\t\t<\/div>\n\t\t<\/div>\n\t\t\t\t\t<\/div>\n\t\t<\/section>\n\t\t\t\t\t<\/div>\n\t\t<\/div>\n\t\t\t\t\t<\/div>\n\t\t<\/section>\n\t\t\t\t<\/div>\n\t\t","protected":false},"excerpt":{"rendered":"<p>Gesellschaftlich verantwortliches Unternehmertum Bei Flora Batava setzen wir uns jeden Tag daf\u00fcr ein, eine gastfreundliche und kulinarische Erfahrung in unserem Hotel, Restaurant und in den Tagungsr\u00e4umen zu bieten. Wir erledigen unsere Arbeit mit Aufmerksamkeit f\u00fcr den Menschen, die Natur und die Umwelt. Das gesamte Team strebt nach einer m\u00f6glichst nachhaltigen Unternehmensf\u00fchrung und versucht, unsere negative [&hellip;]<\/p>\n","protected":false},"author":29,"featured_media":0,"parent":0,"menu_order":0,"comment_status":"closed","ping_status":"closed","template":"","meta":{"_acf_changed":false,"footnotes":""},"class_list":["post-6057","page","type-page","status-publish","hentry"],"acf":[],"yoast_head":"<!-- This site is optimized with the Yoast SEO plugin v26.8 - https:\/\/yoast.com\/product\/yoast-seo-wordpress\/ -->\n<title>gr\u00fcner Schl\u00fcssel - Hotel Flora Batava Nieuwersluis<\/title>\n<meta name=\"description\" content=\"Ihre Privatsph\u00e4re ist uns wichtig. Die Richtlinie des Hotel Flora Batava dient dazu, Ihre Privatsph\u00e4re in Bezug auf alle Informationen, die wir sammeln, zu respektieren.\" \/>\n<meta name=\"robots\" content=\"index, follow, max-snippet:-1, max-image-preview:large, max-video-preview:-1\" \/>\n<link rel=\"canonical\" href=\"https:\/\/florabatava.com\/de\/gruener-schluessel\/\" \/>\n<meta property=\"og:locale\" content=\"de_DE\" \/>\n<meta property=\"og:type\" content=\"article\" \/>\n<meta property=\"og:title\" content=\"gr\u00fcner Schl\u00fcssel - Hotel Flora Batava Nieuwersluis\" \/>\n<meta property=\"og:description\" content=\"Ihre Privatsph\u00e4re ist uns wichtig. Die Richtlinie des Hotel Flora Batava dient dazu, Ihre Privatsph\u00e4re in Bezug auf alle Informationen, die wir sammeln, zu respektieren.\" \/>\n<meta property=\"og:url\" content=\"https:\/\/florabatava.com\/de\/gruener-schluessel\/\" \/>\n<meta property=\"og:site_name\" content=\"Flora Batava\" \/>\n<meta property=\"article:modified_time\" content=\"2026-04-08T23:19:57+00:00\" \/>\n<meta property=\"og:image\" content=\"https:\/\/florabatava.com\/wp-content\/uploads\/2023\/02\/gk2-3-886x620.jpeg\" \/>\n<meta name=\"twitter:card\" content=\"summary_large_image\" \/>\n<meta name=\"twitter:label1\" content=\"Gesch\u00e4tzte Lesezeit\" \/>\n\t<meta name=\"twitter:data1\" content=\"2 Minuten\" \/>\n<script type=\"application\/ld+json\" class=\"yoast-schema-graph\">{\"@context\":\"https:\/\/schema.org\",\"@graph\":[{\"@type\":\"WebPage\",\"@id\":\"https:\/\/florabatava.com\/de\/gruener-schluessel\/\",\"url\":\"https:\/\/florabatava.com\/de\/gruener-schluessel\/\",\"name\":\"gr\u00fcner Schl\u00fcssel - Hotel Flora Batava Nieuwersluis\",\"isPartOf\":{\"@id\":\"https:\/\/florabatava.com\/de\/#website\"},\"primaryImageOfPage\":{\"@id\":\"https:\/\/florabatava.com\/de\/gruener-schluessel\/#primaryimage\"},\"image\":{\"@id\":\"https:\/\/florabatava.com\/de\/gruener-schluessel\/#primaryimage\"},\"thumbnailUrl\":\"https:\/\/florabatava.com\/wp-content\/uploads\/2023\/02\/gk2-3-886x620.jpeg\",\"datePublished\":\"2026-04-08T23:19:56+00:00\",\"dateModified\":\"2026-04-08T23:19:57+00:00\",\"description\":\"Ihre Privatsph\u00e4re ist uns wichtig. Die Richtlinie des Hotel Flora Batava dient dazu, Ihre Privatsph\u00e4re in Bezug auf alle Informationen, die wir sammeln, zu respektieren.\",\"breadcrumb\":{\"@id\":\"https:\/\/florabatava.com\/de\/gruener-schluessel\/#breadcrumb\"},\"inLanguage\":\"de-DE\",\"potentialAction\":[{\"@type\":\"ReadAction\",\"target\":[\"https:\/\/florabatava.com\/de\/gruener-schluessel\/\"]}]},{\"@type\":\"ImageObject\",\"inLanguage\":\"de-DE\",\"@id\":\"https:\/\/florabatava.com\/de\/gruener-schluessel\/#primaryimage\",\"url\":\"https:\/\/florabatava.com\/wp-content\/uploads\/2023\/02\/gk2-3-886x620.jpeg\",\"contentUrl\":\"https:\/\/florabatava.com\/wp-content\/uploads\/2023\/02\/gk2-3-886x620.jpeg\"},{\"@type\":\"BreadcrumbList\",\"@id\":\"https:\/\/florabatava.com\/de\/gruener-schluessel\/#breadcrumb\",\"itemListElement\":[{\"@type\":\"ListItem\",\"position\":1,\"name\":\"Home\",\"item\":\"https:\/\/florabatava.com\/de\/\"},{\"@type\":\"ListItem\",\"position\":2,\"name\":\"gr\u00fcner Schl\u00fcssel\"}]},{\"@type\":\"WebSite\",\"@id\":\"https:\/\/florabatava.com\/de\/#website\",\"url\":\"https:\/\/florabatava.com\/de\/\",\"name\":\"Flora Batava\",\"description\":\"Flora Batava\",\"publisher\":{\"@id\":\"https:\/\/florabatava.com\/de\/#organization\"},\"potentialAction\":[{\"@type\":\"SearchAction\",\"target\":{\"@type\":\"EntryPoint\",\"urlTemplate\":\"https:\/\/florabatava.com\/de\/?s={search_term_string}\"},\"query-input\":{\"@type\":\"PropertyValueSpecification\",\"valueRequired\":true,\"valueName\":\"search_term_string\"}}],\"inLanguage\":\"de-DE\"},{\"@type\":\"Organization\",\"@id\":\"https:\/\/florabatava.com\/de\/#organization\",\"name\":\"Flora Batava\",\"url\":\"https:\/\/florabatava.com\/de\/\",\"logo\":{\"@type\":\"ImageObject\",\"inLanguage\":\"de-DE\",\"@id\":\"https:\/\/florabatava.com\/de\/#\/schema\/logo\/image\/\",\"url\":\"https:\/\/florabatava.com\/wp-content\/uploads\/2020\/06\/logo-flora-batava-compleet-zwart.svg\",\"contentUrl\":\"https:\/\/florabatava.com\/wp-content\/uploads\/2020\/06\/logo-flora-batava-compleet-zwart.svg\",\"width\":1,\"height\":1,\"caption\":\"Flora Batava\"},\"image\":{\"@id\":\"https:\/\/florabatava.com\/de\/#\/schema\/logo\/image\/\"}}]}<\/script>\n<!-- \/ Yoast SEO plugin. -->","yoast_head_json":{"title":"gr\u00fcner Schl\u00fcssel - Hotel Flora Batava Nieuwersluis","description":"Ihre Privatsph\u00e4re ist uns wichtig. Die Richtlinie des Hotel Flora Batava dient dazu, Ihre Privatsph\u00e4re in Bezug auf alle Informationen, die wir sammeln, zu respektieren.","robots":{"index":"index","follow":"follow","max-snippet":"max-snippet:-1","max-image-preview":"max-image-preview:large","max-video-preview":"max-video-preview:-1"},"canonical":"https:\/\/florabatava.com\/de\/gruener-schluessel\/","og_locale":"de_DE","og_type":"article","og_title":"gr\u00fcner Schl\u00fcssel - Hotel Flora Batava Nieuwersluis","og_description":"Ihre Privatsph\u00e4re ist uns wichtig. Die Richtlinie des Hotel Flora Batava dient dazu, Ihre Privatsph\u00e4re in Bezug auf alle Informationen, die wir sammeln, zu respektieren.","og_url":"https:\/\/florabatava.com\/de\/gruener-schluessel\/","og_site_name":"Flora Batava","article_modified_time":"2026-04-08T23:19:57+00:00","og_image":[{"url":"https:\/\/florabatava.com\/wp-content\/uploads\/2023\/02\/gk2-3-886x620.jpeg","type":"","width":"","height":""}],"twitter_card":"summary_large_image","twitter_misc":{"Gesch\u00e4tzte Lesezeit":"2 Minuten"},"schema":{"@context":"https:\/\/schema.org","@graph":[{"@type":"WebPage","@id":"https:\/\/florabatava.com\/de\/gruener-schluessel\/","url":"https:\/\/florabatava.com\/de\/gruener-schluessel\/","name":"gr\u00fcner Schl\u00fcssel - Hotel Flora Batava Nieuwersluis","isPartOf":{"@id":"https:\/\/florabatava.com\/de\/#website"},"primaryImageOfPage":{"@id":"https:\/\/florabatava.com\/de\/gruener-schluessel\/#primaryimage"},"image":{"@id":"https:\/\/florabatava.com\/de\/gruener-schluessel\/#primaryimage"},"thumbnailUrl":"https:\/\/florabatava.com\/wp-content\/uploads\/2023\/02\/gk2-3-886x620.jpeg","datePublished":"2026-04-08T23:19:56+00:00","dateModified":"2026-04-08T23:19:57+00:00","description":"Ihre Privatsph\u00e4re ist uns wichtig. Die Richtlinie des Hotel Flora Batava dient dazu, Ihre Privatsph\u00e4re in Bezug auf alle Informationen, die wir sammeln, zu respektieren.","breadcrumb":{"@id":"https:\/\/florabatava.com\/de\/gruener-schluessel\/#breadcrumb"},"inLanguage":"de-DE","potentialAction":[{"@type":"ReadAction","target":["https:\/\/florabatava.com\/de\/gruener-schluessel\/"]}]},{"@type":"ImageObject","inLanguage":"de-DE","@id":"https:\/\/florabatava.com\/de\/gruener-schluessel\/#primaryimage","url":"https:\/\/florabatava.com\/wp-content\/uploads\/2023\/02\/gk2-3-886x620.jpeg","contentUrl":"https:\/\/florabatava.com\/wp-content\/uploads\/2023\/02\/gk2-3-886x620.jpeg"},{"@type":"BreadcrumbList","@id":"https:\/\/florabatava.com\/de\/gruener-schluessel\/#breadcrumb","itemListElement":[{"@type":"ListItem","position":1,"name":"Home","item":"https:\/\/florabatava.com\/de\/"},{"@type":"ListItem","position":2,"name":"gr\u00fcner Schl\u00fcssel"}]},{"@type":"WebSite","@id":"https:\/\/florabatava.com\/de\/#website","url":"https:\/\/florabatava.com\/de\/","name":"Flora Batava","description":"Flora Batava","publisher":{"@id":"https:\/\/florabatava.com\/de\/#organization"},"potentialAction":[{"@type":"SearchAction","target":{"@type":"EntryPoint","urlTemplate":"https:\/\/florabatava.com\/de\/?s={search_term_string}"},"query-input":{"@type":"PropertyValueSpecification","valueRequired":true,"valueName":"search_term_string"}}],"inLanguage":"de-DE"},{"@type":"Organization","@id":"https:\/\/florabatava.com\/de\/#organization","name":"Flora Batava","url":"https:\/\/florabatava.com\/de\/","logo":{"@type":"ImageObject","inLanguage":"de-DE","@id":"https:\/\/florabatava.com\/de\/#\/schema\/logo\/image\/","url":"https:\/\/florabatava.com\/wp-content\/uploads\/2020\/06\/logo-flora-batava-compleet-zwart.svg","contentUrl":"https:\/\/florabatava.com\/wp-content\/uploads\/2020\/06\/logo-flora-batava-compleet-zwart.svg","width":1,"height":1,"caption":"Flora Batava"},"image":{"@id":"https:\/\/florabatava.com\/de\/#\/schema\/logo\/image\/"}}]}},"_links":{"self":[{"href":"https:\/\/florabatava.com\/de\/wp-json\/wp\/v2\/pages\/6057","targetHints":{"allow":["GET"]}}],"collection":[{"href":"https:\/\/florabatava.com\/de\/wp-json\/wp\/v2\/pages"}],"about":[{"href":"https:\/\/florabatava.com\/de\/wp-json\/wp\/v2\/types\/page"}],"author":[{"embeddable":true,"href":"https:\/\/florabatava.com\/de\/wp-json\/wp\/v2\/users\/29"}],"replies":[{"embeddable":true,"href":"https:\/\/florabatava.com\/de\/wp-json\/wp\/v2\/comments?post=6057"}],"version-history":[{"count":0,"href":"https:\/\/florabatava.com\/de\/wp-json\/wp\/v2\/pages\/6057\/revisions"}],"wp:attachment":[{"href":"https:\/\/florabatava.com\/de\/wp-json\/wp\/v2\/media?parent=6057"}],"curies":[{"name":"wp","href":"https:\/\/api.w.org\/{rel}","templated":true}]}}